{"id":29412,"date":"2025-08-05T10:51:35","date_gmt":"2025-08-05T10:51:35","guid":{"rendered":"https:\/\/generaldecontenedores.com\/?page_id=29412"},"modified":"2025-08-14T14:12:29","modified_gmt":"2025-08-14T14:12:29","slug":"contenedores-frigorificos","status":"publish","type":"page","link":"https:\/\/generaldecontenedores.com\/fr\/contenedores-frigorificos\/","title":{"rendered":"Conteneurs r\u00e9frig\u00e9r\u00e9s"},"content":{"rendered":"<div class=\"woocommerce columns-3\">\n\t\t<div class=\"wd-products-per-page\">\n\t\t\t<span class=\"wd-label per-page-title\">\n\t\t\t\tAfficher\t\t\t<\/span>\n\n\t\t\t\t\t\t\t\t\t\t\t<a rel=\"nofollow noopener\" href=\"?per_page=9\" class=\"per-page-variation\">\n\t\t\t\t\t<span>\n\t\t\t\t\t\t9\t\t\t\t\t<\/span>\n\t\t\t\t<\/a>\n\t\t\t\t<span class=\"per-page-border\"><\/span>\n\t\t\t\t\t\t\t\t\t\t\t<a rel=\"nofollow noopener\" href=\"?per_page=12\" class=\"per-page-variation current-variation\">\n\t\t\t\t\t<span>\n\t\t\t\t\t\t12\t\t\t\t\t<\/span>\n\t\t\t\t<\/a>\n\t\t\t\t<span class=\"per-page-border\"><\/span>\n\t\t\t\t\t\t\t\t\t\t\t<a rel=\"nofollow noopener\" href=\"?per_page=18\" class=\"per-page-variation\">\n\t\t\t\t\t<span>\n\t\t\t\t\t\t18\t\t\t\t\t<\/span>\n\t\t\t\t<\/a>\n\t\t\t\t<span class=\"per-page-border\"><\/span>\n\t\t\t\t\t\t\t\t\t\t\t<a rel=\"nofollow noopener\" href=\"?per_page=24\" class=\"per-page-variation\">\n\t\t\t\t\t<span>\n\t\t\t\t\t\t24\t\t\t\t\t<\/span>\n\t\t\t\t<\/a>\n\t\t\t\t<span class=\"per-page-border\"><\/span>\n\t\t\t\t\t<\/div>\n\t\t\t\t<div class=\"wd-products-shop-view products-view-grid\">\n\t\t\t\n\t\t\t\t\t\t\t\t\t\t\t\t\n\t\t\t\t\t\t\t\t\t\t<a rel=\"nofollow noopener\" href=\"?shop_view=grid&#038;per_row=2\" class=\"shop-view per-row-2\" aria-label=\"Vue en grille 2\"><\/a>\n\t\t\t\t\t\t\t\t\t\n\t\t\t\t\t\t\t\t\t\t<a rel=\"nofollow noopener\" href=\"?shop_view=grid&#038;per_row=3\" class=\"shop-view current-variation per-row-3\" aria-label=\"Vue en grille 3\"><\/a>\n\t\t\t\t\t\t\t\t\t\n\t\t\t\t\t\t\t\t\t\t<a rel=\"nofollow noopener\" href=\"?shop_view=grid&#038;per_row=4\" class=\"shop-view per-row-4\" aria-label=\"Vue en grille 4\"><\/a>\n\t\t\t\t\t\t\t\t\t<\/div>\n\t\t<form class=\"woocommerce-ordering wd-style-underline wd-ordering-mb-icon\" method=\"get\" action=\"\">\n\t\t\t<select name=\"orderby\" class=\"orderby\" aria-label=\"Commande\" data-no-translation-aria-label=\"\">\n\t\t\t\t\t\t\t<option value=\"menu_order\"  selected='selected' data-no-translation=\"\" data-trp-gettext=\"\">Tri par d\u00e9faut<\/option>\n\t\t\t\t\t\t\t<option value=\"popularity\" data-no-translation=\"\" data-trp-gettext=\"\" >Tri par popularit\u00e9<\/option>\n\t\t\t\t\t\t\t<option value=\"rating\" data-no-translation=\"\" data-trp-gettext=\"\" >Tri par notes moyennes<\/option>\n\t\t\t\t\t\t\t<option value=\"date\" data-no-translation=\"\" data-trp-gettext=\"\" >Tri du plus r\u00e9cent au plus ancien<\/option>\n\t\t\t\t\t\t\t<option value=\"price\" data-no-translation=\"\" data-trp-gettext=\"\" >Tri par tarif croissant<\/option>\n\t\t\t\t\t\t\t<option value=\"price-desc\" data-no-translation=\"\" data-trp-gettext=\"\" >Tri par tarif d\u00e9croissant<\/option>\n\t\t\t\t\t<\/select>\n\t\t<input type=\"hidden\" name=\"paged\" value=\"1\" \/>\n\t\t\t<input type=\"hidden\" name=\"trp-form-language\" value=\"fr\"\/><\/form>\n<div class=\"wd-products-element\">\t\t\t<div class=\"wd-sticky-loader wd-content-loader\"><span class=\"wd-loader\"><\/span><\/div>\n\t\t\n<div class=\"products wd-products wd-grid-g grid-columns-3 elements-grid pagination-pagination\" data-source=\"main_loop\" data-min_price=\"\" data-max_price=\"\" data-columns=\"3\" style=\"--wd-col-lg:3;--wd-col-md:3;--wd-col-sm:2;--wd-gap-lg:20px;--wd-gap-sm:10px;\">\n<div class=\"wd-product wd-hover-button wd-col product-grid-item product type-product post-29372 status-publish instock product_cat-contenedor-frigorifico has-post-thumbnail taxable shipping-taxable purchasable product-type-variable has-default-attributes\" data-loop=\"1\" data-id=\"29372\">\n\t\n\t\n<div class=\"product-wrapper\">\n\t<div class=\"product-element-top wd-quick-shop\">\n\t\t<a href=\"https:\/\/generaldecontenedores.com\/fr\/shop\/contenedor-frigorifico\/contenedor-frigorifico-40-pies\/\" class=\"product-image-link\" tabindex=\"-1\" aria-label=\"Conteneur r\u00e9frig\u00e9r\u00e9 40 pieds\">\n\t\t\t<img loading=\"lazy\" decoding=\"async\" width=\"430\" height=\"430\" src=\"https:\/\/generaldecontenedores.com\/wp-content\/uploads\/2025\/07\/11-1-430x430.jpeg\" class=\"attachment-woocommerce_thumbnail size-woocommerce_thumbnail\" alt=\"\" srcset=\"https:\/\/generaldecontenedores.com\/wp-content\/uploads\/2025\/07\/11-1-430x430.jpeg 430w, https:\/\/generaldecontenedores.com\/wp-content\/uploads\/2025\/07\/11-1-150x150.jpeg 150w, https:\/\/generaldecontenedores.com\/wp-content\/uploads\/2025\/07\/11-1-200x200.jpeg 200w\" sizes=\"auto, (max-width: 430px) 100vw, 430px\" \/>\t\t<\/a>\n\n\t\t\t\t\t<div class=\"hover-img\">\n\t\t\t\t<img loading=\"lazy\" decoding=\"async\" width=\"430\" height=\"430\" src=\"https:\/\/generaldecontenedores.com\/wp-content\/uploads\/2025\/07\/12-1-430x430.jpeg\" class=\"attachment-woocommerce_thumbnail size-woocommerce_thumbnail\" alt=\"\" srcset=\"https:\/\/generaldecontenedores.com\/wp-content\/uploads\/2025\/07\/12-1-430x430.jpeg 430w, https:\/\/generaldecontenedores.com\/wp-content\/uploads\/2025\/07\/12-1-150x150.jpeg 150w, https:\/\/generaldecontenedores.com\/wp-content\/uploads\/2025\/07\/12-1-200x200.jpeg 200w\" sizes=\"auto, (max-width: 430px) 100vw, 430px\" \/>\t\t\t<\/div>\n\t\t\t\n\t\t<div class=\"wd-add-btn wd-add-btn-replace\">\n\t\t\t<a href=\"https:\/\/generaldecontenedores.com\/fr\/shop\/contenedor-frigorifico\/contenedor-frigorifico-40-pies\/\" aria-describedby=\"woocommerce_loop_add_to_cart_link_describedby_29372\" data-quantity=\"1\" class=\"button product_type_variable add_to_cart_button add-to-cart-loop\" data-product_id=\"29372\" data-product_sku=\"\" aria-label=\"S\u00e9lectionner les options pour \u201cContenedor Frigor\u00edfico 40 pies\u201d\" rel=\"nofollow\" data-no-translation-aria-label=\"\"><span data-no-translation=\"\" data-trp-gettext=\"\">Choix des options<\/span><\/a>\t<span id=\"woocommerce_loop_add_to_cart_link_describedby_29372\" class=\"screen-reader-text\">\n\t\tCe produit a plusieurs variations. Les options peuvent \u00eatre choisies sur la page du produit\t<\/span>\n\t\t<\/div>\n\n\t\t<div class=\"wd-buttons wd-pos-r-t\">\n\t\t\t\t\t\t\t\t<div class=\"wd-compare-btn product-compare-button wd-action-btn wd-style-icon wd-compare-icon\">\n\t\t\t<a href=\"https:\/\/generaldecontenedores.com\/fr\/compare\/\" data-id=\"29372\" rel=\"nofollow\" data-added-text=\"Compare products\">\n\t\t\t\t<span class=\"wd-added-icon\"><\/span>\n\t\t\t\t<span class=\"wd-action-text\">Ajouter \u00e0 la comparaison<\/span>\n\t\t\t<\/a>\n\t\t<\/div>\n\t\t\t\t\t\t\t<div class=\"quick-view wd-action-btn wd-style-icon wd-quick-view-icon\">\n\t\t\t<a\n\t\t\t\thref=\"https:\/\/generaldecontenedores.com\/fr\/shop\/contenedor-frigorifico\/contenedor-frigorifico-40-pies\/\"\n\t\t\t\tclass=\"open-quick-view quick-view-button\"\n\t\t\t\trel=\"nofollow\"\n\t\t\t\tdata-id=\"29372\"\n\t\t\t\t>Vue rapide<\/a>\n\t\t<\/div>\n\t\t\t\t\t\t\t\t<div class=\"wd-wishlist-btn wd-action-btn wd-style-icon wd-wishlist-icon\">\n\t\t\t\t<a class=\"\" href=\"https:\/\/generaldecontenedores.com\/fr\/wishlist\/\" data-key=\"f3eba40a5c\" data-product-id=\"29372\" rel=\"nofollow\" data-added-text=\"Browse wishlist\">\n\t\t\t\t\t<span class=\"wd-added-icon\"><\/span>\n\t\t\t\t\t<span class=\"wd-action-text\">Ajouter \u00e0 la liste de souhaits<\/span>\n\t\t\t\t<\/a>\n\t\t\t<\/div>\n\t\t\t\t<\/div>\n\t<\/div>\n\t\t\t\t\t<h3 class=\"wd-entities-title\"><a href=\"https:\/\/generaldecontenedores.com\/fr\/shop\/contenedor-frigorifico\/contenedor-frigorifico-40-pies\/\">Conteneur r\u00e9frig\u00e9r\u00e9 40 pieds<\/a><\/h3>\t\t\t\t<div class=\"wd-product-cats\">\n\t\t\t<a href=\"https:\/\/generaldecontenedores.com\/fr\/categorie-produit\/contenedor-frigorifico\/\" rel=\"tag\">Conteneur r\u00e9frig\u00e9r\u00e9<\/a>\t\t<\/div>\n\t\t\t\t\t\t\n\t<span class=\"price\"><span class=\"woocommerce-Price-amount amount\" aria-hidden=\"true\"><bdi>7.200,00&nbsp;<span class=\"woocommerce-Price-currencySymbol\">&euro;<\/span><\/bdi><\/span> <span aria-hidden=\"true\">\u00a0\u2013\u00a0<\/span> <span class=\"woocommerce-Price-amount amount\" aria-hidden=\"true\"><bdi>22.000,00&nbsp;<span class=\"woocommerce-Price-currencySymbol\">&euro;<\/span><\/bdi><\/span><span class=\"screen-reader-text\" data-no-translation=\"\" data-trp-gettext=\"\">Plage de prix\u00a0: 7.200,00&nbsp;&euro; \u00e0 22.000,00&nbsp;&euro;<\/span><\/span>\n\n\t\t\n\t\t\n\t\t\t<\/div>\n<\/div>\n<div class=\"wd-product wd-hover-button wd-col product-grid-item product type-product post-30330 status-publish last instock product_cat-contenedor-frigorifico has-post-thumbnail taxable shipping-taxable purchasable product-type-simple\" data-loop=\"2\" data-id=\"30330\">\n\t\n\t\n<div class=\"product-wrapper\">\n\t<div class=\"product-element-top wd-quick-shop\">\n\t\t<a href=\"https:\/\/generaldecontenedores.com\/fr\/shop\/contenedor-frigorifico\/semirremolque-kogel-cargo\/\" class=\"product-image-link\" tabindex=\"-1\" aria-label=\"K\u00f6gel Cargo NOVUM semi-remorque - Remorque robuste et durable pour le transport professionnel\">\n\t\t\t<img loading=\"lazy\" decoding=\"async\" width=\"430\" height=\"430\" src=\"https:\/\/generaldecontenedores.com\/wp-content\/uploads\/2026\/02\/80-430x430.webp\" class=\"attachment-woocommerce_thumbnail size-woocommerce_thumbnail\" alt=\"Semirremolque K\u00f6gel Cargo vista lateral con lona\" srcset=\"https:\/\/generaldecontenedores.com\/wp-content\/uploads\/2026\/02\/80-430x430.webp 430w, https:\/\/generaldecontenedores.com\/wp-content\/uploads\/2026\/02\/80-150x150.webp 150w\" sizes=\"auto, (max-width: 430px) 100vw, 430px\" \/>\t\t<\/a>\n\n\t\t\t\t\t<div class=\"hover-img\">\n\t\t\t\t<img loading=\"lazy\" decoding=\"async\" width=\"430\" height=\"430\" src=\"https:\/\/generaldecontenedores.com\/wp-content\/uploads\/2026\/02\/82-430x430.webp\" class=\"attachment-woocommerce_thumbnail size-woocommerce_thumbnail\" alt=\"\" srcset=\"https:\/\/generaldecontenedores.com\/wp-content\/uploads\/2026\/02\/82-430x430.webp 430w, https:\/\/generaldecontenedores.com\/wp-content\/uploads\/2026\/02\/82-150x151.webp 150w, https:\/\/generaldecontenedores.com\/wp-content\/uploads\/2026\/02\/82-12x12.webp 12w\" sizes=\"auto, (max-width: 430px) 100vw, 430px\" \/>\t\t\t<\/div>\n\t\t\t\n\t\t<div class=\"wd-add-btn wd-add-btn-replace\">\n\t\t\t<a href=\"\/fr\/wp-json\/wp\/v2\/pages\/29412?add-to-cart=30330\" aria-describedby=\"woocommerce_loop_add_to_cart_link_describedby_30330\" data-quantity=\"1\" class=\"button product_type_simple add_to_cart_button ajax_add_to_cart add-to-cart-loop\" data-product_id=\"30330\" data-product_sku=\"\" aria-label=\"Ajouter au panier\u00a0: \u201cSemirremolque K\u00f6gel Cargo NOVUM \u2013 Remolque robusto y duradero para transporte profesional\u201d\" rel=\"nofollow\" data-success_message=\"\u00ab\u00a0Semirremolque K\u00f6gel Cargo NOVUM \u2013 Remolque robusto y duradero para transporte profesional\u00a0\u00bb a \u00e9t\u00e9 ajout\u00e9 \u00e0 votre panier\" role=\"button\" data-no-translation-aria-label=\"\" data-no-translation-data-success_message=\"\"><span data-no-translation=\"\" data-trp-gettext=\"\">Ajouter au panier<\/span><\/a>\t<span id=\"woocommerce_loop_add_to_cart_link_describedby_30330\" class=\"screen-reader-text\">\n\t\t\t<\/span>\n\t\t<\/div>\n\n\t\t<div class=\"wd-buttons wd-pos-r-t\">\n\t\t\t\t\t\t\t\t<div class=\"wd-compare-btn product-compare-button wd-action-btn wd-style-icon wd-compare-icon\">\n\t\t\t<a href=\"https:\/\/generaldecontenedores.com\/fr\/compare\/\" data-id=\"30330\" rel=\"nofollow\" data-added-text=\"Compare products\">\n\t\t\t\t<span class=\"wd-added-icon\"><\/span>\n\t\t\t\t<span class=\"wd-action-text\">Ajouter \u00e0 la comparaison<\/span>\n\t\t\t<\/a>\n\t\t<\/div>\n\t\t\t\t\t\t\t<div class=\"quick-view wd-action-btn wd-style-icon wd-quick-view-icon\">\n\t\t\t<a\n\t\t\t\thref=\"https:\/\/generaldecontenedores.com\/fr\/shop\/contenedor-frigorifico\/semirremolque-kogel-cargo\/\"\n\t\t\t\tclass=\"open-quick-view quick-view-button\"\n\t\t\t\trel=\"nofollow\"\n\t\t\t\tdata-id=\"30330\"\n\t\t\t\t>Vue rapide<\/a>\n\t\t<\/div>\n\t\t\t\t\t\t\t\t<div class=\"wd-wishlist-btn wd-action-btn wd-style-icon wd-wishlist-icon\">\n\t\t\t\t<a class=\"\" href=\"https:\/\/generaldecontenedores.com\/fr\/wishlist\/\" data-key=\"f3eba40a5c\" data-product-id=\"30330\" rel=\"nofollow\" data-added-text=\"Browse wishlist\">\n\t\t\t\t\t<span class=\"wd-added-icon\"><\/span>\n\t\t\t\t\t<span class=\"wd-action-text\">Ajouter \u00e0 la liste de souhaits<\/span>\n\t\t\t\t<\/a>\n\t\t\t<\/div>\n\t\t\t\t<\/div>\n\t<\/div>\n\t\t\t\t\t<h3 class=\"wd-entities-title\"><a href=\"https:\/\/generaldecontenedores.com\/fr\/shop\/contenedor-frigorifico\/semirremolque-kogel-cargo\/\">K\u00f6gel Cargo NOVUM semi-remorque - Remorque robuste et durable pour le transport professionnel<\/a><\/h3>\t\t\t\t<div class=\"wd-product-cats\">\n\t\t\t<a href=\"https:\/\/generaldecontenedores.com\/fr\/categorie-produit\/contenedor-frigorifico\/\" rel=\"tag\">Conteneur r\u00e9frig\u00e9r\u00e9<\/a>\t\t<\/div>\n\t\t\t\t\t\t\n\t<span class=\"price\"><span class=\"woocommerce-Price-amount amount\"><bdi>24.900,00&nbsp;<span class=\"woocommerce-Price-currencySymbol\">\u20ac<\/span><\/bdi><\/span><\/span>\n\n\t\t\n\t\t\n\t\t\t<\/div>\n<\/div>\n<\/div>\n<\/div><\/div>","protected":false},"excerpt":{"rendered":"","protected":false},"author":1,"featured_media":0,"parent":0,"menu_order":0,"comment_status":"closed","ping_status":"closed","template":"","meta":{"footnotes":""},"class_list":["post-29412","page","type-page","status-publish","hentry"],"yoast_head":"<!-- This site is optimized with the Yoast SEO plugin v27.4 - https:\/\/yoast.com\/product\/yoast-seo-wordpress\/ -->\n<title>Contenedores frigor\u00edficos - Transitaria General De Contenedores<\/title>\n<meta name=\"robots\" content=\"index, follow, max-snippet:-1, max-image-preview:large, max-video-preview:-1\" \/>\n<link rel=\"canonical\" href=\"https:\/\/generaldecontenedores.com\/fr\/contenedores-frigorificos\/\" \/>\n<meta property=\"og:locale\" content=\"fr_FR\" \/>\n<meta property=\"og:type\" content=\"article\" \/>\n<meta property=\"og:title\" content=\"Contenedores frigor\u00edficos - Transitaria General De Contenedores\" \/>\n<meta property=\"og:url\" content=\"https:\/\/generaldecontenedores.com\/fr\/contenedores-frigorificos\/\" \/>\n<meta property=\"og:site_name\" content=\"Transitaria General De Contenedores\" \/>\n<meta property=\"article:modified_time\" content=\"2025-08-14T14:12:29+00:00\" \/>\n<meta name=\"twitter:card\" content=\"summary_large_image\" \/>\n<script type=\"application\/ld+json\" class=\"yoast-schema-graph\">{\"@context\":\"https:\\\/\\\/schema.org\",\"@graph\":[{\"@type\":\"WebPage\",\"@id\":\"https:\\\/\\\/generaldecontenedores.com\\\/contenedores-frigorificos\\\/\",\"url\":\"https:\\\/\\\/generaldecontenedores.com\\\/contenedores-frigorificos\\\/\",\"name\":\"Contenedores frigor\u00edficos - Transitaria General De Contenedores\",\"isPartOf\":{\"@id\":\"https:\\\/\\\/generaldecontenedores.com\\\/#website\"},\"datePublished\":\"2025-08-05T10:51:35+00:00\",\"dateModified\":\"2025-08-14T14:12:29+00:00\",\"breadcrumb\":{\"@id\":\"https:\\\/\\\/generaldecontenedores.com\\\/contenedores-frigorificos\\\/#breadcrumb\"},\"inLanguage\":\"fr-FR\",\"potentialAction\":[{\"@type\":\"ReadAction\",\"target\":[\"https:\\\/\\\/generaldecontenedores.com\\\/contenedores-frigorificos\\\/\"]}]},{\"@type\":\"BreadcrumbList\",\"@id\":\"https:\\\/\\\/generaldecontenedores.com\\\/contenedores-frigorificos\\\/#breadcrumb\",\"itemListElement\":[{\"@type\":\"ListItem\",\"position\":1,\"name\":\"Accueil\",\"item\":\"https:\\\/\\\/generaldecontenedores.com\\\/\"},{\"@type\":\"ListItem\",\"position\":2,\"name\":\"Contenedores frigor\u00edficos\"}]},{\"@type\":\"WebSite\",\"@id\":\"https:\\\/\\\/generaldecontenedores.com\\\/#website\",\"url\":\"https:\\\/\\\/generaldecontenedores.com\\\/\",\"name\":\"Transitaria General De Contenedores\",\"description\":\"My WordPress Blog\",\"potentialAction\":[{\"@type\":\"SearchAction\",\"target\":{\"@type\":\"EntryPoint\",\"urlTemplate\":\"https:\\\/\\\/generaldecontenedores.com\\\/?s={search_term_string}\"},\"query-input\":{\"@type\":\"PropertyValueSpecification\",\"valueRequired\":true,\"valueName\":\"search_term_string\"}}],\"inLanguage\":\"fr-FR\"}]}<\/script>\n<!-- \/ Yoast SEO plugin. -->","yoast_head_json":{"title":"Contenedores frigor\u00edficos - Transitaria General De Contenedores","robots":{"index":"index","follow":"follow","max-snippet":"max-snippet:-1","max-image-preview":"max-image-preview:large","max-video-preview":"max-video-preview:-1"},"canonical":"https:\/\/generaldecontenedores.com\/fr\/contenedores-frigorificos\/","og_locale":"fr_FR","og_type":"article","og_title":"Contenedores frigor\u00edficos - Transitaria General De Contenedores","og_url":"https:\/\/generaldecontenedores.com\/fr\/contenedores-frigorificos\/","og_site_name":"Transitaria General De Contenedores","article_modified_time":"2025-08-14T14:12:29+00:00","twitter_card":"summary_large_image","schema":{"@context":"https:\/\/schema.org","@graph":[{"@type":"WebPage","@id":"https:\/\/generaldecontenedores.com\/contenedores-frigorificos\/","url":"https:\/\/generaldecontenedores.com\/contenedores-frigorificos\/","name":"Contenedores frigor\u00edficos - Transitaria General De Contenedores","isPartOf":{"@id":"https:\/\/generaldecontenedores.com\/#website"},"datePublished":"2025-08-05T10:51:35+00:00","dateModified":"2025-08-14T14:12:29+00:00","breadcrumb":{"@id":"https:\/\/generaldecontenedores.com\/contenedores-frigorificos\/#breadcrumb"},"inLanguage":"fr-FR","potentialAction":[{"@type":"ReadAction","target":["https:\/\/generaldecontenedores.com\/contenedores-frigorificos\/"]}]},{"@type":"BreadcrumbList","@id":"https:\/\/generaldecontenedores.com\/contenedores-frigorificos\/#breadcrumb","itemListElement":[{"@type":"ListItem","position":1,"name":"Accueil","item":"https:\/\/generaldecontenedores.com\/"},{"@type":"ListItem","position":2,"name":"Contenedores frigor\u00edficos"}]},{"@type":"WebSite","@id":"https:\/\/generaldecontenedores.com\/#website","url":"https:\/\/generaldecontenedores.com\/","name":"Transitaria General De Contenedores","description":"Mon blog WordPress","potentialAction":[{"@type":"SearchAction","target":{"@type":"EntryPoint","urlTemplate":"https:\/\/generaldecontenedores.com\/?s={search_term_string}"},"query-input":{"@type":"PropertyValueSpecification","valueRequired":true,"valueName":"search_term_string"}}],"inLanguage":"fr-FR"}]}},"_links":{"self":[{"href":"https:\/\/generaldecontenedores.com\/fr\/wp-json\/wp\/v2\/pages\/29412","targetHints":{"allow":["GET"]}}],"collection":[{"href":"https:\/\/generaldecontenedores.com\/fr\/wp-json\/wp\/v2\/pages"}],"about":[{"href":"https:\/\/generaldecontenedores.com\/fr\/wp-json\/wp\/v2\/types\/page"}],"author":[{"embeddable":true,"href":"https:\/\/generaldecontenedores.com\/fr\/wp-json\/wp\/v2\/users\/1"}],"replies":[{"embeddable":true,"href":"https:\/\/generaldecontenedores.com\/fr\/wp-json\/wp\/v2\/comments?post=29412"}],"version-history":[{"count":2,"href":"https:\/\/generaldecontenedores.com\/fr\/wp-json\/wp\/v2\/pages\/29412\/revisions"}],"predecessor-version":[{"id":29440,"href":"https:\/\/generaldecontenedores.com\/fr\/wp-json\/wp\/v2\/pages\/29412\/revisions\/29440"}],"wp:attachment":[{"href":"https:\/\/generaldecontenedores.com\/fr\/wp-json\/wp\/v2\/media?parent=29412"}],"curies":[{"name":"wp","href":"https:\/\/api.w.org\/{rel}","templated":true}]}}