{"id":29028,"date":"2025-07-01T16:56:59","date_gmt":"2025-07-01T16:56:59","guid":{"rendered":"https:\/\/generaldecontenedores.com\/?post_type=product&#038;p=29028"},"modified":"2025-07-06T17:11:08","modified_gmt":"2025-07-06T17:11:08","slug":"contenedor-de-20-pies-doble-puerta-doble","status":"publish","type":"product","link":"https:\/\/generaldecontenedores.com\/fr\/shop\/contenedor-maritimo\/contenedor-de-20-pies-doble-puerta-doble\/","title":{"rendered":"20' Double Door Double Door Sea Container"},"content":{"rendered":"<div class=\"product-description\">\n<h2>\ud83d\udea2 20ft Shipping Container with Double Door - Front and Rear Access (Conteneur d'exp\u00e9dition de 20 pieds avec double porte - acc\u00e8s avant et arri\u00e8re)<\/h2>\n<p>\n    Le <strong>Conteneur de 20' \u00e0 double porte<\/strong> offre une solution pratique et efficace pour les op\u00e9rations logistiques.<br \/>\n    qui n\u00e9cessitent un acc\u00e8s par les deux extr\u00e9mit\u00e9s. Gr\u00e2ce aux doubles portes situ\u00e9es \u00e0 l'avant et \u00e0 l'arri\u00e8re,<br \/>\n    permet un chargement et un d\u00e9chargement plus rapides, ainsi qu'une meilleure organisation de l'espace int\u00e9rieur. Id\u00e9al pour le transport, le stockage<br \/>\n    et des configurations modulaires. \u2699\ufe0f\ud83d\udce6\n  <\/p>\n<h3>\ud83d\udcd0 Caract\u00e9ristiques principales :<\/h3>\n<ul>\n<li>\ud83d\udccf <strong>Dimensions ext\u00e9rieures<\/strong>Dimensions : 6,06 m (longueur) x 2,44 m (largeur) x 2,59 m (hauteur)<\/li>\n<li>\ud83d\udee0\ufe0f <strong>Structure<\/strong>Acier Corten r\u00e9sistant \u00e0 la corrosion<\/li>\n<li>\ud83d\udeaa <strong>Portes<\/strong>: double sur les deux petits c\u00f4t\u00e9s avec des barres de verrouillage<\/li>\n<li>\ud83e\udeb5 <strong>Plat<\/strong>Bois marin trait\u00e9 et r\u00e9sistant : bois marin trait\u00e9 et r\u00e9sistant<\/li>\n<li>\u2696\ufe0f <strong>Poids \u00e0 vide<\/strong>: environ 2 200 kg<\/li>\n<li>\ud83d\udce6 <strong>Volume utile<\/strong>: environ 33 m\u00b3<\/li>\n<\/ul>\n<h3>\ud83d\udd27 Utilisations recommand\u00e9es :<\/h3>\n<ul>\n<li>\ud83d\ude9a Transport de marchandises avec acc\u00e8s rapide des deux c\u00f4t\u00e9s<\/li>\n<li>\ud83c\udfd7\ufe0f Stockage temporaire sur les chantiers de construction ou dans les industries<\/li>\n<li>\ud83c\udfed Solutions modulaires (ateliers, modules techniques, entrep\u00f4ts mobiles)<\/li>\n<\/ul>\n<h3>\u2728 Avantages :<\/h3>\n<ul>\n<li>\ud83d\udd04 <strong>Double acc\u00e8s<\/strong> faciliter les op\u00e9rations logistiques<\/li>\n<li>\u23f1\ufe0f Gain de temps au chargement et au d\u00e9chargement<\/li>\n<li>\ud83d\udcd0 <strong>Une conception optimis\u00e9e<\/strong> maximiser l'utilisation interne de l'espace<\/li>\n<\/ul>\n<\/div>","protected":false},"excerpt":{"rendered":"<p>\ud83d\udea2 Contenedor Mar\u00edtimo de 20 Pies con Doble Puerta \u2013 Acceso Frontal y Trasero El contenedor de 20 pies con<\/p>","protected":false},"featured_media":29029,"comment_status":"open","ping_status":"closed","template":"","meta":[],"product_brand":[],"product_cat":[70],"product_tag":[],"class_list":{"0":"post-29028","1":"product","2":"type-product","3":"status-publish","4":"has-post-thumbnail","6":"product_cat-contenedor-maritimo","8":"first","9":"instock","10":"taxable","11":"shipping-taxable","12":"purchasable","13":"product-type-variable","14":"has-default-attributes"},"yoast_head":"<!-- This site is optimized with the Yoast SEO plugin v27.4 - https:\/\/yoast.com\/product\/yoast-seo-wordpress\/ -->\n<title>Contenedor Mar\u00edtimo de 20 pies doble puerta doble - Transitaria General De Contenedores<\/title>\n<meta name=\"robots\" content=\"index, follow, max-snippet:-1, max-image-preview:large, max-video-preview:-1\" \/>\n<link rel=\"canonical\" href=\"https:\/\/generaldecontenedores.com\/fr\/shop\/contenedor-maritimo\/contenedor-de-20-pies-doble-puerta-doble\/\" \/>\n<meta property=\"og:locale\" content=\"fr_FR\" \/>\n<meta property=\"og:type\" content=\"article\" \/>\n<meta property=\"og:title\" content=\"Contenedor Mar\u00edtimo de 20 pies doble puerta doble - Transitaria General De Contenedores\" \/>\n<meta property=\"og:description\" content=\"\ud83d\udea2 Contenedor Mar\u00edtimo de 20 Pies con Doble Puerta \u2013 Acceso Frontal y Trasero El contenedor de 20 pies con\" \/>\n<meta property=\"og:url\" content=\"https:\/\/generaldecontenedores.com\/fr\/shop\/contenedor-maritimo\/contenedor-de-20-pies-doble-puerta-doble\/\" \/>\n<meta property=\"og:site_name\" content=\"Transitaria General De Contenedores\" \/>\n<meta property=\"article:modified_time\" content=\"2025-07-06T17:11:08+00:00\" \/>\n<meta property=\"og:image\" content=\"https:\/\/generaldecontenedores.com\/wp-content\/uploads\/2025\/07\/03.jpg\" \/>\n\t<meta property=\"og:image:width\" content=\"567\" \/>\n\t<meta property=\"og:image:height\" content=\"395\" \/>\n\t<meta property=\"og:image:type\" content=\"image\/jpeg\" \/>\n<meta name=\"twitter:card\" content=\"summary_large_image\" \/>\n<meta name=\"twitter:label1\" content=\"Disponibilit\u00e9\" \/>\n\t<meta name=\"twitter:data1\" content=\"En stock\" \/>\n<script type=\"application\/ld+json\" class=\"yoast-schema-graph\">{\"@context\":\"https:\\\/\\\/schema.org\",\"@graph\":[{\"@type\":\"WebPage\",\"@id\":\"https:\\\/\\\/generaldecontenedores.com\\\/shop\\\/contenedor-maritimo\\\/contenedor-de-20-pies-doble-puerta-doble\\\/\",\"url\":\"https:\\\/\\\/generaldecontenedores.com\\\/shop\\\/contenedor-maritimo\\\/contenedor-de-20-pies-doble-puerta-doble\\\/\",\"name\":\"Contenedor Mar\u00edtimo de 20 pies doble puerta doble - Transitaria General De Contenedores\",\"isPartOf\":{\"@id\":\"https:\\\/\\\/generaldecontenedores.com\\\/#website\"},\"primaryImageOfPage\":{\"@id\":\"https:\\\/\\\/generaldecontenedores.com\\\/shop\\\/contenedor-maritimo\\\/contenedor-de-20-pies-doble-puerta-doble\\\/#primaryimage\"},\"image\":{\"@id\":\"https:\\\/\\\/generaldecontenedores.com\\\/shop\\\/contenedor-maritimo\\\/contenedor-de-20-pies-doble-puerta-doble\\\/#primaryimage\"},\"thumbnailUrl\":\"https:\\\/\\\/generaldecontenedores.com\\\/wp-content\\\/uploads\\\/2025\\\/07\\\/03.jpg\",\"datePublished\":\"2025-07-01T16:56:59+00:00\",\"dateModified\":\"2025-07-06T17:11:08+00:00\",\"breadcrumb\":{\"@id\":\"https:\\\/\\\/generaldecontenedores.com\\\/shop\\\/contenedor-maritimo\\\/contenedor-de-20-pies-doble-puerta-doble\\\/#breadcrumb\"},\"inLanguage\":\"fr-FR\",\"potentialAction\":[{\"@type\":\"ReadAction\",\"target\":[\"https:\\\/\\\/generaldecontenedores.com\\\/shop\\\/contenedor-maritimo\\\/contenedor-de-20-pies-doble-puerta-doble\\\/\"]}]},{\"@type\":\"ImageObject\",\"inLanguage\":\"fr-FR\",\"@id\":\"https:\\\/\\\/generaldecontenedores.com\\\/shop\\\/contenedor-maritimo\\\/contenedor-de-20-pies-doble-puerta-doble\\\/#primaryimage\",\"url\":\"https:\\\/\\\/generaldecontenedores.com\\\/wp-content\\\/uploads\\\/2025\\\/07\\\/03.jpg\",\"contentUrl\":\"https:\\\/\\\/generaldecontenedores.com\\\/wp-content\\\/uploads\\\/2025\\\/07\\\/03.jpg\",\"width\":567,\"height\":395,\"caption\":\"Contenedor de 20 pies doble puerta doble\"},{\"@type\":\"BreadcrumbList\",\"@id\":\"https:\\\/\\\/generaldecontenedores.com\\\/shop\\\/contenedor-maritimo\\\/contenedor-de-20-pies-doble-puerta-doble\\\/#breadcrumb\",\"itemListElement\":[{\"@type\":\"ListItem\",\"position\":1,\"name\":\"Accueil\",\"item\":\"https:\\\/\\\/generaldecontenedores.com\\\/\"},{\"@type\":\"ListItem\",\"position\":2,\"name\":\"Shop\",\"item\":\"https:\\\/\\\/generaldecontenedores.com\\\/shop\\\/\"},{\"@type\":\"ListItem\",\"position\":3,\"name\":\"Contenedor Mar\u00edtimo de 20 pies doble puerta doble\"}]},{\"@type\":\"WebSite\",\"@id\":\"https:\\\/\\\/generaldecontenedores.com\\\/#website\",\"url\":\"https:\\\/\\\/generaldecontenedores.com\\\/\",\"name\":\"Transitaria General De Contenedores\",\"description\":\"My WordPress Blog\",\"potentialAction\":[{\"@type\":\"SearchAction\",\"target\":{\"@type\":\"EntryPoint\",\"urlTemplate\":\"https:\\\/\\\/generaldecontenedores.com\\\/?s={search_term_string}\"},\"query-input\":{\"@type\":\"PropertyValueSpecification\",\"valueRequired\":true,\"valueName\":\"search_term_string\"}}],\"inLanguage\":\"fr-FR\"}]}<\/script>\n<meta property=\"og:availability\" content=\"instock\" \/>\n<meta property=\"product:availability\" content=\"instock\" \/>\n<meta property=\"product:condition\" content=\"new\" \/>\n<!-- \/ Yoast SEO plugin. -->","yoast_head_json":{"title":"Contenedor Mar\u00edtimo de 20 pies doble puerta doble - Transitaria General De Contenedores","robots":{"index":"index","follow":"follow","max-snippet":"max-snippet:-1","max-image-preview":"max-image-preview:large","max-video-preview":"max-video-preview:-1"},"canonical":"https:\/\/generaldecontenedores.com\/fr\/shop\/contenedor-maritimo\/contenedor-de-20-pies-doble-puerta-doble\/","og_locale":"fr_FR","og_type":"article","og_title":"Contenedor Mar\u00edtimo de 20 pies doble puerta doble - Transitaria General De Contenedores","og_description":"\ud83d\udea2 Contenedor Mar\u00edtimo de 20 Pies con Doble Puerta \u2013 Acceso Frontal y Trasero El contenedor de 20 pies con","og_url":"https:\/\/generaldecontenedores.com\/fr\/shop\/contenedor-maritimo\/contenedor-de-20-pies-doble-puerta-doble\/","og_site_name":"Transitaria General De Contenedores","article_modified_time":"2025-07-06T17:11:08+00:00","og_image":[{"width":567,"height":395,"url":"https:\/\/generaldecontenedores.com\/wp-content\/uploads\/2025\/07\/03.jpg","type":"image\/jpeg"}],"twitter_card":"summary_large_image","twitter_misc":{"Disponibilit\u00e9":"En stock"},"schema":{"@context":"https:\/\/schema.org","@graph":[{"@type":"WebPage","@id":"https:\/\/generaldecontenedores.com\/shop\/contenedor-maritimo\/contenedor-de-20-pies-doble-puerta-doble\/","url":"https:\/\/generaldecontenedores.com\/shop\/contenedor-maritimo\/contenedor-de-20-pies-doble-puerta-doble\/","name":"Contenedor Mar\u00edtimo de 20 pies doble puerta doble - Transitaria General De Contenedores","isPartOf":{"@id":"https:\/\/generaldecontenedores.com\/#website"},"primaryImageOfPage":{"@id":"https:\/\/generaldecontenedores.com\/shop\/contenedor-maritimo\/contenedor-de-20-pies-doble-puerta-doble\/#primaryimage"},"image":{"@id":"https:\/\/generaldecontenedores.com\/shop\/contenedor-maritimo\/contenedor-de-20-pies-doble-puerta-doble\/#primaryimage"},"thumbnailUrl":"https:\/\/generaldecontenedores.com\/wp-content\/uploads\/2025\/07\/03.jpg","datePublished":"2025-07-01T16:56:59+00:00","dateModified":"2025-07-06T17:11:08+00:00","breadcrumb":{"@id":"https:\/\/generaldecontenedores.com\/shop\/contenedor-maritimo\/contenedor-de-20-pies-doble-puerta-doble\/#breadcrumb"},"inLanguage":"fr-FR","potentialAction":[{"@type":"ReadAction","target":["https:\/\/generaldecontenedores.com\/shop\/contenedor-maritimo\/contenedor-de-20-pies-doble-puerta-doble\/"]}]},{"@type":"ImageObject","inLanguage":"fr-FR","@id":"https:\/\/generaldecontenedores.com\/shop\/contenedor-maritimo\/contenedor-de-20-pies-doble-puerta-doble\/#primaryimage","url":"https:\/\/generaldecontenedores.com\/wp-content\/uploads\/2025\/07\/03.jpg","contentUrl":"https:\/\/generaldecontenedores.com\/wp-content\/uploads\/2025\/07\/03.jpg","width":567,"height":395,"caption":"Contenedor de 20 pies doble puerta doble"},{"@type":"BreadcrumbList","@id":"https:\/\/generaldecontenedores.com\/shop\/contenedor-maritimo\/contenedor-de-20-pies-doble-puerta-doble\/#breadcrumb","itemListElement":[{"@type":"ListItem","position":1,"name":"Accueil","item":"https:\/\/generaldecontenedores.com\/"},{"@type":"ListItem","position":2,"name":"Shop","item":"https:\/\/generaldecontenedores.com\/shop\/"},{"@type":"ListItem","position":3,"name":"Contenedor Mar\u00edtimo de 20 pies doble puerta doble"}]},{"@type":"WebSite","@id":"https:\/\/generaldecontenedores.com\/#website","url":"https:\/\/generaldecontenedores.com\/","name":"Transitaria General De Contenedores","description":"Mon blog WordPress","potentialAction":[{"@type":"SearchAction","target":{"@type":"EntryPoint","urlTemplate":"https:\/\/generaldecontenedores.com\/?s={search_term_string}"},"query-input":{"@type":"PropertyValueSpecification","valueRequired":true,"valueName":"search_term_string"}}],"inLanguage":"fr-FR"}]},"og_availability":"instock","product_availability":"instock","product_condition":"new"},"_links":{"self":[{"href":"https:\/\/generaldecontenedores.com\/fr\/wp-json\/wp\/v2\/product\/29028","targetHints":{"allow":["GET"]}}],"collection":[{"href":"https:\/\/generaldecontenedores.com\/fr\/wp-json\/wp\/v2\/product"}],"about":[{"href":"https:\/\/generaldecontenedores.com\/fr\/wp-json\/wp\/v2\/types\/product"}],"replies":[{"embeddable":true,"href":"https:\/\/generaldecontenedores.com\/fr\/wp-json\/wp\/v2\/comments?post=29028"}],"version-history":[{"count":2,"href":"https:\/\/generaldecontenedores.com\/fr\/wp-json\/wp\/v2\/product\/29028\/revisions"}],"predecessor-version":[{"id":29249,"href":"https:\/\/generaldecontenedores.com\/fr\/wp-json\/wp\/v2\/product\/29028\/revisions\/29249"}],"wp:featuredmedia":[{"embeddable":true,"href":"https:\/\/generaldecontenedores.com\/fr\/wp-json\/wp\/v2\/media\/29029"}],"wp:attachment":[{"href":"https:\/\/generaldecontenedores.com\/fr\/wp-json\/wp\/v2\/media?parent=29028"}],"wp:term":[{"taxonomy":"product_brand","embeddable":true,"href":"https:\/\/generaldecontenedores.com\/fr\/wp-json\/wp\/v2\/product_brand?post=29028"},{"taxonomy":"product_cat","embeddable":true,"href":"https:\/\/generaldecontenedores.com\/fr\/wp-json\/wp\/v2\/product_cat?post=29028"},{"taxonomy":"product_tag","embeddable":true,"href":"https:\/\/generaldecontenedores.com\/fr\/wp-json\/wp\/v2\/product_tag?post=29028"}],"curies":[{"name":"wp","href":"https:\/\/api.w.org\/{rel}","templated":true}]}}