{"id":29167,"date":"2025-07-04T15:41:37","date_gmt":"2025-07-04T15:41:37","guid":{"rendered":"https:\/\/generaldecontenedores.com\/?post_type=product&#038;p=29167"},"modified":"2025-07-04T16:11:59","modified_gmt":"2025-07-04T16:11:59","slug":"contenedor-maritimo-open-top-de-20-pies","status":"publish","type":"product","link":"https:\/\/generaldecontenedores.com\/fr\/shop\/contenedor-maritimo\/contenedor-maritimo-open-top-de-20-pies\/","title":{"rendered":"Conteneur maritime de 20 pieds \u00e0 toit ouvert"},"content":{"rendered":"<div class=\"product-description\">\n<h2>\ud83d\udce6 20ft Open Top Sea Container - Flexibilit\u00e9 de la cargaison \ud83d\udea2<\/h2>\n<p>Le <strong>Conteneur Open Top de 20 pieds<\/strong> est con\u00e7u pour les charges qui ne peuvent \u00eatre introduites par des portes standard en raison de leur hauteur ou de leur forme. \ud83c\udfd7\ufe0f Gr\u00e2ce \u00e0 son toit ouvert (avec b\u00e2che amovible), il permet le chargement et le d\u00e9chargement par le haut \u00e0 l'aide de grues ou d'\u00e9quipements sp\u00e9ciaux. Id\u00e9al pour les marchandises lourdes, volumineuses ou surdimensionn\u00e9es. \ud83d\udce6\ud83d\udd1d<\/p>\n<h3>\ud83d\udcd0 Caract\u00e9ristiques principales :<\/h3>\n<ul>\n<li>\ud83d\udccf <strong>Dimensions ext\u00e9rieures<\/strong>Dimensions : 6,06 m (longueur) x 2,44 m (largeur) x 2,59 m (hauteur)<\/li>\n<li>\ud83d\udcd0 <strong>Dimensions int\u00e9rieures<\/strong>: environ 5,90 m x 2,35 m x 2,38 m<\/li>\n<li>\u2696\ufe0f <strong>Poids \u00e0 vide<\/strong>: environ 2 300 kg<\/li>\n<li>\ud83d\udce6 <strong>Capacit\u00e9 utile<\/strong>: environ 32 m\u00b3<\/li>\n<li>\ud83d\udee0\ufe0f <strong>Structure<\/strong>Acier Corten r\u00e9sistant \u00e0 la corrosion<\/li>\n<li>\u26f1\ufe0f <strong>Toit<\/strong>: b\u00e2che sup\u00e9rieure amovible et poutres transversales mobiles<\/li>\n<li>\ud83d\udeaa <strong>Portes arri\u00e8re<\/strong>: double vantail avec fermeture herm\u00e9tique<\/li>\n<\/ul>\n<h3>\ud83d\udd27 Utilisations recommand\u00e9es :<\/h3>\n<ul>\n<li>\ud83c\udfd7\ufe0f Transport de machines lourdes ou de pi\u00e8ces industrielles \u00e0 grande hauteur<\/li>\n<li>\ud83d\udce6 Chargement de marchandises en vrac ou palettis\u00e9es par le haut<\/li>\n<li>\ud83d\udea7 Projets de construction et de logistique sp\u00e9cialis\u00e9s<\/li>\n<\/ul>\n<h3>\u2728 Avantages :<\/h3>\n<ul>\n<li>\ud83d\udd1d Chargement ais\u00e9 par le haut pour les marchandises encombrantes<\/li>\n<li>\u26f1\ufe0f Toit flexible avec b\u00e2che amovible<\/li>\n<li>\ud83d\udce6 Id\u00e9al pour les charges hors gabarit (surchauffe)<\/li>\n<\/ul>\n<\/div>","protected":false},"excerpt":{"rendered":"<p>\ud83d\udce6 Contenedor Mar\u00edtimo Open Top de 20 Pies \u2013 Flexibilidad en Carga \ud83d\udea2 El contenedor Open Top de 20 pies<\/p>","protected":false},"featured_media":29170,"comment_status":"open","ping_status":"closed","template":"","meta":[],"product_brand":[],"product_cat":[70],"product_tag":[],"class_list":{"0":"post-29167","1":"product","2":"type-product","3":"status-publish","4":"has-post-thumbnail","6":"product_cat-contenedor-maritimo","8":"first","9":"instock","10":"taxable","11":"shipping-taxable","12":"purchasable","13":"product-type-variable","14":"has-default-attributes"},"yoast_head":"<!-- This site is optimized with the Yoast SEO plugin v27.4 - https:\/\/yoast.com\/product\/yoast-seo-wordpress\/ -->\n<title>Contenedor Mar\u00edtimo Open Top de 20 Pies - Transitaria General De Contenedores<\/title>\n<meta name=\"robots\" content=\"index, follow, max-snippet:-1, max-image-preview:large, max-video-preview:-1\" \/>\n<link rel=\"canonical\" href=\"https:\/\/generaldecontenedores.com\/fr\/shop\/contenedor-maritimo\/contenedor-maritimo-open-top-de-20-pies\/\" \/>\n<meta property=\"og:locale\" content=\"fr_FR\" \/>\n<meta property=\"og:type\" content=\"article\" \/>\n<meta property=\"og:title\" content=\"Contenedor Mar\u00edtimo Open Top de 20 Pies - Transitaria General De Contenedores\" \/>\n<meta property=\"og:description\" content=\"\ud83d\udce6 Contenedor Mar\u00edtimo Open Top de 20 Pies \u2013 Flexibilidad en Carga \ud83d\udea2 El contenedor Open Top de 20 pies\" \/>\n<meta property=\"og:url\" content=\"https:\/\/generaldecontenedores.com\/fr\/shop\/contenedor-maritimo\/contenedor-maritimo-open-top-de-20-pies\/\" \/>\n<meta property=\"og:site_name\" content=\"Transitaria General De Contenedores\" \/>\n<meta property=\"article:modified_time\" content=\"2025-07-04T16:11:59+00:00\" \/>\n<meta property=\"og:image\" content=\"https:\/\/generaldecontenedores.com\/wp-content\/uploads\/2025\/07\/conteneur-maritime-open-top-20-pieds-6590299-3.jpg\" \/>\n\t<meta property=\"og:image:width\" content=\"700\" \/>\n\t<meta property=\"og:image:height\" content=\"460\" \/>\n\t<meta property=\"og:image:type\" content=\"image\/jpeg\" \/>\n<meta name=\"twitter:card\" content=\"summary_large_image\" \/>\n<meta name=\"twitter:label1\" content=\"Disponibilit\u00e9\" \/>\n\t<meta name=\"twitter:data1\" content=\"En stock\" \/>\n<script type=\"application\/ld+json\" class=\"yoast-schema-graph\">{\"@context\":\"https:\\\/\\\/schema.org\",\"@graph\":[{\"@type\":\"WebPage\",\"@id\":\"https:\\\/\\\/generaldecontenedores.com\\\/shop\\\/contenedor-maritimo\\\/contenedor-maritimo-open-top-de-20-pies\\\/\",\"url\":\"https:\\\/\\\/generaldecontenedores.com\\\/shop\\\/contenedor-maritimo\\\/contenedor-maritimo-open-top-de-20-pies\\\/\",\"name\":\"Contenedor Mar\u00edtimo Open Top de 20 Pies - Transitaria General De Contenedores\",\"isPartOf\":{\"@id\":\"https:\\\/\\\/generaldecontenedores.com\\\/#website\"},\"primaryImageOfPage\":{\"@id\":\"https:\\\/\\\/generaldecontenedores.com\\\/shop\\\/contenedor-maritimo\\\/contenedor-maritimo-open-top-de-20-pies\\\/#primaryimage\"},\"image\":{\"@id\":\"https:\\\/\\\/generaldecontenedores.com\\\/shop\\\/contenedor-maritimo\\\/contenedor-maritimo-open-top-de-20-pies\\\/#primaryimage\"},\"thumbnailUrl\":\"https:\\\/\\\/generaldecontenedores.com\\\/wp-content\\\/uploads\\\/2025\\\/07\\\/conteneur-maritime-open-top-20-pieds-6590299-3.jpg\",\"datePublished\":\"2025-07-04T15:41:37+00:00\",\"dateModified\":\"2025-07-04T16:11:59+00:00\",\"breadcrumb\":{\"@id\":\"https:\\\/\\\/generaldecontenedores.com\\\/shop\\\/contenedor-maritimo\\\/contenedor-maritimo-open-top-de-20-pies\\\/#breadcrumb\"},\"inLanguage\":\"fr-FR\",\"potentialAction\":[{\"@type\":\"ReadAction\",\"target\":[\"https:\\\/\\\/generaldecontenedores.com\\\/shop\\\/contenedor-maritimo\\\/contenedor-maritimo-open-top-de-20-pies\\\/\"]}]},{\"@type\":\"ImageObject\",\"inLanguage\":\"fr-FR\",\"@id\":\"https:\\\/\\\/generaldecontenedores.com\\\/shop\\\/contenedor-maritimo\\\/contenedor-maritimo-open-top-de-20-pies\\\/#primaryimage\",\"url\":\"https:\\\/\\\/generaldecontenedores.com\\\/wp-content\\\/uploads\\\/2025\\\/07\\\/conteneur-maritime-open-top-20-pieds-6590299-3.jpg\",\"contentUrl\":\"https:\\\/\\\/generaldecontenedores.com\\\/wp-content\\\/uploads\\\/2025\\\/07\\\/conteneur-maritime-open-top-20-pieds-6590299-3.jpg\",\"width\":700,\"height\":460,\"caption\":\"Vista lateral de un contenedor Open Top de 20 pies\"},{\"@type\":\"BreadcrumbList\",\"@id\":\"https:\\\/\\\/generaldecontenedores.com\\\/shop\\\/contenedor-maritimo\\\/contenedor-maritimo-open-top-de-20-pies\\\/#breadcrumb\",\"itemListElement\":[{\"@type\":\"ListItem\",\"position\":1,\"name\":\"Accueil\",\"item\":\"https:\\\/\\\/generaldecontenedores.com\\\/\"},{\"@type\":\"ListItem\",\"position\":2,\"name\":\"Shop\",\"item\":\"https:\\\/\\\/generaldecontenedores.com\\\/shop\\\/\"},{\"@type\":\"ListItem\",\"position\":3,\"name\":\"Contenedor Mar\u00edtimo Open Top de 20 Pies\"}]},{\"@type\":\"WebSite\",\"@id\":\"https:\\\/\\\/generaldecontenedores.com\\\/#website\",\"url\":\"https:\\\/\\\/generaldecontenedores.com\\\/\",\"name\":\"Transitaria General De Contenedores\",\"description\":\"My WordPress Blog\",\"potentialAction\":[{\"@type\":\"SearchAction\",\"target\":{\"@type\":\"EntryPoint\",\"urlTemplate\":\"https:\\\/\\\/generaldecontenedores.com\\\/?s={search_term_string}\"},\"query-input\":{\"@type\":\"PropertyValueSpecification\",\"valueRequired\":true,\"valueName\":\"search_term_string\"}}],\"inLanguage\":\"fr-FR\"}]}<\/script>\n<meta property=\"og:availability\" content=\"instock\" \/>\n<meta property=\"product:availability\" content=\"instock\" \/>\n<meta property=\"product:condition\" content=\"new\" \/>\n<!-- \/ Yoast SEO plugin. -->","yoast_head_json":{"title":"Contenedor Mar\u00edtimo Open Top de 20 Pies - Transitaria General De Contenedores","robots":{"index":"index","follow":"follow","max-snippet":"max-snippet:-1","max-image-preview":"max-image-preview:large","max-video-preview":"max-video-preview:-1"},"canonical":"https:\/\/generaldecontenedores.com\/fr\/shop\/contenedor-maritimo\/contenedor-maritimo-open-top-de-20-pies\/","og_locale":"fr_FR","og_type":"article","og_title":"Contenedor Mar\u00edtimo Open Top de 20 Pies - Transitaria General De Contenedores","og_description":"\ud83d\udce6 Contenedor Mar\u00edtimo Open Top de 20 Pies \u2013 Flexibilidad en Carga \ud83d\udea2 El contenedor Open Top de 20 pies","og_url":"https:\/\/generaldecontenedores.com\/fr\/shop\/contenedor-maritimo\/contenedor-maritimo-open-top-de-20-pies\/","og_site_name":"Transitaria General De Contenedores","article_modified_time":"2025-07-04T16:11:59+00:00","og_image":[{"width":700,"height":460,"url":"https:\/\/generaldecontenedores.com\/wp-content\/uploads\/2025\/07\/conteneur-maritime-open-top-20-pieds-6590299-3.jpg","type":"image\/jpeg"}],"twitter_card":"summary_large_image","twitter_misc":{"Disponibilit\u00e9":"En stock"},"schema":{"@context":"https:\/\/schema.org","@graph":[{"@type":"WebPage","@id":"https:\/\/generaldecontenedores.com\/shop\/contenedor-maritimo\/contenedor-maritimo-open-top-de-20-pies\/","url":"https:\/\/generaldecontenedores.com\/shop\/contenedor-maritimo\/contenedor-maritimo-open-top-de-20-pies\/","name":"Contenedor Mar\u00edtimo Open Top de 20 Pies - Transitaria General De Contenedores","isPartOf":{"@id":"https:\/\/generaldecontenedores.com\/#website"},"primaryImageOfPage":{"@id":"https:\/\/generaldecontenedores.com\/shop\/contenedor-maritimo\/contenedor-maritimo-open-top-de-20-pies\/#primaryimage"},"image":{"@id":"https:\/\/generaldecontenedores.com\/shop\/contenedor-maritimo\/contenedor-maritimo-open-top-de-20-pies\/#primaryimage"},"thumbnailUrl":"https:\/\/generaldecontenedores.com\/wp-content\/uploads\/2025\/07\/conteneur-maritime-open-top-20-pieds-6590299-3.jpg","datePublished":"2025-07-04T15:41:37+00:00","dateModified":"2025-07-04T16:11:59+00:00","breadcrumb":{"@id":"https:\/\/generaldecontenedores.com\/shop\/contenedor-maritimo\/contenedor-maritimo-open-top-de-20-pies\/#breadcrumb"},"inLanguage":"fr-FR","potentialAction":[{"@type":"ReadAction","target":["https:\/\/generaldecontenedores.com\/shop\/contenedor-maritimo\/contenedor-maritimo-open-top-de-20-pies\/"]}]},{"@type":"ImageObject","inLanguage":"fr-FR","@id":"https:\/\/generaldecontenedores.com\/shop\/contenedor-maritimo\/contenedor-maritimo-open-top-de-20-pies\/#primaryimage","url":"https:\/\/generaldecontenedores.com\/wp-content\/uploads\/2025\/07\/conteneur-maritime-open-top-20-pieds-6590299-3.jpg","contentUrl":"https:\/\/generaldecontenedores.com\/wp-content\/uploads\/2025\/07\/conteneur-maritime-open-top-20-pieds-6590299-3.jpg","width":700,"height":460,"caption":"Vista lateral de un contenedor Open Top de 20 pies"},{"@type":"BreadcrumbList","@id":"https:\/\/generaldecontenedores.com\/shop\/contenedor-maritimo\/contenedor-maritimo-open-top-de-20-pies\/#breadcrumb","itemListElement":[{"@type":"ListItem","position":1,"name":"Accueil","item":"https:\/\/generaldecontenedores.com\/"},{"@type":"ListItem","position":2,"name":"Shop","item":"https:\/\/generaldecontenedores.com\/shop\/"},{"@type":"ListItem","position":3,"name":"Contenedor Mar\u00edtimo Open Top de 20 Pies"}]},{"@type":"WebSite","@id":"https:\/\/generaldecontenedores.com\/#website","url":"https:\/\/generaldecontenedores.com\/","name":"Transitaria General De Contenedores","description":"Mon blog WordPress","potentialAction":[{"@type":"SearchAction","target":{"@type":"EntryPoint","urlTemplate":"https:\/\/generaldecontenedores.com\/?s={search_term_string}"},"query-input":{"@type":"PropertyValueSpecification","valueRequired":true,"valueName":"search_term_string"}}],"inLanguage":"fr-FR"}]},"og_availability":"instock","product_availability":"instock","product_condition":"new"},"_links":{"self":[{"href":"https:\/\/generaldecontenedores.com\/fr\/wp-json\/wp\/v2\/product\/29167","targetHints":{"allow":["GET"]}}],"collection":[{"href":"https:\/\/generaldecontenedores.com\/fr\/wp-json\/wp\/v2\/product"}],"about":[{"href":"https:\/\/generaldecontenedores.com\/fr\/wp-json\/wp\/v2\/types\/product"}],"replies":[{"embeddable":true,"href":"https:\/\/generaldecontenedores.com\/fr\/wp-json\/wp\/v2\/comments?post=29167"}],"version-history":[{"count":1,"href":"https:\/\/generaldecontenedores.com\/fr\/wp-json\/wp\/v2\/product\/29167\/revisions"}],"predecessor-version":[{"id":29174,"href":"https:\/\/generaldecontenedores.com\/fr\/wp-json\/wp\/v2\/product\/29167\/revisions\/29174"}],"wp:featuredmedia":[{"embeddable":true,"href":"https:\/\/generaldecontenedores.com\/fr\/wp-json\/wp\/v2\/media\/29170"}],"wp:attachment":[{"href":"https:\/\/generaldecontenedores.com\/fr\/wp-json\/wp\/v2\/media?parent=29167"}],"wp:term":[{"taxonomy":"product_brand","embeddable":true,"href":"https:\/\/generaldecontenedores.com\/fr\/wp-json\/wp\/v2\/product_brand?post=29167"},{"taxonomy":"product_cat","embeddable":true,"href":"https:\/\/generaldecontenedores.com\/fr\/wp-json\/wp\/v2\/product_cat?post=29167"},{"taxonomy":"product_tag","embeddable":true,"href":"https:\/\/generaldecontenedores.com\/fr\/wp-json\/wp\/v2\/product_tag?post=29167"}],"curies":[{"name":"wp","href":"https:\/\/api.w.org\/{rel}","templated":true}]}}