{"id":29857,"date":"2025-09-13T09:23:08","date_gmt":"2025-09-13T09:23:08","guid":{"rendered":"https:\/\/generaldecontenedores.com\/?post_type=product&#038;p=29857"},"modified":"2025-09-13T09:23:08","modified_gmt":"2025-09-13T09:23:08","slug":"contenedor-maritimo-20-pies-usado-rojo","status":"publish","type":"product","link":"https:\/\/generaldecontenedores.com\/fr\/shop\/contenedor-maritimo\/contenedor-20-pies\/contenedor-maritimo-20-pies-usado-rojo\/","title":{"rendered":"Conteneur maritime 20 pieds rouge classe A d'occasion"},"content":{"rendered":"<h2>Conteneur maritime 20' rouge usag\u00e9 - Classe A (CW)<\/h2>\n<p>Le <strong>20' sea container used red<\/strong> est un choix fiable, \u00e9conomique et polyvalent pour de multiples applications. Class\u00e9 comme <strong>Classe A \/ CW (Cargo Worthy)<\/strong>, Ce conteneur est en excellent \u00e9tat et convient au transport international et au stockage \u00e0 long terme. Sa solidit\u00e9 et sa durabilit\u00e9 en font un investissement s\u00fbr pour les entreprises et les particuliers.<\/p>\n<h3>Caract\u00e9ristiques techniques du conteneur de 20 pieds de la mer Rouge<\/h3>\n<ul>\n<li>Dimension standard : 20 pieds<\/li>\n<li>Classification : Classe A \/ CW (Cargo Worthy)<\/li>\n<li>Couleur : rouge<\/li>\n<li>Structure anticorrosion en acier corten<\/li>\n<li>Plancher en bois solide et r\u00e9sistant<\/li>\n<li>Des portes s\u00fbres, \u00e9tanches et pleinement fonctionnelles<\/li>\n<\/ul>\n<p>Sa structure en acier Corten garantit une r\u00e9sistance \u00e0 la corrosion et \u00e0 l'usure, tandis que le plancher en bois trait\u00e9 offre un support robuste pour des marchandises de diff\u00e9rents types. Des portes enti\u00e8rement \u00e9tanches garantissent la protection de l'int\u00e9rieur contre le vent, la pluie et l'humidit\u00e9.<\/p>\n<h3>Utilisations recommand\u00e9es du conteneur maritime 20' rouge d'occasion<\/h3>\n<p>Gr\u00e2ce \u00e0 son \u00e9tat et \u00e0 sa classification, ce conteneur est id\u00e9al pour :<\/p>\n<ul>\n<li><strong>Exportation et transport international<\/strong> de biens<\/li>\n<li><strong>Stockage s\u00e9curis\u00e9<\/strong> sur les chantiers, les entreprises ou les locaux priv\u00e9s<\/li>\n<li><strong>Projets de transformation<\/strong>stands, bureaux mobiles, modules habitables ou ateliers<\/li>\n<\/ul>\n<p>Sa taille standard le rend compatible avec la plupart des syst\u00e8mes de convoyage et facilite sa manipulation \u00e0 l'aide de grues et de machines sp\u00e9cialis\u00e9es.<\/p>\n<h3>Avantages de l'achat d'un conteneur maritime en Espagne<\/h3>\n<p>Le <strong>conteneur maritime <\/strong>\u00a0offre un excellent rapport qualit\u00e9-prix. En plus d'\u00eatre robuste et durable, sa couleur rouge lui conf\u00e8re une visibilit\u00e9 accrue dans les ports, sur les chantiers de construction et dans les zones logistiques, ce qui renforce la s\u00e9curit\u00e9. Acheter un conteneur d'occasion en parfait \u00e9tat, c'est aussi s'engager en faveur du d\u00e9veloppement durable, en prolongeant la dur\u00e9e de vie utile d'une ressource existante.<\/p>\n<h3>Pourquoi choisir General de Contenedores<\/h3>\n<ul>\n<li>Photos r\u00e9elles du conteneur que vous recevrez<\/li>\n<li>Livraison rapide et calcul automatique \u00e0 la caisse<\/li>\n<li>Option de transport avec un camion standard ou un camion-grue<\/li>\n<li>Achat direct et transparent, pas de co\u00fbts cach\u00e9s<\/li>\n<\/ul>\n<p>Avec <strong>Conteneur g\u00e9n\u00e9ral<\/strong> vous obtenez plus qu'un simple module m\u00e9tallique : vous obtenez une solution durable, s\u00fbre et adaptable pour le stockage, l'exportation et les projets personnalis\u00e9s.<\/p>","protected":false},"excerpt":{"rendered":"<p>Le <strong>conteneur maritime 20 <\/strong>les pieds ont utilis\u00e9 le rouge dans <strong>Classe A \/ CW (Cargo Worthy)<\/strong> est en excellent \u00e9tat, parfait pour le transport international, le stockage en toute s\u00e9curit\u00e9 ou les projets de conversion. Robuste, \u00e9tanche et pr\u00eat \u00e0 l'emploi.<\/p>","protected":false},"featured_media":29858,"comment_status":"open","ping_status":"closed","template":"","meta":[],"product_brand":[],"product_cat":[80],"product_tag":[92],"class_list":{"0":"post-29857","1":"product","2":"type-product","3":"status-publish","4":"has-post-thumbnail","6":"product_cat-contenedor-20-pies","7":"product_tag-contenedor-usado","9":"first","10":"instock","11":"taxable","12":"shipping-taxable","13":"purchasable","14":"product-type-simple"},"yoast_head":"<!-- This site is optimized with the Yoast SEO plugin v27.4 - https:\/\/yoast.com\/product\/yoast-seo-wordpress\/ -->\n<title>Contenedor mar\u00edtimo 20 pies usado rojo Clase A - Transitaria General De Contenedores<\/title>\n<meta name=\"description\" content=\"Contenedor mar\u00edtimo 20 pies usado rojo Clase A CW. Ideal para exportaci\u00f3n, almacenamiento o proyectos. \u00a1Entrega r\u00e1pida en Espa\u00f1a!\" \/>\n<meta name=\"robots\" content=\"index, follow, max-snippet:-1, max-image-preview:large, max-video-preview:-1\" \/>\n<link rel=\"canonical\" href=\"https:\/\/generaldecontenedores.com\/fr\/shop\/contenedor-maritimo\/contenedor-20-pies\/contenedor-maritimo-20-pies-usado-rojo\/\" \/>\n<meta property=\"og:locale\" content=\"fr_FR\" \/>\n<meta property=\"og:type\" content=\"article\" \/>\n<meta property=\"og:title\" content=\"Contenedor mar\u00edtimo 20 pies usado rojo Clase A - Transitaria General De Contenedores\" \/>\n<meta property=\"og:description\" content=\"Contenedor mar\u00edtimo 20 pies usado rojo Clase A CW. Ideal para exportaci\u00f3n, almacenamiento o proyectos. \u00a1Entrega r\u00e1pida en Espa\u00f1a!\" \/>\n<meta property=\"og:url\" content=\"https:\/\/generaldecontenedores.com\/fr\/shop\/contenedor-maritimo\/contenedor-20-pies\/contenedor-maritimo-20-pies-usado-rojo\/\" \/>\n<meta property=\"og:site_name\" content=\"Transitaria General De Contenedores\" \/>\n<meta property=\"og:image\" content=\"http:\/\/generaldecontenedores.com\/wp-content\/uploads\/2025\/09\/MM2-min.jpg.jpeg\" \/>\n\t<meta property=\"og:image:width\" content=\"800\" \/>\n\t<meta property=\"og:image:height\" content=\"800\" \/>\n\t<meta property=\"og:image:type\" content=\"image\/jpeg\" \/>\n<meta name=\"twitter:card\" content=\"summary_large_image\" \/>\n<meta name=\"twitter:label1\" content=\"Prix\" \/>\n\t<meta name=\"twitter:data1\" content=\"1.500,00&nbsp;&euro;\" \/>\n\t<meta name=\"twitter:label2\" content=\"Disponibilit\u00e9\" \/>\n\t<meta name=\"twitter:data2\" content=\"En stock\" \/>\n<script type=\"application\/ld+json\" class=\"yoast-schema-graph\">{\"@context\":\"https:\\\/\\\/schema.org\",\"@graph\":[{\"@type\":\"WebPage\",\"@id\":\"https:\\\/\\\/generaldecontenedores.com\\\/shop\\\/contenedor-maritimo\\\/contenedor-20-pies\\\/contenedor-maritimo-20-pies-usado-rojo\\\/\",\"url\":\"https:\\\/\\\/generaldecontenedores.com\\\/shop\\\/contenedor-maritimo\\\/contenedor-20-pies\\\/contenedor-maritimo-20-pies-usado-rojo\\\/\",\"name\":\"Contenedor mar\u00edtimo 20 pies usado rojo Clase A - Transitaria General De Contenedores\",\"isPartOf\":{\"@id\":\"https:\\\/\\\/generaldecontenedores.com\\\/#website\"},\"primaryImageOfPage\":{\"@id\":\"https:\\\/\\\/generaldecontenedores.com\\\/shop\\\/contenedor-maritimo\\\/contenedor-20-pies\\\/contenedor-maritimo-20-pies-usado-rojo\\\/#primaryimage\"},\"image\":{\"@id\":\"https:\\\/\\\/generaldecontenedores.com\\\/shop\\\/contenedor-maritimo\\\/contenedor-20-pies\\\/contenedor-maritimo-20-pies-usado-rojo\\\/#primaryimage\"},\"thumbnailUrl\":\"https:\\\/\\\/generaldecontenedores.com\\\/wp-content\\\/uploads\\\/2025\\\/09\\\/MM2-min.jpg.jpeg\",\"datePublished\":\"2025-09-13T09:23:08+00:00\",\"description\":\"Contenedor mar\u00edtimo 20 pies usado rojo Clase A CW. Ideal para exportaci\u00f3n, almacenamiento o proyectos. \u00a1Entrega r\u00e1pida en Espa\u00f1a!\",\"breadcrumb\":{\"@id\":\"https:\\\/\\\/generaldecontenedores.com\\\/shop\\\/contenedor-maritimo\\\/contenedor-20-pies\\\/contenedor-maritimo-20-pies-usado-rojo\\\/#breadcrumb\"},\"inLanguage\":\"fr-FR\",\"potentialAction\":[{\"@type\":\"ReadAction\",\"target\":[\"https:\\\/\\\/generaldecontenedores.com\\\/shop\\\/contenedor-maritimo\\\/contenedor-20-pies\\\/contenedor-maritimo-20-pies-usado-rojo\\\/\"]}]},{\"@type\":\"ImageObject\",\"inLanguage\":\"fr-FR\",\"@id\":\"https:\\\/\\\/generaldecontenedores.com\\\/shop\\\/contenedor-maritimo\\\/contenedor-20-pies\\\/contenedor-maritimo-20-pies-usado-rojo\\\/#primaryimage\",\"url\":\"https:\\\/\\\/generaldecontenedores.com\\\/wp-content\\\/uploads\\\/2025\\\/09\\\/MM2-min.jpg.jpeg\",\"contentUrl\":\"https:\\\/\\\/generaldecontenedores.com\\\/wp-content\\\/uploads\\\/2025\\\/09\\\/MM2-min.jpg.jpeg\",\"width\":800,\"height\":800,\"caption\":\"Contenedor mar\u00edtimo 20 pies usado rojo Clase A CW en Espa\u00f1a\"},{\"@type\":\"BreadcrumbList\",\"@id\":\"https:\\\/\\\/generaldecontenedores.com\\\/shop\\\/contenedor-maritimo\\\/contenedor-20-pies\\\/contenedor-maritimo-20-pies-usado-rojo\\\/#breadcrumb\",\"itemListElement\":[{\"@type\":\"ListItem\",\"position\":1,\"name\":\"Accueil\",\"item\":\"https:\\\/\\\/generaldecontenedores.com\\\/\"},{\"@type\":\"ListItem\",\"position\":2,\"name\":\"Shop\",\"item\":\"https:\\\/\\\/generaldecontenedores.com\\\/shop\\\/\"},{\"@type\":\"ListItem\",\"position\":3,\"name\":\"Contenedor mar\u00edtimo 20 pies usado rojo Clase A\"}]},{\"@type\":\"WebSite\",\"@id\":\"https:\\\/\\\/generaldecontenedores.com\\\/#website\",\"url\":\"https:\\\/\\\/generaldecontenedores.com\\\/\",\"name\":\"Transitaria General De Contenedores\",\"description\":\"My WordPress Blog\",\"potentialAction\":[{\"@type\":\"SearchAction\",\"target\":{\"@type\":\"EntryPoint\",\"urlTemplate\":\"https:\\\/\\\/generaldecontenedores.com\\\/?s={search_term_string}\"},\"query-input\":{\"@type\":\"PropertyValueSpecification\",\"valueRequired\":true,\"valueName\":\"search_term_string\"}}],\"inLanguage\":\"fr-FR\"}]}<\/script>\n<meta property=\"product:price:amount\" content=\"1500.00\" \/>\n<meta property=\"product:price:currency\" content=\"EUR\" \/>\n<meta property=\"og:availability\" content=\"instock\" \/>\n<meta property=\"product:availability\" content=\"instock\" \/>\n<meta property=\"product:retailer_item_id\" content=\"GDC-20P-RED-A001\" \/>\n<meta property=\"product:condition\" content=\"new\" \/>\n<!-- \/ Yoast SEO plugin. -->","yoast_head_json":{"title":"Contenedor mar\u00edtimo 20 pies usado rojo Clase A - Transitaria General De Contenedores","description":"Contenedor mar\u00edtimo 20 pies usado rojo Clase A CW. Ideal para exportaci\u00f3n, almacenamiento o proyectos. \u00a1Entrega r\u00e1pida en Espa\u00f1a!","robots":{"index":"index","follow":"follow","max-snippet":"max-snippet:-1","max-image-preview":"max-image-preview:large","max-video-preview":"max-video-preview:-1"},"canonical":"https:\/\/generaldecontenedores.com\/fr\/shop\/contenedor-maritimo\/contenedor-20-pies\/contenedor-maritimo-20-pies-usado-rojo\/","og_locale":"fr_FR","og_type":"article","og_title":"Contenedor mar\u00edtimo 20 pies usado rojo Clase A - Transitaria General De Contenedores","og_description":"Contenedor mar\u00edtimo 20 pies usado rojo Clase A CW. Ideal para exportaci\u00f3n, almacenamiento o proyectos. \u00a1Entrega r\u00e1pida en Espa\u00f1a!","og_url":"https:\/\/generaldecontenedores.com\/fr\/shop\/contenedor-maritimo\/contenedor-20-pies\/contenedor-maritimo-20-pies-usado-rojo\/","og_site_name":"Transitaria General De Contenedores","og_image":[{"width":800,"height":800,"url":"http:\/\/generaldecontenedores.com\/wp-content\/uploads\/2025\/09\/MM2-min.jpg.jpeg","type":"image\/jpeg"}],"twitter_card":"summary_large_image","twitter_misc":{"Prix":"1.500,00&nbsp;&euro;","Disponibilit\u00e9":"En stock"},"schema":{"@context":"https:\/\/schema.org","@graph":[{"@type":"WebPage","@id":"https:\/\/generaldecontenedores.com\/shop\/contenedor-maritimo\/contenedor-20-pies\/contenedor-maritimo-20-pies-usado-rojo\/","url":"https:\/\/generaldecontenedores.com\/shop\/contenedor-maritimo\/contenedor-20-pies\/contenedor-maritimo-20-pies-usado-rojo\/","name":"Contenedor mar\u00edtimo 20 pies usado rojo Clase A - Transitaria General De Contenedores","isPartOf":{"@id":"https:\/\/generaldecontenedores.com\/#website"},"primaryImageOfPage":{"@id":"https:\/\/generaldecontenedores.com\/shop\/contenedor-maritimo\/contenedor-20-pies\/contenedor-maritimo-20-pies-usado-rojo\/#primaryimage"},"image":{"@id":"https:\/\/generaldecontenedores.com\/shop\/contenedor-maritimo\/contenedor-20-pies\/contenedor-maritimo-20-pies-usado-rojo\/#primaryimage"},"thumbnailUrl":"https:\/\/generaldecontenedores.com\/wp-content\/uploads\/2025\/09\/MM2-min.jpg.jpeg","datePublished":"2025-09-13T09:23:08+00:00","description":"Contenedor mar\u00edtimo 20 pies usado rojo Clase A CW. Ideal para exportaci\u00f3n, almacenamiento o proyectos. \u00a1Entrega r\u00e1pida en Espa\u00f1a!","breadcrumb":{"@id":"https:\/\/generaldecontenedores.com\/shop\/contenedor-maritimo\/contenedor-20-pies\/contenedor-maritimo-20-pies-usado-rojo\/#breadcrumb"},"inLanguage":"fr-FR","potentialAction":[{"@type":"ReadAction","target":["https:\/\/generaldecontenedores.com\/shop\/contenedor-maritimo\/contenedor-20-pies\/contenedor-maritimo-20-pies-usado-rojo\/"]}]},{"@type":"ImageObject","inLanguage":"fr-FR","@id":"https:\/\/generaldecontenedores.com\/shop\/contenedor-maritimo\/contenedor-20-pies\/contenedor-maritimo-20-pies-usado-rojo\/#primaryimage","url":"https:\/\/generaldecontenedores.com\/wp-content\/uploads\/2025\/09\/MM2-min.jpg.jpeg","contentUrl":"https:\/\/generaldecontenedores.com\/wp-content\/uploads\/2025\/09\/MM2-min.jpg.jpeg","width":800,"height":800,"caption":"Contenedor mar\u00edtimo 20 pies usado rojo Clase A CW en Espa\u00f1a"},{"@type":"BreadcrumbList","@id":"https:\/\/generaldecontenedores.com\/shop\/contenedor-maritimo\/contenedor-20-pies\/contenedor-maritimo-20-pies-usado-rojo\/#breadcrumb","itemListElement":[{"@type":"ListItem","position":1,"name":"Accueil","item":"https:\/\/generaldecontenedores.com\/"},{"@type":"ListItem","position":2,"name":"Shop","item":"https:\/\/generaldecontenedores.com\/shop\/"},{"@type":"ListItem","position":3,"name":"Contenedor mar\u00edtimo 20 pies usado rojo Clase A"}]},{"@type":"WebSite","@id":"https:\/\/generaldecontenedores.com\/#website","url":"https:\/\/generaldecontenedores.com\/","name":"Transitaria General De Contenedores","description":"Mon blog WordPress","potentialAction":[{"@type":"SearchAction","target":{"@type":"EntryPoint","urlTemplate":"https:\/\/generaldecontenedores.com\/?s={search_term_string}"},"query-input":{"@type":"PropertyValueSpecification","valueRequired":true,"valueName":"search_term_string"}}],"inLanguage":"fr-FR"}]},"product_price_amount":"1500.00","product_price_currency":"EUR","og_availability":"instock","product_availability":"instock","product_retailer_item_id":"GDC-20P-RED-A001","product_condition":"new"},"_links":{"self":[{"href":"https:\/\/generaldecontenedores.com\/fr\/wp-json\/wp\/v2\/product\/29857","targetHints":{"allow":["GET"]}}],"collection":[{"href":"https:\/\/generaldecontenedores.com\/fr\/wp-json\/wp\/v2\/product"}],"about":[{"href":"https:\/\/generaldecontenedores.com\/fr\/wp-json\/wp\/v2\/types\/product"}],"replies":[{"embeddable":true,"href":"https:\/\/generaldecontenedores.com\/fr\/wp-json\/wp\/v2\/comments?post=29857"}],"version-history":[{"count":1,"href":"https:\/\/generaldecontenedores.com\/fr\/wp-json\/wp\/v2\/product\/29857\/revisions"}],"predecessor-version":[{"id":29862,"href":"https:\/\/generaldecontenedores.com\/fr\/wp-json\/wp\/v2\/product\/29857\/revisions\/29862"}],"wp:featuredmedia":[{"embeddable":true,"href":"https:\/\/generaldecontenedores.com\/fr\/wp-json\/wp\/v2\/media\/29858"}],"wp:attachment":[{"href":"https:\/\/generaldecontenedores.com\/fr\/wp-json\/wp\/v2\/media?parent=29857"}],"wp:term":[{"taxonomy":"product_brand","embeddable":true,"href":"https:\/\/generaldecontenedores.com\/fr\/wp-json\/wp\/v2\/product_brand?post=29857"},{"taxonomy":"product_cat","embeddable":true,"href":"https:\/\/generaldecontenedores.com\/fr\/wp-json\/wp\/v2\/product_cat?post=29857"},{"taxonomy":"product_tag","embeddable":true,"href":"https:\/\/generaldecontenedores.com\/fr\/wp-json\/wp\/v2\/product_tag?post=29857"}],"curies":[{"name":"wp","href":"https:\/\/api.w.org\/{rel}","templated":true}]}}