{"id":29863,"date":"2025-09-13T09:40:34","date_gmt":"2025-09-13T09:40:34","guid":{"rendered":"https:\/\/generaldecontenedores.com\/?post_type=product&#038;p=29863"},"modified":"2025-09-13T09:40:35","modified_gmt":"2025-09-13T09:40:35","slug":"contenedor-maritimo-40-pies-usado-rojo-textainer","status":"publish","type":"product","link":"https:\/\/generaldecontenedores.com\/fr\/shop\/contenedor-maritimo\/contenedor-de-40-pies\/contenedor-maritimo-40-pies-usado-rojo-textainer\/","title":{"rendered":"Conteneur maritime 40' rouge d'occasion Textainer Class A d'occasion"},"content":{"rendered":"<h2>Conteneur maritime 40' rouge d'occasion - Textainer - Classe A (CW)<\/h2>\n<p>Le <strong>conteneur maritime 40 pieds rouge Textainer<\/strong> est une solution robuste, s\u00fbre et polyvalente pour ceux qui ont besoin de plus de capacit\u00e9 de charge ou d'espace de stockage. Class\u00e9 comme <strong>Classe A \/ CW (Cargo Worthy)<\/strong>, Il est en excellent \u00e9tat et r\u00e9pond aux normes internationales en mati\u00e8re d'exportation et d'exp\u00e9dition. Fabriqu\u00e9 par <strong>Textainer<\/strong>, l'un des principaux fabricants de conteneurs au monde, garantit une fiabilit\u00e9 et une durabilit\u00e9 maximales.<\/p>\n<h3>Caract\u00e9ristiques techniques du conteneur maritime de 40 pieds<\/h3>\n<ul>\n<li>Taille standard : 40 pieds<\/li>\n<li>Classification : Classe A \/ CW (Cargo Worthy), apte \u00e0 l'exportation<\/li>\n<li>Marque : Textainer<\/li>\n<li>Couleur : rouge<\/li>\n<li>Structure anticorrosion en acier corten<\/li>\n<li>Plancher en bois solide et durable<\/li>\n<li>Portes s\u00e9curis\u00e9es et parfaitement \u00e9tanches<\/li>\n<\/ul>\n<p>Sa structure en acier Corten est con\u00e7ue pour r\u00e9sister aux conditions les plus extr\u00eames, qu'il s'agisse de longs voyages en mer ou d'ann\u00e9es d'utilisation sur des chantiers de construction ou des installations logistiques. Le plancher en bois trait\u00e9 assure la stabilit\u00e9, tandis que les portes \u00e9tanches prot\u00e8gent du vent, de l'eau et de l'humidit\u00e9.<\/p>\n<h3>Utilisations recommand\u00e9es du conteneur maritime 40' rouge d'occasion<\/h3>\n<p>Le <strong>conteneur maritime 40 pieds rouge Textainer<\/strong> offre un large \u00e9ventail d'applications :<\/p>\n<ul>\n<li><strong>Exportation et transport international<\/strong> d'importants volumes de marchandises<\/li>\n<li><strong>Stockage s\u00e9curis\u00e9<\/strong> de marchandises en vrac, de machines ou de mat\u00e9riaux sensibles<\/li>\n<li><strong>Projets de transformation<\/strong>bureaux mobiles, modules d'habitation, ateliers ou stands<\/li>\n<\/ul>\n<p>Sa taille en fait l'une des options les plus recherch\u00e9es par les entreprises de construction, de logistique et de commerce international, offrant une combinaison id\u00e9ale d'espace, de s\u00e9curit\u00e9 et de solidit\u00e9.<\/p>\n<h3>Avantages de l'achat d'un conteneur maritime en Espagne<\/h3>\n<p>Lors du choix d'un <strong>conteneur maritime 40 pieds rouge d'occasion<\/strong>, vous investissez dans une solution pratique et durable qui apporte une valeur ajout\u00e9e \u00e0 vos projets. Outre sa grande capacit\u00e9, la r\u00e9utilisation d'un conteneur en excellent \u00e9tat favorise la durabilit\u00e9 et l'\u00e9conomie circulaire, en r\u00e9duisant l'impact sur l'environnement.<\/p>\n<h3>Pourquoi choisir General de Contenedores<\/h3>\n<ul>\n<li>Photos r\u00e9elles du conteneur livr\u00e9<\/li>\n<li>Livraison rapide calcul\u00e9e automatiquement lors de la commande<\/li>\n<li>Option de transport avec un camion standard ou un camion-grue<\/li>\n<li>Achat direct et transparent, pas de co\u00fbts cach\u00e9s<\/li>\n<\/ul>\n<p>Avec <strong>Conteneur g\u00e9n\u00e9ral<\/strong> vous obtenez plus qu'un simple espace m\u00e9tallique : vous obtenez un conteneur fiable, pr\u00eat pour l'exportation, le stockage ou la transformation. Ce Textainer de 40 pieds allie espace, robustesse et fiabilit\u00e9 pour assurer la r\u00e9ussite de vos projets.<\/p>","protected":false},"excerpt":{"rendered":"<p>Le <strong>conteneur maritime 40 pieds rouge Textainer<\/strong> \u00e0 <strong>Classe A \/ CW (Cargo Worthy)<\/strong> est en excellent \u00e9tat. Id\u00e9al pour le transport international, le stockage \u00e0 long terme ou les projets de transformation. Robuste, s\u00fbr et pr\u00eat \u00e0 l'emploi.<\/p>","protected":false},"featured_media":29865,"comment_status":"open","ping_status":"closed","template":"","meta":[],"product_brand":[],"product_cat":[81],"product_tag":[92],"class_list":{"0":"post-29863","1":"product","2":"type-product","3":"status-publish","4":"has-post-thumbnail","6":"product_cat-contenedor-de-40-pies","7":"product_tag-contenedor-usado","9":"first","10":"instock","11":"taxable","12":"shipping-taxable","13":"purchasable","14":"product-type-simple"},"yoast_head":"<!-- This site is optimized with the Yoast SEO plugin v27.4 - https:\/\/yoast.com\/product\/yoast-seo-wordpress\/ -->\n<title>Contenedor mar\u00edtimo 40 pies usado rojo Textainer Clase A<\/title>\n<meta name=\"description\" content=\"Compra contenedor mar\u00edtimo 40 pies usado rojo Textainer Clase A CW. Ideal para exportaci\u00f3n, almacenamiento o proyectos. \u00a1Entrega en Espa\u00f1a!\" \/>\n<meta name=\"robots\" content=\"index, follow, max-snippet:-1, max-image-preview:large, max-video-preview:-1\" \/>\n<link rel=\"canonical\" href=\"https:\/\/generaldecontenedores.com\/fr\/shop\/contenedor-maritimo\/contenedor-de-40-pies\/contenedor-maritimo-40-pies-usado-rojo-textainer\/\" \/>\n<meta property=\"og:locale\" content=\"fr_FR\" \/>\n<meta property=\"og:type\" content=\"article\" \/>\n<meta property=\"og:title\" content=\"Contenedor mar\u00edtimo 40 pies usado rojo Textainer Clase A\" \/>\n<meta property=\"og:description\" content=\"Compra contenedor mar\u00edtimo 40 pies usado rojo Textainer Clase A CW. Ideal para exportaci\u00f3n, almacenamiento o proyectos. \u00a1Entrega en Espa\u00f1a!\" \/>\n<meta property=\"og:url\" content=\"https:\/\/generaldecontenedores.com\/fr\/shop\/contenedor-maritimo\/contenedor-de-40-pies\/contenedor-maritimo-40-pies-usado-rojo-textainer\/\" \/>\n<meta property=\"og:site_name\" content=\"Transitaria General De Contenedores\" \/>\n<meta property=\"article:modified_time\" content=\"2025-09-13T09:40:35+00:00\" \/>\n<meta property=\"og:image\" content=\"http:\/\/generaldecontenedores.com\/wp-content\/uploads\/2025\/09\/LL1-min.jpg.jpeg\" \/>\n\t<meta property=\"og:image:width\" content=\"800\" \/>\n\t<meta property=\"og:image:height\" content=\"800\" \/>\n\t<meta property=\"og:image:type\" content=\"image\/jpeg\" \/>\n<meta name=\"twitter:card\" content=\"summary_large_image\" \/>\n<meta name=\"twitter:label1\" content=\"Prix\" \/>\n\t<meta name=\"twitter:data1\" content=\"1.900,00&nbsp;&euro;\" \/>\n\t<meta name=\"twitter:label2\" content=\"Disponibilit\u00e9\" \/>\n\t<meta name=\"twitter:data2\" content=\"En stock\" \/>\n<script type=\"application\/ld+json\" class=\"yoast-schema-graph\">{\"@context\":\"https:\\\/\\\/schema.org\",\"@graph\":[{\"@type\":\"WebPage\",\"@id\":\"https:\\\/\\\/generaldecontenedores.com\\\/shop\\\/contenedor-maritimo\\\/contenedor-de-40-pies\\\/contenedor-maritimo-40-pies-usado-rojo-textainer\\\/\",\"url\":\"https:\\\/\\\/generaldecontenedores.com\\\/shop\\\/contenedor-maritimo\\\/contenedor-de-40-pies\\\/contenedor-maritimo-40-pies-usado-rojo-textainer\\\/\",\"name\":\"Contenedor mar\u00edtimo 40 pies usado rojo Textainer Clase A\",\"isPartOf\":{\"@id\":\"https:\\\/\\\/generaldecontenedores.com\\\/#website\"},\"primaryImageOfPage\":{\"@id\":\"https:\\\/\\\/generaldecontenedores.com\\\/shop\\\/contenedor-maritimo\\\/contenedor-de-40-pies\\\/contenedor-maritimo-40-pies-usado-rojo-textainer\\\/#primaryimage\"},\"image\":{\"@id\":\"https:\\\/\\\/generaldecontenedores.com\\\/shop\\\/contenedor-maritimo\\\/contenedor-de-40-pies\\\/contenedor-maritimo-40-pies-usado-rojo-textainer\\\/#primaryimage\"},\"thumbnailUrl\":\"https:\\\/\\\/generaldecontenedores.com\\\/wp-content\\\/uploads\\\/2025\\\/09\\\/LL1-min.jpg.jpeg\",\"datePublished\":\"2025-09-13T09:40:34+00:00\",\"dateModified\":\"2025-09-13T09:40:35+00:00\",\"description\":\"Compra contenedor mar\u00edtimo 40 pies usado rojo Textainer Clase A CW. Ideal para exportaci\u00f3n, almacenamiento o proyectos. \u00a1Entrega en Espa\u00f1a!\",\"breadcrumb\":{\"@id\":\"https:\\\/\\\/generaldecontenedores.com\\\/shop\\\/contenedor-maritimo\\\/contenedor-de-40-pies\\\/contenedor-maritimo-40-pies-usado-rojo-textainer\\\/#breadcrumb\"},\"inLanguage\":\"fr-FR\",\"potentialAction\":[{\"@type\":\"ReadAction\",\"target\":[\"https:\\\/\\\/generaldecontenedores.com\\\/shop\\\/contenedor-maritimo\\\/contenedor-de-40-pies\\\/contenedor-maritimo-40-pies-usado-rojo-textainer\\\/\"]}]},{\"@type\":\"ImageObject\",\"inLanguage\":\"fr-FR\",\"@id\":\"https:\\\/\\\/generaldecontenedores.com\\\/shop\\\/contenedor-maritimo\\\/contenedor-de-40-pies\\\/contenedor-maritimo-40-pies-usado-rojo-textainer\\\/#primaryimage\",\"url\":\"https:\\\/\\\/generaldecontenedores.com\\\/wp-content\\\/uploads\\\/2025\\\/09\\\/LL1-min.jpg.jpeg\",\"contentUrl\":\"https:\\\/\\\/generaldecontenedores.com\\\/wp-content\\\/uploads\\\/2025\\\/09\\\/LL1-min.jpg.jpeg\",\"width\":800,\"height\":800,\"caption\":\"Contenedor mar\u00edtimo 40 pies usado rojo Textainer Clase A CW en Espa\u00f1a\"},{\"@type\":\"BreadcrumbList\",\"@id\":\"https:\\\/\\\/generaldecontenedores.com\\\/shop\\\/contenedor-maritimo\\\/contenedor-de-40-pies\\\/contenedor-maritimo-40-pies-usado-rojo-textainer\\\/#breadcrumb\",\"itemListElement\":[{\"@type\":\"ListItem\",\"position\":1,\"name\":\"Accueil\",\"item\":\"https:\\\/\\\/generaldecontenedores.com\\\/\"},{\"@type\":\"ListItem\",\"position\":2,\"name\":\"Shop\",\"item\":\"https:\\\/\\\/generaldecontenedores.com\\\/shop\\\/\"},{\"@type\":\"ListItem\",\"position\":3,\"name\":\"Contenedor mar\u00edtimo 40 pies usado rojo Textainer Clase A\"}]},{\"@type\":\"WebSite\",\"@id\":\"https:\\\/\\\/generaldecontenedores.com\\\/#website\",\"url\":\"https:\\\/\\\/generaldecontenedores.com\\\/\",\"name\":\"Transitaria General De Contenedores\",\"description\":\"My WordPress Blog\",\"potentialAction\":[{\"@type\":\"SearchAction\",\"target\":{\"@type\":\"EntryPoint\",\"urlTemplate\":\"https:\\\/\\\/generaldecontenedores.com\\\/?s={search_term_string}\"},\"query-input\":{\"@type\":\"PropertyValueSpecification\",\"valueRequired\":true,\"valueName\":\"search_term_string\"}}],\"inLanguage\":\"fr-FR\"}]}<\/script>\n<meta property=\"product:price:amount\" content=\"1900.00\" \/>\n<meta property=\"product:price:currency\" content=\"EUR\" \/>\n<meta property=\"og:availability\" content=\"instock\" \/>\n<meta property=\"product:availability\" content=\"instock\" \/>\n<meta property=\"product:retailer_item_id\" content=\"GDC-40P-RED-TX-A001\" \/>\n<meta property=\"product:condition\" content=\"new\" \/>\n<!-- \/ Yoast SEO plugin. -->","yoast_head_json":{"title":"Conteneur maritime 40' rouge d'occasion Textainer Class A d'occasion","description":"Compra contenedor mar\u00edtimo 40 pies usado rojo Textainer Clase A CW. Ideal para exportaci\u00f3n, almacenamiento o proyectos. \u00a1Entrega en Espa\u00f1a!","robots":{"index":"index","follow":"follow","max-snippet":"max-snippet:-1","max-image-preview":"max-image-preview:large","max-video-preview":"max-video-preview:-1"},"canonical":"https:\/\/generaldecontenedores.com\/fr\/shop\/contenedor-maritimo\/contenedor-de-40-pies\/contenedor-maritimo-40-pies-usado-rojo-textainer\/","og_locale":"fr_FR","og_type":"article","og_title":"Contenedor mar\u00edtimo 40 pies usado rojo Textainer Clase A","og_description":"Compra contenedor mar\u00edtimo 40 pies usado rojo Textainer Clase A CW. Ideal para exportaci\u00f3n, almacenamiento o proyectos. \u00a1Entrega en Espa\u00f1a!","og_url":"https:\/\/generaldecontenedores.com\/fr\/shop\/contenedor-maritimo\/contenedor-de-40-pies\/contenedor-maritimo-40-pies-usado-rojo-textainer\/","og_site_name":"Transitaria General De Contenedores","article_modified_time":"2025-09-13T09:40:35+00:00","og_image":[{"width":800,"height":800,"url":"http:\/\/generaldecontenedores.com\/wp-content\/uploads\/2025\/09\/LL1-min.jpg.jpeg","type":"image\/jpeg"}],"twitter_card":"summary_large_image","twitter_misc":{"Prix":"1.900,00&nbsp;&euro;","Disponibilit\u00e9":"En stock"},"schema":{"@context":"https:\/\/schema.org","@graph":[{"@type":"WebPage","@id":"https:\/\/generaldecontenedores.com\/shop\/contenedor-maritimo\/contenedor-de-40-pies\/contenedor-maritimo-40-pies-usado-rojo-textainer\/","url":"https:\/\/generaldecontenedores.com\/shop\/contenedor-maritimo\/contenedor-de-40-pies\/contenedor-maritimo-40-pies-usado-rojo-textainer\/","name":"Conteneur maritime 40' rouge d'occasion Textainer Class A d'occasion","isPartOf":{"@id":"https:\/\/generaldecontenedores.com\/#website"},"primaryImageOfPage":{"@id":"https:\/\/generaldecontenedores.com\/shop\/contenedor-maritimo\/contenedor-de-40-pies\/contenedor-maritimo-40-pies-usado-rojo-textainer\/#primaryimage"},"image":{"@id":"https:\/\/generaldecontenedores.com\/shop\/contenedor-maritimo\/contenedor-de-40-pies\/contenedor-maritimo-40-pies-usado-rojo-textainer\/#primaryimage"},"thumbnailUrl":"https:\/\/generaldecontenedores.com\/wp-content\/uploads\/2025\/09\/LL1-min.jpg.jpeg","datePublished":"2025-09-13T09:40:34+00:00","dateModified":"2025-09-13T09:40:35+00:00","description":"Compra contenedor mar\u00edtimo 40 pies usado rojo Textainer Clase A CW. Ideal para exportaci\u00f3n, almacenamiento o proyectos. \u00a1Entrega en Espa\u00f1a!","breadcrumb":{"@id":"https:\/\/generaldecontenedores.com\/shop\/contenedor-maritimo\/contenedor-de-40-pies\/contenedor-maritimo-40-pies-usado-rojo-textainer\/#breadcrumb"},"inLanguage":"fr-FR","potentialAction":[{"@type":"ReadAction","target":["https:\/\/generaldecontenedores.com\/shop\/contenedor-maritimo\/contenedor-de-40-pies\/contenedor-maritimo-40-pies-usado-rojo-textainer\/"]}]},{"@type":"ImageObject","inLanguage":"fr-FR","@id":"https:\/\/generaldecontenedores.com\/shop\/contenedor-maritimo\/contenedor-de-40-pies\/contenedor-maritimo-40-pies-usado-rojo-textainer\/#primaryimage","url":"https:\/\/generaldecontenedores.com\/wp-content\/uploads\/2025\/09\/LL1-min.jpg.jpeg","contentUrl":"https:\/\/generaldecontenedores.com\/wp-content\/uploads\/2025\/09\/LL1-min.jpg.jpeg","width":800,"height":800,"caption":"Contenedor mar\u00edtimo 40 pies usado rojo Textainer Clase A CW en Espa\u00f1a"},{"@type":"BreadcrumbList","@id":"https:\/\/generaldecontenedores.com\/shop\/contenedor-maritimo\/contenedor-de-40-pies\/contenedor-maritimo-40-pies-usado-rojo-textainer\/#breadcrumb","itemListElement":[{"@type":"ListItem","position":1,"name":"Accueil","item":"https:\/\/generaldecontenedores.com\/"},{"@type":"ListItem","position":2,"name":"Shop","item":"https:\/\/generaldecontenedores.com\/shop\/"},{"@type":"ListItem","position":3,"name":"Contenedor mar\u00edtimo 40 pies usado rojo Textainer Clase A"}]},{"@type":"WebSite","@id":"https:\/\/generaldecontenedores.com\/#website","url":"https:\/\/generaldecontenedores.com\/","name":"Transitaria General De Contenedores","description":"Mon blog WordPress","potentialAction":[{"@type":"SearchAction","target":{"@type":"EntryPoint","urlTemplate":"https:\/\/generaldecontenedores.com\/?s={search_term_string}"},"query-input":{"@type":"PropertyValueSpecification","valueRequired":true,"valueName":"search_term_string"}}],"inLanguage":"fr-FR"}]},"product_price_amount":"1900.00","product_price_currency":"EUR","og_availability":"instock","product_availability":"instock","product_retailer_item_id":"GDC-40P-RED-TX-A001","product_condition":"new"},"_links":{"self":[{"href":"https:\/\/generaldecontenedores.com\/fr\/wp-json\/wp\/v2\/product\/29863","targetHints":{"allow":["GET"]}}],"collection":[{"href":"https:\/\/generaldecontenedores.com\/fr\/wp-json\/wp\/v2\/product"}],"about":[{"href":"https:\/\/generaldecontenedores.com\/fr\/wp-json\/wp\/v2\/types\/product"}],"replies":[{"embeddable":true,"href":"https:\/\/generaldecontenedores.com\/fr\/wp-json\/wp\/v2\/comments?post=29863"}],"version-history":[{"count":1,"href":"https:\/\/generaldecontenedores.com\/fr\/wp-json\/wp\/v2\/product\/29863\/revisions"}],"predecessor-version":[{"id":29869,"href":"https:\/\/generaldecontenedores.com\/fr\/wp-json\/wp\/v2\/product\/29863\/revisions\/29869"}],"wp:featuredmedia":[{"embeddable":true,"href":"https:\/\/generaldecontenedores.com\/fr\/wp-json\/wp\/v2\/media\/29865"}],"wp:attachment":[{"href":"https:\/\/generaldecontenedores.com\/fr\/wp-json\/wp\/v2\/media?parent=29863"}],"wp:term":[{"taxonomy":"product_brand","embeddable":true,"href":"https:\/\/generaldecontenedores.com\/fr\/wp-json\/wp\/v2\/product_brand?post=29863"},{"taxonomy":"product_cat","embeddable":true,"href":"https:\/\/generaldecontenedores.com\/fr\/wp-json\/wp\/v2\/product_cat?post=29863"},{"taxonomy":"product_tag","embeddable":true,"href":"https:\/\/generaldecontenedores.com\/fr\/wp-json\/wp\/v2\/product_tag?post=29863"}],"curies":[{"name":"wp","href":"https:\/\/api.w.org\/{rel}","templated":true}]}}