{"id":29882,"date":"2025-09-13T10:51:37","date_gmt":"2025-09-13T10:51:37","guid":{"rendered":"https:\/\/generaldecontenedores.com\/?post_type=product&#038;p=29882"},"modified":"2025-09-13T10:51:37","modified_gmt":"2025-09-13T10:51:37","slug":"contenedor-maritimo-40-pies-usado-rojo-beacon","status":"publish","type":"product","link":"https:\/\/generaldecontenedores.com\/fr\/shop\/contenedor-maritimo\/contenedor-de-40-pies\/contenedor-maritimo-40-pies-usado-rojo-beacon\/","title":{"rendered":"Conteneur maritime 40' rouge usag\u00e9 - BEACON - Classe A (CW)"},"content":{"rendered":"<h2>Conteneur maritime 40' rouge usag\u00e9 - BEACON - Classe A (CW)<\/h2>\n<p>Le <strong>conteneur maritime 40 pieds d'occasion rouge BEACON<\/strong> est une solution fiable, robuste et polyvalente pour ceux qui ont besoin d'une capacit\u00e9 de charge \u00e9lev\u00e9e ou d'un espace de stockage s\u00e9curis\u00e9. Class\u00e9 comme <strong>Classe A \/ CW (Cargo Worthy)<\/strong>, Il est en excellent \u00e9tat structurel et r\u00e9pond aux normes internationales d'exportation et d'exp\u00e9dition.<\/p>\n<h3>Caract\u00e9ristiques techniques du conteneur BEACON de 40 pieds<\/h3>\n<ul>\n<li>Taille standard : 40 pieds<\/li>\n<li>Classification : Classe A \/ CW (Cargo Worthy)<\/li>\n<li>Marque : BEACON<\/li>\n<li>Couleur : rouge<\/li>\n<li>Structure anticorrosion en acier corten<\/li>\n<li>Plancher en bois solide et durable<\/li>\n<li>Portes s\u00e9curis\u00e9es et parfaitement \u00e9tanches<\/li>\n<\/ul>\n<p>Fabriqu\u00e9 en acier corten, ce conteneur r\u00e9siste \u00e0 la corrosion et aux conditions les plus exigeantes. Le plancher en bois trait\u00e9 assure la stabilit\u00e9 et la s\u00e9curit\u00e9 de tous les types de marchandises, tandis que les portes \u00e9tanches prot\u00e8gent de l'humidit\u00e9 et de l'usure de l'environnement.<\/p>\n<h3>Utilisations recommand\u00e9es du conteneur maritime de 40 pieds<\/h3>\n<p>Le <strong>conteneur maritime 40 pieds d'occasion rouge BEACON<\/strong> offre de nombreuses applications pratiques :<\/p>\n<ul>\n<li><strong>Exportation et transport international<\/strong> de marchandises \u00e0 grande \u00e9chelle<\/li>\n<li><strong>Stockage s\u00e9curis\u00e9<\/strong> sur les chantiers de construction, les installations industrielles ou les centres logistiques<\/li>\n<li><strong>Projets de transformation<\/strong>Modules de bureaux, habitations mobiles, ateliers ou stands<\/li>\n<\/ul>\n<p>Sa taille standard le rend compatible avec la plupart des syst\u00e8mes de chargement et de manutention, ce qui garantit l'efficacit\u00e9 et la facilit\u00e9 de la logistique quotidienne.<\/p>\n<h3>Avantages de l'achat d'un conteneur BEACON en Espagne<\/h3>\n<p>Investir dans un mod\u00e8le BEACON 40 pieds, c'est investir dans la qualit\u00e9, la fiabilit\u00e9 et la durabilit\u00e9. Sa couleur rouge offre une visibilit\u00e9 accrue dans les zones de travail et de transport, ce qui augmente la s\u00e9curit\u00e9 des op\u00e9rations. De plus, en r\u00e9utilisant un conteneur en parfait \u00e9tat, vous contribuez \u00e0 r\u00e9duire l'impact sur l'environnement et \u00e0 promouvoir une \u00e9conomie circulaire.<\/p>\n<h3>Pourquoi choisir General de Contenedores<\/h3>\n<ul>\n<li>Photos r\u00e9elles du conteneur livr\u00e9<\/li>\n<li>Livraison rapide et calcul automatique \u00e0 la caisse<\/li>\n<li>Option de transport avec un camion standard ou un camion-grue<\/li>\n<li>Achat direct, transparent et sans co\u00fbts cach\u00e9s<\/li>\n<\/ul>\n<p>Avec <strong>Conteneur g\u00e9n\u00e9ral<\/strong>vous acqu\u00e9rez un <strong>conteneur maritime 40 pieds d'occasion rouge BEACON<\/strong> qui n'est pas un simple module m\u00e9tallique, mais une solution durable et polyvalente pour l'exportation, le stockage et les projets personnalis\u00e9s.<\/p>","protected":false},"excerpt":{"rendered":"<p>Le <strong>conteneur maritime 40 pieds d'occasion rouge BEACON<\/strong> \u00e0 <strong>Classe A \/ CW (Cargo Worthy)<\/strong> est en excellent \u00e9tat. Robuste, \u00e9tanche et pr\u00eat pour l'exportation, le stockage en toute s\u00e9curit\u00e9 ou les projets de conversion.<\/p>","protected":false},"featured_media":29883,"comment_status":"open","ping_status":"closed","template":"","meta":[],"product_brand":[],"product_cat":[81],"product_tag":[92],"class_list":{"0":"post-29882","1":"product","2":"type-product","3":"status-publish","4":"has-post-thumbnail","6":"product_cat-contenedor-de-40-pies","7":"product_tag-contenedor-usado","9":"first","10":"instock","11":"taxable","12":"shipping-taxable","13":"purchasable","14":"product-type-simple"},"yoast_head":"<!-- This site is optimized with the Yoast SEO plugin v27.4 - https:\/\/yoast.com\/product\/yoast-seo-wordpress\/ -->\n<title>Contenedor mar\u00edtimo 40 pies usado rojo BEACON Clase A<\/title>\n<meta name=\"description\" content=\"Contenedor mar\u00edtimo 40 pies usado rojo BEACON Clase A CW. Ideal para exportaci\u00f3n, almacenamiento o proyectos. \u00a1Entrega r\u00e1pida en Espa\u00f1a!\" \/>\n<meta name=\"robots\" content=\"index, follow, max-snippet:-1, max-image-preview:large, max-video-preview:-1\" \/>\n<link rel=\"canonical\" href=\"https:\/\/generaldecontenedores.com\/fr\/shop\/contenedor-maritimo\/contenedor-de-40-pies\/contenedor-maritimo-40-pies-usado-rojo-beacon\/\" \/>\n<meta property=\"og:locale\" content=\"fr_FR\" \/>\n<meta property=\"og:type\" content=\"article\" \/>\n<meta property=\"og:title\" content=\"Contenedor mar\u00edtimo 40 pies usado rojo BEACON Clase A\" \/>\n<meta property=\"og:description\" content=\"Contenedor mar\u00edtimo 40 pies usado rojo BEACON Clase A CW. Ideal para exportaci\u00f3n, almacenamiento o proyectos. \u00a1Entrega r\u00e1pida en Espa\u00f1a!\" \/>\n<meta property=\"og:url\" content=\"https:\/\/generaldecontenedores.com\/fr\/shop\/contenedor-maritimo\/contenedor-de-40-pies\/contenedor-maritimo-40-pies-usado-rojo-beacon\/\" \/>\n<meta property=\"og:site_name\" content=\"Transitaria General De Contenedores\" \/>\n<meta property=\"og:image\" content=\"http:\/\/generaldecontenedores.com\/wp-content\/uploads\/2025\/09\/DDD2-min.jpg.jpeg\" \/>\n\t<meta property=\"og:image:width\" content=\"800\" \/>\n\t<meta property=\"og:image:height\" content=\"800\" \/>\n\t<meta property=\"og:image:type\" content=\"image\/jpeg\" \/>\n<meta name=\"twitter:card\" content=\"summary_large_image\" \/>\n<meta name=\"twitter:label1\" content=\"Prix\" \/>\n\t<meta name=\"twitter:data1\" content=\"1.890,00&nbsp;&euro;\" \/>\n\t<meta name=\"twitter:label2\" content=\"Disponibilit\u00e9\" \/>\n\t<meta name=\"twitter:data2\" content=\"En stock\" \/>\n<script type=\"application\/ld+json\" class=\"yoast-schema-graph\">{\"@context\":\"https:\\\/\\\/schema.org\",\"@graph\":[{\"@type\":\"WebPage\",\"@id\":\"https:\\\/\\\/generaldecontenedores.com\\\/shop\\\/contenedor-maritimo\\\/contenedor-de-40-pies\\\/contenedor-maritimo-40-pies-usado-rojo-beacon\\\/\",\"url\":\"https:\\\/\\\/generaldecontenedores.com\\\/shop\\\/contenedor-maritimo\\\/contenedor-de-40-pies\\\/contenedor-maritimo-40-pies-usado-rojo-beacon\\\/\",\"name\":\"Contenedor mar\u00edtimo 40 pies usado rojo BEACON Clase A\",\"isPartOf\":{\"@id\":\"https:\\\/\\\/generaldecontenedores.com\\\/#website\"},\"primaryImageOfPage\":{\"@id\":\"https:\\\/\\\/generaldecontenedores.com\\\/shop\\\/contenedor-maritimo\\\/contenedor-de-40-pies\\\/contenedor-maritimo-40-pies-usado-rojo-beacon\\\/#primaryimage\"},\"image\":{\"@id\":\"https:\\\/\\\/generaldecontenedores.com\\\/shop\\\/contenedor-maritimo\\\/contenedor-de-40-pies\\\/contenedor-maritimo-40-pies-usado-rojo-beacon\\\/#primaryimage\"},\"thumbnailUrl\":\"https:\\\/\\\/generaldecontenedores.com\\\/wp-content\\\/uploads\\\/2025\\\/09\\\/DDD2-min.jpg.jpeg\",\"datePublished\":\"2025-09-13T10:51:37+00:00\",\"description\":\"Contenedor mar\u00edtimo 40 pies usado rojo BEACON Clase A CW. Ideal para exportaci\u00f3n, almacenamiento o proyectos. \u00a1Entrega r\u00e1pida en Espa\u00f1a!\",\"breadcrumb\":{\"@id\":\"https:\\\/\\\/generaldecontenedores.com\\\/shop\\\/contenedor-maritimo\\\/contenedor-de-40-pies\\\/contenedor-maritimo-40-pies-usado-rojo-beacon\\\/#breadcrumb\"},\"inLanguage\":\"fr-FR\",\"potentialAction\":[{\"@type\":\"ReadAction\",\"target\":[\"https:\\\/\\\/generaldecontenedores.com\\\/shop\\\/contenedor-maritimo\\\/contenedor-de-40-pies\\\/contenedor-maritimo-40-pies-usado-rojo-beacon\\\/\"]}]},{\"@type\":\"ImageObject\",\"inLanguage\":\"fr-FR\",\"@id\":\"https:\\\/\\\/generaldecontenedores.com\\\/shop\\\/contenedor-maritimo\\\/contenedor-de-40-pies\\\/contenedor-maritimo-40-pies-usado-rojo-beacon\\\/#primaryimage\",\"url\":\"https:\\\/\\\/generaldecontenedores.com\\\/wp-content\\\/uploads\\\/2025\\\/09\\\/DDD2-min.jpg.jpeg\",\"contentUrl\":\"https:\\\/\\\/generaldecontenedores.com\\\/wp-content\\\/uploads\\\/2025\\\/09\\\/DDD2-min.jpg.jpeg\",\"width\":800,\"height\":800,\"caption\":\"Contenedor mar\u00edtimo 40 pies usado rojo BEACON Clase A CW en Espa\u00f1a\"},{\"@type\":\"BreadcrumbList\",\"@id\":\"https:\\\/\\\/generaldecontenedores.com\\\/shop\\\/contenedor-maritimo\\\/contenedor-de-40-pies\\\/contenedor-maritimo-40-pies-usado-rojo-beacon\\\/#breadcrumb\",\"itemListElement\":[{\"@type\":\"ListItem\",\"position\":1,\"name\":\"Accueil\",\"item\":\"https:\\\/\\\/generaldecontenedores.com\\\/\"},{\"@type\":\"ListItem\",\"position\":2,\"name\":\"Shop\",\"item\":\"https:\\\/\\\/generaldecontenedores.com\\\/shop\\\/\"},{\"@type\":\"ListItem\",\"position\":3,\"name\":\"Contenedor mar\u00edtimo 40 pies usado rojo \u2013 BEACON \u2013 Clase A (CW)\"}]},{\"@type\":\"WebSite\",\"@id\":\"https:\\\/\\\/generaldecontenedores.com\\\/#website\",\"url\":\"https:\\\/\\\/generaldecontenedores.com\\\/\",\"name\":\"Transitaria General De Contenedores\",\"description\":\"My WordPress Blog\",\"potentialAction\":[{\"@type\":\"SearchAction\",\"target\":{\"@type\":\"EntryPoint\",\"urlTemplate\":\"https:\\\/\\\/generaldecontenedores.com\\\/?s={search_term_string}\"},\"query-input\":{\"@type\":\"PropertyValueSpecification\",\"valueRequired\":true,\"valueName\":\"search_term_string\"}}],\"inLanguage\":\"fr-FR\"}]}<\/script>\n<meta property=\"product:price:amount\" content=\"1890.00\" \/>\n<meta property=\"product:price:currency\" content=\"EUR\" \/>\n<meta property=\"og:availability\" content=\"instock\" \/>\n<meta property=\"product:availability\" content=\"instock\" \/>\n<meta property=\"product:retailer_item_id\" content=\"GDC-40P-RED-BCN-A001\" \/>\n<meta property=\"product:condition\" content=\"new\" \/>\n<!-- \/ Yoast SEO plugin. -->","yoast_head_json":{"title":"Contenedor mar\u00edtimo 40 pies usado rojo BEACON Clase A","description":"Contenedor mar\u00edtimo 40 pies usado rojo BEACON Clase A CW. Ideal para exportaci\u00f3n, almacenamiento o proyectos. \u00a1Entrega r\u00e1pida en Espa\u00f1a!","robots":{"index":"index","follow":"follow","max-snippet":"max-snippet:-1","max-image-preview":"max-image-preview:large","max-video-preview":"max-video-preview:-1"},"canonical":"https:\/\/generaldecontenedores.com\/fr\/shop\/contenedor-maritimo\/contenedor-de-40-pies\/contenedor-maritimo-40-pies-usado-rojo-beacon\/","og_locale":"fr_FR","og_type":"article","og_title":"Contenedor mar\u00edtimo 40 pies usado rojo BEACON Clase A","og_description":"Contenedor mar\u00edtimo 40 pies usado rojo BEACON Clase A CW. Ideal para exportaci\u00f3n, almacenamiento o proyectos. \u00a1Entrega r\u00e1pida en Espa\u00f1a!","og_url":"https:\/\/generaldecontenedores.com\/fr\/shop\/contenedor-maritimo\/contenedor-de-40-pies\/contenedor-maritimo-40-pies-usado-rojo-beacon\/","og_site_name":"Transitaria General De Contenedores","og_image":[{"width":800,"height":800,"url":"http:\/\/generaldecontenedores.com\/wp-content\/uploads\/2025\/09\/DDD2-min.jpg.jpeg","type":"image\/jpeg"}],"twitter_card":"summary_large_image","twitter_misc":{"Prix":"1.890,00&nbsp;&euro;","Disponibilit\u00e9":"En stock"},"schema":{"@context":"https:\/\/schema.org","@graph":[{"@type":"WebPage","@id":"https:\/\/generaldecontenedores.com\/shop\/contenedor-maritimo\/contenedor-de-40-pies\/contenedor-maritimo-40-pies-usado-rojo-beacon\/","url":"https:\/\/generaldecontenedores.com\/shop\/contenedor-maritimo\/contenedor-de-40-pies\/contenedor-maritimo-40-pies-usado-rojo-beacon\/","name":"Contenedor mar\u00edtimo 40 pies usado rojo BEACON Clase A","isPartOf":{"@id":"https:\/\/generaldecontenedores.com\/#website"},"primaryImageOfPage":{"@id":"https:\/\/generaldecontenedores.com\/shop\/contenedor-maritimo\/contenedor-de-40-pies\/contenedor-maritimo-40-pies-usado-rojo-beacon\/#primaryimage"},"image":{"@id":"https:\/\/generaldecontenedores.com\/shop\/contenedor-maritimo\/contenedor-de-40-pies\/contenedor-maritimo-40-pies-usado-rojo-beacon\/#primaryimage"},"thumbnailUrl":"https:\/\/generaldecontenedores.com\/wp-content\/uploads\/2025\/09\/DDD2-min.jpg.jpeg","datePublished":"2025-09-13T10:51:37+00:00","description":"Contenedor mar\u00edtimo 40 pies usado rojo BEACON Clase A CW. Ideal para exportaci\u00f3n, almacenamiento o proyectos. \u00a1Entrega r\u00e1pida en Espa\u00f1a!","breadcrumb":{"@id":"https:\/\/generaldecontenedores.com\/shop\/contenedor-maritimo\/contenedor-de-40-pies\/contenedor-maritimo-40-pies-usado-rojo-beacon\/#breadcrumb"},"inLanguage":"fr-FR","potentialAction":[{"@type":"ReadAction","target":["https:\/\/generaldecontenedores.com\/shop\/contenedor-maritimo\/contenedor-de-40-pies\/contenedor-maritimo-40-pies-usado-rojo-beacon\/"]}]},{"@type":"ImageObject","inLanguage":"fr-FR","@id":"https:\/\/generaldecontenedores.com\/shop\/contenedor-maritimo\/contenedor-de-40-pies\/contenedor-maritimo-40-pies-usado-rojo-beacon\/#primaryimage","url":"https:\/\/generaldecontenedores.com\/wp-content\/uploads\/2025\/09\/DDD2-min.jpg.jpeg","contentUrl":"https:\/\/generaldecontenedores.com\/wp-content\/uploads\/2025\/09\/DDD2-min.jpg.jpeg","width":800,"height":800,"caption":"Contenedor mar\u00edtimo 40 pies usado rojo BEACON Clase A CW en Espa\u00f1a"},{"@type":"BreadcrumbList","@id":"https:\/\/generaldecontenedores.com\/shop\/contenedor-maritimo\/contenedor-de-40-pies\/contenedor-maritimo-40-pies-usado-rojo-beacon\/#breadcrumb","itemListElement":[{"@type":"ListItem","position":1,"name":"Accueil","item":"https:\/\/generaldecontenedores.com\/"},{"@type":"ListItem","position":2,"name":"Shop","item":"https:\/\/generaldecontenedores.com\/shop\/"},{"@type":"ListItem","position":3,"name":"Contenedor mar\u00edtimo 40 pies usado rojo \u2013 BEACON \u2013 Clase A (CW)"}]},{"@type":"WebSite","@id":"https:\/\/generaldecontenedores.com\/#website","url":"https:\/\/generaldecontenedores.com\/","name":"Transitaria General De Contenedores","description":"Mon blog WordPress","potentialAction":[{"@type":"SearchAction","target":{"@type":"EntryPoint","urlTemplate":"https:\/\/generaldecontenedores.com\/?s={search_term_string}"},"query-input":{"@type":"PropertyValueSpecification","valueRequired":true,"valueName":"search_term_string"}}],"inLanguage":"fr-FR"}]},"product_price_amount":"1890.00","product_price_currency":"EUR","og_availability":"instock","product_availability":"instock","product_retailer_item_id":"GDC-40P-RED-BCN-A001","product_condition":"new"},"_links":{"self":[{"href":"https:\/\/generaldecontenedores.com\/fr\/wp-json\/wp\/v2\/product\/29882","targetHints":{"allow":["GET"]}}],"collection":[{"href":"https:\/\/generaldecontenedores.com\/fr\/wp-json\/wp\/v2\/product"}],"about":[{"href":"https:\/\/generaldecontenedores.com\/fr\/wp-json\/wp\/v2\/types\/product"}],"replies":[{"embeddable":true,"href":"https:\/\/generaldecontenedores.com\/fr\/wp-json\/wp\/v2\/comments?post=29882"}],"version-history":[{"count":1,"href":"https:\/\/generaldecontenedores.com\/fr\/wp-json\/wp\/v2\/product\/29882\/revisions"}],"predecessor-version":[{"id":29887,"href":"https:\/\/generaldecontenedores.com\/fr\/wp-json\/wp\/v2\/product\/29882\/revisions\/29887"}],"wp:featuredmedia":[{"embeddable":true,"href":"https:\/\/generaldecontenedores.com\/fr\/wp-json\/wp\/v2\/media\/29883"}],"wp:attachment":[{"href":"https:\/\/generaldecontenedores.com\/fr\/wp-json\/wp\/v2\/media?parent=29882"}],"wp:term":[{"taxonomy":"product_brand","embeddable":true,"href":"https:\/\/generaldecontenedores.com\/fr\/wp-json\/wp\/v2\/product_brand?post=29882"},{"taxonomy":"product_cat","embeddable":true,"href":"https:\/\/generaldecontenedores.com\/fr\/wp-json\/wp\/v2\/product_cat?post=29882"},{"taxonomy":"product_tag","embeddable":true,"href":"https:\/\/generaldecontenedores.com\/fr\/wp-json\/wp\/v2\/product_tag?post=29882"}],"curies":[{"name":"wp","href":"https:\/\/api.w.org\/{rel}","templated":true}]}}