{"id":29912,"date":"2025-09-13T12:24:11","date_gmt":"2025-09-13T12:24:11","guid":{"rendered":"https:\/\/generaldecontenedores.com\/?post_type=product&#038;p=29912"},"modified":"2025-09-13T12:24:11","modified_gmt":"2025-09-13T12:24:11","slug":"contenedor-20-pies-usado-rojo-beacon","status":"publish","type":"product","link":"https:\/\/generaldecontenedores.com\/fr\/shop\/contenedor-maritimo\/contenedor-20-pies\/contenedor-20-pies-usado-rojo-beacon\/","title":{"rendered":"Conteneur 20 pieds rouge usag\u00e9 - Balise - Classe A (CW)"},"content":{"rendered":"<h2>Conteneur 20 pieds rouge usag\u00e9 - Balise - Classe A (CW)<\/h2>\n<p>Le <strong>20' usag\u00e9 20' conteneur rouge Beacon<\/strong> est une solution fiable et robuste pour les entreprises et les particuliers \u00e0 la recherche d'un espace s\u00fbr et certifi\u00e9. Class\u00e9 comme <strong>Classe A \/ CW (Cargo Worthy)<\/strong>, Il est en excellent \u00e9tat structurel et r\u00e9pond \u00e0 toutes les exigences en mati\u00e8re d'exp\u00e9dition internationale et de stockage \u00e0 long terme.<\/p>\n<h3>Dimensions et capacit\u00e9 du conteneur 20<\/h3>\n<ul>\n<li>Longueur : 6,06 m<\/li>\n<li>Largeur : 2,44 m<\/li>\n<li>Hauteur : 2,59 m<\/li>\n<li>Volume utile : ~33 m\u00b3<\/li>\n<\/ul>\n<p>Sa capacit\u00e9 lui permet de transporter en toute s\u00e9curit\u00e9 des marchandises industrielles, des biens de consommation, des mat\u00e9riaux de construction ou des outils. Gr\u00e2ce \u00e0 sa structure m\u00e9tallique renforc\u00e9e, il r\u00e9siste aux chocs, aux charges lourdes et aux intemp\u00e9ries.<\/p>\n<h3>\u00c9tat et classification du conteneur usag\u00e9 de 20 pieds<\/h3>\n<p>Ce mod\u00e8le peut \u00eatre trouv\u00e9 dans <strong>Classe A \/ CW<\/strong>, ce qui signifie qu'elle est en excellent \u00e9tat et certifi\u00e9e pour le transport international. Bien qu'elle pr\u00e9sente de l\u00e9g\u00e8res traces d'utilisation, elle est toujours fonctionnelle \u00e0 100 % et poss\u00e8de des joints \u00e9tanches qui assurent une protection totale contre le vent et l'eau, pr\u00e9servant ainsi le chargement \u00e0 tout moment.<\/p>\n<h3>Avantages d'un conteneur Beacon rouge<\/h3>\n<ul>\n<li>La marque Beacon Intermodal Leasing, reconnue dans le monde entier<\/li>\n<li>Structure anticorrosion en acier corten<\/li>\n<li>Couleur rouge offrant une grande visibilit\u00e9 dans les environnements logistiques<\/li>\n<li>Durabilit\u00e9 et fiabilit\u00e9 garanties<\/li>\n<\/ul>\n<p>Gr\u00e2ce \u00e0 sa classification CW, ce mod\u00e8le est parfait pour l'exportation maritime, le transport terrestre, le stockage s\u00e9curis\u00e9 et les projets modulaires exigeants.<\/p>\n<p>Avec <strong>Conteneur g\u00e9n\u00e9ral<\/strong>, vous investissez dans un <strong>conteneur usag\u00e9 de 20 pieds<\/strong> La marque Beacon offre s\u00e9curit\u00e9, durabilit\u00e9 et polyvalence, ce qui en fait une solution professionnelle haut de gamme pour le transport international et la logistique.<\/p>","protected":false},"excerpt":{"rendered":"<p>Le <strong>20' usag\u00e9 20' conteneur rouge Beacon<\/strong> \u00e0 <strong>Classe A \/ CW (Cargo Worthy)<\/strong> est en excellent \u00e9tat, totalement \u00e9tanche et certifi\u00e9 pour le transport international. Une option s\u00fbre et polyvalente pour le stockage ou la logistique.<\/p>","protected":false},"featured_media":29913,"comment_status":"open","ping_status":"closed","template":"","meta":[],"product_brand":[],"product_cat":[80],"product_tag":[92],"class_list":{"0":"post-29912","1":"product","2":"type-product","3":"status-publish","4":"has-post-thumbnail","6":"product_cat-contenedor-20-pies","7":"product_tag-contenedor-usado","9":"first","10":"instock","11":"taxable","12":"shipping-taxable","13":"purchasable","14":"product-type-simple"},"yoast_head":"<!-- This site is optimized with the Yoast SEO plugin v27.4 - https:\/\/yoast.com\/product\/yoast-seo-wordpress\/ -->\n<title>Contenedor 20 pies usado rojo Beacon Clase A<\/title>\n<meta name=\"description\" content=\"Contenedor 20 pies usado rojo Beacon Clase A CW. Certificado, estanco y duradero para exportaci\u00f3n, almacenamiento y proyectos. \u00a1Entrega en Espa\u00f1a!\" \/>\n<meta name=\"robots\" content=\"index, follow, max-snippet:-1, max-image-preview:large, max-video-preview:-1\" \/>\n<link rel=\"canonical\" href=\"https:\/\/generaldecontenedores.com\/fr\/shop\/contenedor-maritimo\/contenedor-20-pies\/contenedor-20-pies-usado-rojo-beacon\/\" \/>\n<meta property=\"og:locale\" content=\"fr_FR\" \/>\n<meta property=\"og:type\" content=\"article\" \/>\n<meta property=\"og:title\" content=\"Contenedor 20 pies usado rojo Beacon Clase A\" \/>\n<meta property=\"og:description\" content=\"Contenedor 20 pies usado rojo Beacon Clase A CW. Certificado, estanco y duradero para exportaci\u00f3n, almacenamiento y proyectos. \u00a1Entrega en Espa\u00f1a!\" \/>\n<meta property=\"og:url\" content=\"https:\/\/generaldecontenedores.com\/fr\/shop\/contenedor-maritimo\/contenedor-20-pies\/contenedor-20-pies-usado-rojo-beacon\/\" \/>\n<meta property=\"og:site_name\" content=\"Transitaria General De Contenedores\" \/>\n<meta property=\"og:image\" content=\"http:\/\/generaldecontenedores.com\/wp-content\/uploads\/2025\/09\/HH2-min.jpg.jpeg\" \/>\n\t<meta property=\"og:image:width\" content=\"800\" \/>\n\t<meta property=\"og:image:height\" content=\"800\" \/>\n\t<meta property=\"og:image:type\" content=\"image\/jpeg\" \/>\n<meta name=\"twitter:card\" content=\"summary_large_image\" \/>\n<meta name=\"twitter:label1\" content=\"Prix\" \/>\n\t<meta name=\"twitter:data1\" content=\"1.699,00&nbsp;&euro;\" \/>\n\t<meta name=\"twitter:label2\" content=\"Disponibilit\u00e9\" \/>\n\t<meta name=\"twitter:data2\" content=\"En stock\" \/>\n<script type=\"application\/ld+json\" class=\"yoast-schema-graph\">{\"@context\":\"https:\\\/\\\/schema.org\",\"@graph\":[{\"@type\":\"WebPage\",\"@id\":\"https:\\\/\\\/generaldecontenedores.com\\\/shop\\\/contenedor-maritimo\\\/contenedor-20-pies\\\/contenedor-20-pies-usado-rojo-beacon\\\/\",\"url\":\"https:\\\/\\\/generaldecontenedores.com\\\/shop\\\/contenedor-maritimo\\\/contenedor-20-pies\\\/contenedor-20-pies-usado-rojo-beacon\\\/\",\"name\":\"Contenedor 20 pies usado rojo Beacon Clase A\",\"isPartOf\":{\"@id\":\"https:\\\/\\\/generaldecontenedores.com\\\/#website\"},\"primaryImageOfPage\":{\"@id\":\"https:\\\/\\\/generaldecontenedores.com\\\/shop\\\/contenedor-maritimo\\\/contenedor-20-pies\\\/contenedor-20-pies-usado-rojo-beacon\\\/#primaryimage\"},\"image\":{\"@id\":\"https:\\\/\\\/generaldecontenedores.com\\\/shop\\\/contenedor-maritimo\\\/contenedor-20-pies\\\/contenedor-20-pies-usado-rojo-beacon\\\/#primaryimage\"},\"thumbnailUrl\":\"https:\\\/\\\/generaldecontenedores.com\\\/wp-content\\\/uploads\\\/2025\\\/09\\\/HH2-min.jpg.jpeg\",\"datePublished\":\"2025-09-13T12:24:11+00:00\",\"description\":\"Contenedor 20 pies usado rojo Beacon Clase A CW. Certificado, estanco y duradero para exportaci\u00f3n, almacenamiento y proyectos. \u00a1Entrega en Espa\u00f1a!\",\"breadcrumb\":{\"@id\":\"https:\\\/\\\/generaldecontenedores.com\\\/shop\\\/contenedor-maritimo\\\/contenedor-20-pies\\\/contenedor-20-pies-usado-rojo-beacon\\\/#breadcrumb\"},\"inLanguage\":\"fr-FR\",\"potentialAction\":[{\"@type\":\"ReadAction\",\"target\":[\"https:\\\/\\\/generaldecontenedores.com\\\/shop\\\/contenedor-maritimo\\\/contenedor-20-pies\\\/contenedor-20-pies-usado-rojo-beacon\\\/\"]}]},{\"@type\":\"ImageObject\",\"inLanguage\":\"fr-FR\",\"@id\":\"https:\\\/\\\/generaldecontenedores.com\\\/shop\\\/contenedor-maritimo\\\/contenedor-20-pies\\\/contenedor-20-pies-usado-rojo-beacon\\\/#primaryimage\",\"url\":\"https:\\\/\\\/generaldecontenedores.com\\\/wp-content\\\/uploads\\\/2025\\\/09\\\/HH2-min.jpg.jpeg\",\"contentUrl\":\"https:\\\/\\\/generaldecontenedores.com\\\/wp-content\\\/uploads\\\/2025\\\/09\\\/HH2-min.jpg.jpeg\",\"width\":800,\"height\":800,\"caption\":\"Contenedor 20 pies usado rojo Beacon Clase A CW en Espa\u00f1a\"},{\"@type\":\"BreadcrumbList\",\"@id\":\"https:\\\/\\\/generaldecontenedores.com\\\/shop\\\/contenedor-maritimo\\\/contenedor-20-pies\\\/contenedor-20-pies-usado-rojo-beacon\\\/#breadcrumb\",\"itemListElement\":[{\"@type\":\"ListItem\",\"position\":1,\"name\":\"Accueil\",\"item\":\"https:\\\/\\\/generaldecontenedores.com\\\/\"},{\"@type\":\"ListItem\",\"position\":2,\"name\":\"Shop\",\"item\":\"https:\\\/\\\/generaldecontenedores.com\\\/shop\\\/\"},{\"@type\":\"ListItem\",\"position\":3,\"name\":\"Contenedor 20 pies usado rojo \u2013 Beacon \u2013 Clase A (CW)\"}]},{\"@type\":\"WebSite\",\"@id\":\"https:\\\/\\\/generaldecontenedores.com\\\/#website\",\"url\":\"https:\\\/\\\/generaldecontenedores.com\\\/\",\"name\":\"Transitaria General De Contenedores\",\"description\":\"My WordPress Blog\",\"potentialAction\":[{\"@type\":\"SearchAction\",\"target\":{\"@type\":\"EntryPoint\",\"urlTemplate\":\"https:\\\/\\\/generaldecontenedores.com\\\/?s={search_term_string}\"},\"query-input\":{\"@type\":\"PropertyValueSpecification\",\"valueRequired\":true,\"valueName\":\"search_term_string\"}}],\"inLanguage\":\"fr-FR\"}]}<\/script>\n<meta property=\"product:price:amount\" content=\"1699.00\" \/>\n<meta property=\"product:price:currency\" content=\"EUR\" \/>\n<meta property=\"og:availability\" content=\"instock\" \/>\n<meta property=\"product:availability\" content=\"instock\" \/>\n<meta property=\"product:retailer_item_id\" content=\"GDC-20P-RED-BCN-A002\" \/>\n<meta property=\"product:condition\" content=\"new\" \/>\n<!-- \/ Yoast SEO plugin. -->","yoast_head_json":{"title":"Contenedor 20 pies usado rojo Beacon Clase A","description":"Contenedor 20 pies usado rojo Beacon Clase A CW. Certificado, estanco y duradero para exportaci\u00f3n, almacenamiento y proyectos. \u00a1Entrega en Espa\u00f1a!","robots":{"index":"index","follow":"follow","max-snippet":"max-snippet:-1","max-image-preview":"max-image-preview:large","max-video-preview":"max-video-preview:-1"},"canonical":"https:\/\/generaldecontenedores.com\/fr\/shop\/contenedor-maritimo\/contenedor-20-pies\/contenedor-20-pies-usado-rojo-beacon\/","og_locale":"fr_FR","og_type":"article","og_title":"Contenedor 20 pies usado rojo Beacon Clase A","og_description":"Contenedor 20 pies usado rojo Beacon Clase A CW. Certificado, estanco y duradero para exportaci\u00f3n, almacenamiento y proyectos. \u00a1Entrega en Espa\u00f1a!","og_url":"https:\/\/generaldecontenedores.com\/fr\/shop\/contenedor-maritimo\/contenedor-20-pies\/contenedor-20-pies-usado-rojo-beacon\/","og_site_name":"Transitaria General De Contenedores","og_image":[{"width":800,"height":800,"url":"http:\/\/generaldecontenedores.com\/wp-content\/uploads\/2025\/09\/HH2-min.jpg.jpeg","type":"image\/jpeg"}],"twitter_card":"summary_large_image","twitter_misc":{"Prix":"1.699,00&nbsp;&euro;","Disponibilit\u00e9":"En stock"},"schema":{"@context":"https:\/\/schema.org","@graph":[{"@type":"WebPage","@id":"https:\/\/generaldecontenedores.com\/shop\/contenedor-maritimo\/contenedor-20-pies\/contenedor-20-pies-usado-rojo-beacon\/","url":"https:\/\/generaldecontenedores.com\/shop\/contenedor-maritimo\/contenedor-20-pies\/contenedor-20-pies-usado-rojo-beacon\/","name":"Contenedor 20 pies usado rojo Beacon Clase A","isPartOf":{"@id":"https:\/\/generaldecontenedores.com\/#website"},"primaryImageOfPage":{"@id":"https:\/\/generaldecontenedores.com\/shop\/contenedor-maritimo\/contenedor-20-pies\/contenedor-20-pies-usado-rojo-beacon\/#primaryimage"},"image":{"@id":"https:\/\/generaldecontenedores.com\/shop\/contenedor-maritimo\/contenedor-20-pies\/contenedor-20-pies-usado-rojo-beacon\/#primaryimage"},"thumbnailUrl":"https:\/\/generaldecontenedores.com\/wp-content\/uploads\/2025\/09\/HH2-min.jpg.jpeg","datePublished":"2025-09-13T12:24:11+00:00","description":"Contenedor 20 pies usado rojo Beacon Clase A CW. Certificado, estanco y duradero para exportaci\u00f3n, almacenamiento y proyectos. \u00a1Entrega en Espa\u00f1a!","breadcrumb":{"@id":"https:\/\/generaldecontenedores.com\/shop\/contenedor-maritimo\/contenedor-20-pies\/contenedor-20-pies-usado-rojo-beacon\/#breadcrumb"},"inLanguage":"fr-FR","potentialAction":[{"@type":"ReadAction","target":["https:\/\/generaldecontenedores.com\/shop\/contenedor-maritimo\/contenedor-20-pies\/contenedor-20-pies-usado-rojo-beacon\/"]}]},{"@type":"ImageObject","inLanguage":"fr-FR","@id":"https:\/\/generaldecontenedores.com\/shop\/contenedor-maritimo\/contenedor-20-pies\/contenedor-20-pies-usado-rojo-beacon\/#primaryimage","url":"https:\/\/generaldecontenedores.com\/wp-content\/uploads\/2025\/09\/HH2-min.jpg.jpeg","contentUrl":"https:\/\/generaldecontenedores.com\/wp-content\/uploads\/2025\/09\/HH2-min.jpg.jpeg","width":800,"height":800,"caption":"Contenedor 20 pies usado rojo Beacon Clase A CW en Espa\u00f1a"},{"@type":"BreadcrumbList","@id":"https:\/\/generaldecontenedores.com\/shop\/contenedor-maritimo\/contenedor-20-pies\/contenedor-20-pies-usado-rojo-beacon\/#breadcrumb","itemListElement":[{"@type":"ListItem","position":1,"name":"Accueil","item":"https:\/\/generaldecontenedores.com\/"},{"@type":"ListItem","position":2,"name":"Shop","item":"https:\/\/generaldecontenedores.com\/shop\/"},{"@type":"ListItem","position":3,"name":"Contenedor 20 pies usado rojo \u2013 Beacon \u2013 Clase A (CW)"}]},{"@type":"WebSite","@id":"https:\/\/generaldecontenedores.com\/#website","url":"https:\/\/generaldecontenedores.com\/","name":"Transitaria General De Contenedores","description":"Mon blog WordPress","potentialAction":[{"@type":"SearchAction","target":{"@type":"EntryPoint","urlTemplate":"https:\/\/generaldecontenedores.com\/?s={search_term_string}"},"query-input":{"@type":"PropertyValueSpecification","valueRequired":true,"valueName":"search_term_string"}}],"inLanguage":"fr-FR"}]},"product_price_amount":"1699.00","product_price_currency":"EUR","og_availability":"instock","product_availability":"instock","product_retailer_item_id":"GDC-20P-RED-BCN-A002","product_condition":"new"},"_links":{"self":[{"href":"https:\/\/generaldecontenedores.com\/fr\/wp-json\/wp\/v2\/product\/29912","targetHints":{"allow":["GET"]}}],"collection":[{"href":"https:\/\/generaldecontenedores.com\/fr\/wp-json\/wp\/v2\/product"}],"about":[{"href":"https:\/\/generaldecontenedores.com\/fr\/wp-json\/wp\/v2\/types\/product"}],"replies":[{"embeddable":true,"href":"https:\/\/generaldecontenedores.com\/fr\/wp-json\/wp\/v2\/comments?post=29912"}],"version-history":[{"count":1,"href":"https:\/\/generaldecontenedores.com\/fr\/wp-json\/wp\/v2\/product\/29912\/revisions"}],"predecessor-version":[{"id":29917,"href":"https:\/\/generaldecontenedores.com\/fr\/wp-json\/wp\/v2\/product\/29912\/revisions\/29917"}],"wp:featuredmedia":[{"embeddable":true,"href":"https:\/\/generaldecontenedores.com\/fr\/wp-json\/wp\/v2\/media\/29913"}],"wp:attachment":[{"href":"https:\/\/generaldecontenedores.com\/fr\/wp-json\/wp\/v2\/media?parent=29912"}],"wp:term":[{"taxonomy":"product_brand","embeddable":true,"href":"https:\/\/generaldecontenedores.com\/fr\/wp-json\/wp\/v2\/product_brand?post=29912"},{"taxonomy":"product_cat","embeddable":true,"href":"https:\/\/generaldecontenedores.com\/fr\/wp-json\/wp\/v2\/product_cat?post=29912"},{"taxonomy":"product_tag","embeddable":true,"href":"https:\/\/generaldecontenedores.com\/fr\/wp-json\/wp\/v2\/product_tag?post=29912"}],"curies":[{"name":"wp","href":"https:\/\/api.w.org\/{rel}","templated":true}]}}