{"id":30403,"date":"2026-02-15T08:06:40","date_gmt":"2026-02-15T08:06:40","guid":{"rendered":"https:\/\/generaldecontenedores.com\/?post_type=product&#038;p=30403"},"modified":"2026-02-15T08:07:30","modified_gmt":"2026-02-15T08:07:30","slug":"contenedor-oficina-tienda-20-pies-nuevo","status":"publish","type":"product","link":"https:\/\/generaldecontenedores.com\/fr\/shop\/contenedor-transformados\/contenedor-oficina-tienda-20-pies-nuevo\/","title":{"rendered":"Bureau \/ magasin conteneur 20 pieds nouveau personnalisable"},"content":{"rendered":"<h2>Conteneur d'exp\u00e9dition 20 pieds bureau \/ magasin<\/h2>\n<p>Au <strong>Conteneur g\u00e9n\u00e9ral<\/strong> nous proposons ce conteneur maritime de 20 pieds adapt\u00e9 comme bureau ou magasin, con\u00e7u pour fournir un espace fonctionnel, s\u00fbr et pleinement op\u00e9rationnel d\u00e8s le premier jour. Son format compact en fait une solution strat\u00e9gique pour les entreprises qui ont besoin d'une installation rapide sans sacrifier la qualit\u00e9 et la durabilit\u00e9.<\/p>\n<h3>Dimensions<\/h3>\n<ul>\n<li>Dimensions ext\u00e9rieures : 6,06 x 2,44 x 2,59 m<\/li>\n<li>Dimensions int\u00e9rieures : 5,90 x 2,35 x 2,39 m<\/li>\n<li>Surface int\u00e9rieure approximative : 13,5 m\u00b2.<\/li>\n<\/ul>\n<h3>Caract\u00e9ristiques techniques<\/h3>\n<ul>\n<li>Structure en acier Corten r\u00e9sistant \u00e0 la corrosion<\/li>\n<li>Bois maritime ou sol en vinyle antid\u00e9rapant<\/li>\n<li>Isolation thermique des murs, des plafonds et des sols<\/li>\n<li>Rev\u00eatement int\u00e9rieur en PVC, bois ou panneau sandwich<\/li>\n<li>Porte d'acc\u00e8s en acier ou en aluminium<\/li>\n<li>Fen\u00eatres \u00e0 double vitrage et prot\u00e9g\u00e9es<\/li>\n<li>Installation \u00e9lectrique compl\u00e8te : \u00e9clairage LED, prises de courant et tableau \u00e9lectrique.<\/li>\n<li>Pr\u00e9-installation ou option de climatisation et de chauffage<\/li>\n<li>Peinture ext\u00e9rieure personnalis\u00e9e avec choix de la couleur<\/li>\n<\/ul>\n<h3>Utilisations recommand\u00e9es<\/h3>\n<ul>\n<li>Bureau de construction ou administratif<\/li>\n<li>Boutique temporaire ou pop-up<\/li>\n<li>Salle de r\u00e9union ou r\u00e9ception des clients<\/li>\n<li>Salle d'exposition<\/li>\n<li>Soutien aux \u00e9v\u00e9nements et aux foires commerciales<\/li>\n<\/ul>\n<h3>Avantages concurrentiels<\/h3>\n<p>Ce nouveau mod\u00e8le allie la robustesse structurelle \u00e0 un haut niveau de personnalisation. Il est facile \u00e0 transporter, rapide \u00e0 installer et n\u00e9cessite peu d'entretien. Sa conception modulaire permet des extensions futures ou des int\u00e9grations avec d'autres syst\u00e8mes de transport. <strong>conteneurs maritimes en Espagne<\/strong>.<\/p>\n<p>Si vous \u00eates \u00e0 la recherche d'une solution efficace dans le cadre de la <strong>vente de conteneurs<\/strong>, Ce conteneur-bureau de 20 pieds repr\u00e9sente un investissement intelligent pour les entreprises et les entrepreneurs.<\/p>","protected":false},"excerpt":{"rendered":"<p>Le <strong>Conteneur 20' pour bureau \/ magasin<\/strong> est une solution modulaire pr\u00eate \u00e0 l'emploi, id\u00e9ale pour cr\u00e9er des espaces de travail, des magasins temporaires ou des espaces administratifs.<\/p>\n<ul>\n<li>Structure en acier Corten \u00e0 haute r\u00e9sistance<\/li>\n<li>Isolation thermique compl\u00e8te<\/li>\n<li>Installation \u00e9lectrique incluse<\/li>\n<li>Couleur ext\u00e9rieure personnalisable<\/li>\n<\/ul>\n<p>Une option professionnelle au sein de notre <strong>ventes de conteneurs en Espagne<\/strong>, parfait pour les projets commerciaux et d'entreprise.<\/p>","protected":false},"featured_media":30408,"comment_status":"open","ping_status":"closed","template":"","meta":[],"product_brand":[],"product_cat":[76],"product_tag":[],"class_list":{"0":"post-30403","1":"product","2":"type-product","3":"status-publish","4":"has-post-thumbnail","6":"product_cat-contenedor-transformados","8":"first","9":"instock","10":"taxable","11":"shipping-taxable","12":"purchasable","13":"product-type-variable"},"yoast_head":"<!-- This site is optimized with the Yoast SEO plugin v27.4 - https:\/\/yoast.com\/product\/yoast-seo-wordpress\/ -->\n<title>Contenedor oficina 20 pies nuevo personalizable<\/title>\n<meta name=\"description\" content=\"Compra contenedor oficina 20 pies nuevo y personalizable. Ideal para negocios y obras. Venta de contenedores en Espa\u00f1a. Solicita asesoramiento.\" \/>\n<meta name=\"robots\" content=\"index, follow, max-snippet:-1, max-image-preview:large, max-video-preview:-1\" \/>\n<link rel=\"canonical\" href=\"https:\/\/generaldecontenedores.com\/fr\/shop\/contenedor-transformados\/contenedor-oficina-tienda-20-pies-nuevo\/\" \/>\n<meta property=\"og:locale\" content=\"fr_FR\" \/>\n<meta property=\"og:type\" content=\"article\" \/>\n<meta property=\"og:title\" content=\"Contenedor oficina 20 pies nuevo personalizable\" \/>\n<meta property=\"og:description\" content=\"Compra contenedor oficina 20 pies nuevo y personalizable. Ideal para negocios y obras. Venta de contenedores en Espa\u00f1a. Solicita asesoramiento.\" \/>\n<meta property=\"og:url\" content=\"https:\/\/generaldecontenedores.com\/fr\/shop\/contenedor-transformados\/contenedor-oficina-tienda-20-pies-nuevo\/\" \/>\n<meta property=\"og:site_name\" content=\"Transitaria General De Contenedores\" \/>\n<meta property=\"article:modified_time\" content=\"2026-02-15T08:07:30+00:00\" \/>\n<meta property=\"og:image\" content=\"http:\/\/generaldecontenedores.com\/wp-content\/uploads\/2026\/02\/2-1024x682-1.png\" \/>\n\t<meta property=\"og:image:width\" content=\"1024\" \/>\n\t<meta property=\"og:image:height\" content=\"682\" \/>\n\t<meta property=\"og:image:type\" content=\"image\/png\" \/>\n<meta name=\"twitter:card\" content=\"summary_large_image\" \/>\n<meta name=\"twitter:label1\" content=\"Disponibilit\u00e9\" \/>\n\t<meta name=\"twitter:data1\" content=\"En stock\" \/>\n<script type=\"application\/ld+json\" class=\"yoast-schema-graph\">{\"@context\":\"https:\\\/\\\/schema.org\",\"@graph\":[{\"@type\":\"WebPage\",\"@id\":\"https:\\\/\\\/generaldecontenedores.com\\\/shop\\\/contenedor-transformados\\\/contenedor-oficina-tienda-20-pies-nuevo\\\/\",\"url\":\"https:\\\/\\\/generaldecontenedores.com\\\/shop\\\/contenedor-transformados\\\/contenedor-oficina-tienda-20-pies-nuevo\\\/\",\"name\":\"Contenedor oficina 20 pies nuevo personalizable\",\"isPartOf\":{\"@id\":\"https:\\\/\\\/generaldecontenedores.com\\\/#website\"},\"primaryImageOfPage\":{\"@id\":\"https:\\\/\\\/generaldecontenedores.com\\\/shop\\\/contenedor-transformados\\\/contenedor-oficina-tienda-20-pies-nuevo\\\/#primaryimage\"},\"image\":{\"@id\":\"https:\\\/\\\/generaldecontenedores.com\\\/shop\\\/contenedor-transformados\\\/contenedor-oficina-tienda-20-pies-nuevo\\\/#primaryimage\"},\"thumbnailUrl\":\"https:\\\/\\\/generaldecontenedores.com\\\/wp-content\\\/uploads\\\/2026\\\/02\\\/2-1024x682-1.png\",\"datePublished\":\"2026-02-15T08:06:40+00:00\",\"dateModified\":\"2026-02-15T08:07:30+00:00\",\"description\":\"Compra contenedor oficina 20 pies nuevo y personalizable. Ideal para negocios y obras. Venta de contenedores en Espa\u00f1a. Solicita asesoramiento.\",\"breadcrumb\":{\"@id\":\"https:\\\/\\\/generaldecontenedores.com\\\/shop\\\/contenedor-transformados\\\/contenedor-oficina-tienda-20-pies-nuevo\\\/#breadcrumb\"},\"inLanguage\":\"fr-FR\",\"potentialAction\":[{\"@type\":\"ReadAction\",\"target\":[\"https:\\\/\\\/generaldecontenedores.com\\\/shop\\\/contenedor-transformados\\\/contenedor-oficina-tienda-20-pies-nuevo\\\/\"]}]},{\"@type\":\"ImageObject\",\"inLanguage\":\"fr-FR\",\"@id\":\"https:\\\/\\\/generaldecontenedores.com\\\/shop\\\/contenedor-transformados\\\/contenedor-oficina-tienda-20-pies-nuevo\\\/#primaryimage\",\"url\":\"https:\\\/\\\/generaldecontenedores.com\\\/wp-content\\\/uploads\\\/2026\\\/02\\\/2-1024x682-1.png\",\"contentUrl\":\"https:\\\/\\\/generaldecontenedores.com\\\/wp-content\\\/uploads\\\/2026\\\/02\\\/2-1024x682-1.png\",\"width\":1024,\"height\":682,\"caption\":\"Contenedor oficina 20 pies nuevo color personalizable exterior\"},{\"@type\":\"BreadcrumbList\",\"@id\":\"https:\\\/\\\/generaldecontenedores.com\\\/shop\\\/contenedor-transformados\\\/contenedor-oficina-tienda-20-pies-nuevo\\\/#breadcrumb\",\"itemListElement\":[{\"@type\":\"ListItem\",\"position\":1,\"name\":\"Accueil\",\"item\":\"https:\\\/\\\/generaldecontenedores.com\\\/\"},{\"@type\":\"ListItem\",\"position\":2,\"name\":\"Shop\",\"item\":\"https:\\\/\\\/generaldecontenedores.com\\\/shop\\\/\"},{\"@type\":\"ListItem\",\"position\":3,\"name\":\"Contenedor oficina \\\/ tienda 20 pies nuevo personalizable\"}]},{\"@type\":\"WebSite\",\"@id\":\"https:\\\/\\\/generaldecontenedores.com\\\/#website\",\"url\":\"https:\\\/\\\/generaldecontenedores.com\\\/\",\"name\":\"Transitaria General De Contenedores\",\"description\":\"My WordPress Blog\",\"potentialAction\":[{\"@type\":\"SearchAction\",\"target\":{\"@type\":\"EntryPoint\",\"urlTemplate\":\"https:\\\/\\\/generaldecontenedores.com\\\/?s={search_term_string}\"},\"query-input\":{\"@type\":\"PropertyValueSpecification\",\"valueRequired\":true,\"valueName\":\"search_term_string\"}}],\"inLanguage\":\"fr-FR\"}]}<\/script>\n<meta property=\"og:availability\" content=\"instock\" \/>\n<meta property=\"product:availability\" content=\"instock\" \/>\n<meta property=\"product:retailer_item_id\" content=\"GDC-20OF-003\" \/>\n<meta property=\"product:condition\" content=\"new\" \/>\n<!-- \/ Yoast SEO plugin. -->","yoast_head_json":{"title":"Contenedor oficina 20 pies nuevo personalizable","description":"Compra contenedor oficina 20 pies nuevo y personalizable. Ideal para negocios y obras. Venta de contenedores en Espa\u00f1a. Solicita asesoramiento.","robots":{"index":"index","follow":"follow","max-snippet":"max-snippet:-1","max-image-preview":"max-image-preview:large","max-video-preview":"max-video-preview:-1"},"canonical":"https:\/\/generaldecontenedores.com\/fr\/shop\/contenedor-transformados\/contenedor-oficina-tienda-20-pies-nuevo\/","og_locale":"fr_FR","og_type":"article","og_title":"Contenedor oficina 20 pies nuevo personalizable","og_description":"Compra contenedor oficina 20 pies nuevo y personalizable. Ideal para negocios y obras. Venta de contenedores en Espa\u00f1a. Solicita asesoramiento.","og_url":"https:\/\/generaldecontenedores.com\/fr\/shop\/contenedor-transformados\/contenedor-oficina-tienda-20-pies-nuevo\/","og_site_name":"Transitaria General De Contenedores","article_modified_time":"2026-02-15T08:07:30+00:00","og_image":[{"width":1024,"height":682,"url":"http:\/\/generaldecontenedores.com\/wp-content\/uploads\/2026\/02\/2-1024x682-1.png","type":"image\/png"}],"twitter_card":"summary_large_image","twitter_misc":{"Disponibilit\u00e9":"En stock"},"schema":{"@context":"https:\/\/schema.org","@graph":[{"@type":"WebPage","@id":"https:\/\/generaldecontenedores.com\/shop\/contenedor-transformados\/contenedor-oficina-tienda-20-pies-nuevo\/","url":"https:\/\/generaldecontenedores.com\/shop\/contenedor-transformados\/contenedor-oficina-tienda-20-pies-nuevo\/","name":"Contenedor oficina 20 pies nuevo personalizable","isPartOf":{"@id":"https:\/\/generaldecontenedores.com\/#website"},"primaryImageOfPage":{"@id":"https:\/\/generaldecontenedores.com\/shop\/contenedor-transformados\/contenedor-oficina-tienda-20-pies-nuevo\/#primaryimage"},"image":{"@id":"https:\/\/generaldecontenedores.com\/shop\/contenedor-transformados\/contenedor-oficina-tienda-20-pies-nuevo\/#primaryimage"},"thumbnailUrl":"https:\/\/generaldecontenedores.com\/wp-content\/uploads\/2026\/02\/2-1024x682-1.png","datePublished":"2026-02-15T08:06:40+00:00","dateModified":"2026-02-15T08:07:30+00:00","description":"Compra contenedor oficina 20 pies nuevo y personalizable. Ideal para negocios y obras. Venta de contenedores en Espa\u00f1a. Solicita asesoramiento.","breadcrumb":{"@id":"https:\/\/generaldecontenedores.com\/shop\/contenedor-transformados\/contenedor-oficina-tienda-20-pies-nuevo\/#breadcrumb"},"inLanguage":"fr-FR","potentialAction":[{"@type":"ReadAction","target":["https:\/\/generaldecontenedores.com\/shop\/contenedor-transformados\/contenedor-oficina-tienda-20-pies-nuevo\/"]}]},{"@type":"ImageObject","inLanguage":"fr-FR","@id":"https:\/\/generaldecontenedores.com\/shop\/contenedor-transformados\/contenedor-oficina-tienda-20-pies-nuevo\/#primaryimage","url":"https:\/\/generaldecontenedores.com\/wp-content\/uploads\/2026\/02\/2-1024x682-1.png","contentUrl":"https:\/\/generaldecontenedores.com\/wp-content\/uploads\/2026\/02\/2-1024x682-1.png","width":1024,"height":682,"caption":"Contenedor oficina 20 pies nuevo color personalizable exterior"},{"@type":"BreadcrumbList","@id":"https:\/\/generaldecontenedores.com\/shop\/contenedor-transformados\/contenedor-oficina-tienda-20-pies-nuevo\/#breadcrumb","itemListElement":[{"@type":"ListItem","position":1,"name":"Accueil","item":"https:\/\/generaldecontenedores.com\/"},{"@type":"ListItem","position":2,"name":"Shop","item":"https:\/\/generaldecontenedores.com\/shop\/"},{"@type":"ListItem","position":3,"name":"Contenedor oficina \/ tienda 20 pies nuevo personalizable"}]},{"@type":"WebSite","@id":"https:\/\/generaldecontenedores.com\/#website","url":"https:\/\/generaldecontenedores.com\/","name":"Transitaria General De Contenedores","description":"Mon blog WordPress","potentialAction":[{"@type":"SearchAction","target":{"@type":"EntryPoint","urlTemplate":"https:\/\/generaldecontenedores.com\/?s={search_term_string}"},"query-input":{"@type":"PropertyValueSpecification","valueRequired":true,"valueName":"search_term_string"}}],"inLanguage":"fr-FR"}]},"og_availability":"instock","product_availability":"instock","product_retailer_item_id":"GDC-20OF-003","product_condition":"new"},"_links":{"self":[{"href":"https:\/\/generaldecontenedores.com\/fr\/wp-json\/wp\/v2\/product\/30403","targetHints":{"allow":["GET"]}}],"collection":[{"href":"https:\/\/generaldecontenedores.com\/fr\/wp-json\/wp\/v2\/product"}],"about":[{"href":"https:\/\/generaldecontenedores.com\/fr\/wp-json\/wp\/v2\/types\/product"}],"replies":[{"embeddable":true,"href":"https:\/\/generaldecontenedores.com\/fr\/wp-json\/wp\/v2\/comments?post=30403"}],"version-history":[{"count":1,"href":"https:\/\/generaldecontenedores.com\/fr\/wp-json\/wp\/v2\/product\/30403\/revisions"}],"predecessor-version":[{"id":30411,"href":"https:\/\/generaldecontenedores.com\/fr\/wp-json\/wp\/v2\/product\/30403\/revisions\/30411"}],"wp:featuredmedia":[{"embeddable":true,"href":"https:\/\/generaldecontenedores.com\/fr\/wp-json\/wp\/v2\/media\/30408"}],"wp:attachment":[{"href":"https:\/\/generaldecontenedores.com\/fr\/wp-json\/wp\/v2\/media?parent=30403"}],"wp:term":[{"taxonomy":"product_brand","embeddable":true,"href":"https:\/\/generaldecontenedores.com\/fr\/wp-json\/wp\/v2\/product_brand?post=30403"},{"taxonomy":"product_cat","embeddable":true,"href":"https:\/\/generaldecontenedores.com\/fr\/wp-json\/wp\/v2\/product_cat?post=30403"},{"taxonomy":"product_tag","embeddable":true,"href":"https:\/\/generaldecontenedores.com\/fr\/wp-json\/wp\/v2\/product_tag?post=30403"}],"curies":[{"name":"wp","href":"https:\/\/api.w.org\/{rel}","templated":true}]}}