{"id":29036,"date":"2025-07-01T17:49:12","date_gmt":"2025-07-01T17:49:12","guid":{"rendered":"https:\/\/generaldecontenedores.com\/?post_type=product&#038;p=29036"},"modified":"2025-07-06T17:10:59","modified_gmt":"2025-07-06T17:10:59","slug":"contenedor-dry-de-20-pies","status":"publish","type":"product","link":"https:\/\/generaldecontenedores.com\/pt\/shop\/contenedor-maritimo\/contenedor-dry-de-20-pies\/","title":{"rendered":"Contentor mar\u00edtimo seco de 20 p\u00e9s"},"content":{"rendered":"<div class=\"product-description\">\n<h2>\ud83d\udea2 Contentor mar\u00edtimo seco de 20' - Standard, robusto e vers\u00e1til<\/h2>\n<p>O <strong>Contentor seco de 20'<\/strong> \u00e9 o modelo normalizado mais comummente utilizado nos transportes mar\u00edtimos e terrestres.<br \/>\nIdeal para a armazenagem ou transfer\u00eancia de produtos secos, oferece uma estrutura forte, herm\u00e9tica e duradoura.<br \/>\nCumpre as normas ISO para garantir a compatibilidade global na log\u00edstica e manuseamento. \ud83d\udce6\ud83c\udf0d<\/p>\n<h3>\ud83d\udcd0 Carater\u00edsticas principais:<\/h3>\n<ul>\n<li>\ud83d\udccf <strong>Dimens\u00f5es exteriores<\/strong>: 6,06 m (comprimento) x 2,44 m (largura) x 2,59 m (altura)<\/li>\n<li>\ud83d\udcd0 <strong>Dimens\u00f5es interiores<\/strong>: aprox. 5,90 m x 2,35 m x 2,39 m<\/li>\n<li>\u2696\ufe0f <strong>Peso sem carga<\/strong>: 2.200 - 2.300 kg<\/li>\n<li>\ud83d\udce6 <strong>Capacidade \u00fatil<\/strong>: aprox. 33 m\u00b3<\/li>\n<li>\ud83d\udee0\ufe0f <strong>Estrutura<\/strong>A\u00e7o corten resistente \u00e0 corros\u00e3o<\/li>\n<li>\ud83d\udeaa <strong>Portas traseiras<\/strong> com sistema de fecho herm\u00e9tico<\/li>\n<li>\ud83e\udeb5 <strong>Solo<\/strong>madeira tratada resistente a cargas pesadas<\/li>\n<\/ul>\n<h3>Utiliza\u00e7\u00f5es recomendadas:<\/h3>\n<ul>\n<li>Armazenamento seguro de ferramentas, materiais ou invent\u00e1rio<\/li>\n<li>\ud83d\ude9b Transporte de mercadorias secas por terra ou por mar<\/li>\n<li>\ud83c\udfd7\ufe0f Espa\u00e7os tempor\u00e1rios em estaleiros de constru\u00e7\u00e3o ou instala\u00e7\u00f5es industriais<\/li>\n<\/ul>\n<h3>Vantagens:<\/h3>\n<ul>\n<li>Tamanho standard compat\u00edvel com gruas e cami\u00f5es<\/li>\n<li>\u00c0 prova de \u00e1gua, p\u00f3 e pragas<\/li>\n<li>F\u00e1cil de deslocar, empilhar e reutilizar<\/li>\n<\/ul>\n<\/div>","protected":false},"excerpt":{"rendered":"<p>\ud83d\udea2 Contenedor Mar\u00edtimo Seco de 20 Pies \u2013 Est\u00e1ndar, Robusto y Vers\u00e1til El contenedor seco de 20 pies es el<\/p>","protected":false},"featured_media":29037,"comment_status":"open","ping_status":"closed","template":"","meta":[],"product_brand":[],"product_cat":[70],"product_tag":[],"class_list":{"0":"post-29036","1":"product","2":"type-product","3":"status-publish","4":"has-post-thumbnail","6":"product_cat-contenedor-maritimo","8":"first","9":"instock","10":"taxable","11":"shipping-taxable","12":"purchasable","13":"product-type-variable","14":"has-default-attributes"},"yoast_head":"<!-- This site is optimized with the Yoast SEO plugin v27.4 - https:\/\/yoast.com\/product\/yoast-seo-wordpress\/ -->\n<title>Contenedor Mar\u00edtimo dry de 20 pies - Transitaria General De Contenedores<\/title>\n<meta name=\"robots\" content=\"index, follow, max-snippet:-1, max-image-preview:large, max-video-preview:-1\" \/>\n<link rel=\"canonical\" href=\"https:\/\/generaldecontenedores.com\/pt\/shop\/contenedor-maritimo\/contenedor-dry-de-20-pies\/\" \/>\n<meta property=\"og:locale\" content=\"pt_PT\" \/>\n<meta property=\"og:type\" content=\"article\" \/>\n<meta property=\"og:title\" content=\"Contenedor Mar\u00edtimo dry de 20 pies - Transitaria General De Contenedores\" \/>\n<meta property=\"og:description\" content=\"\ud83d\udea2 Contenedor Mar\u00edtimo Seco de 20 Pies \u2013 Est\u00e1ndar, Robusto y Vers\u00e1til El contenedor seco de 20 pies es el\" \/>\n<meta property=\"og:url\" content=\"https:\/\/generaldecontenedores.com\/pt\/shop\/contenedor-maritimo\/contenedor-dry-de-20-pies\/\" \/>\n<meta property=\"og:site_name\" content=\"Transitaria General De Contenedores\" \/>\n<meta property=\"article:modified_time\" content=\"2025-07-06T17:10:59+00:00\" \/>\n<meta property=\"og:image\" content=\"https:\/\/generaldecontenedores.com\/wp-content\/uploads\/2025\/07\/container-605m-20ft-hard-top-6455095.jpg\" \/>\n\t<meta property=\"og:image:width\" content=\"640\" \/>\n\t<meta property=\"og:image:height\" content=\"480\" \/>\n\t<meta property=\"og:image:type\" content=\"image\/jpeg\" \/>\n<meta name=\"twitter:card\" content=\"summary_large_image\" \/>\n<meta name=\"twitter:label1\" content=\"Disponibilidade\" \/>\n\t<meta name=\"twitter:data1\" content=\"Em stock\" \/>\n<script type=\"application\/ld+json\" class=\"yoast-schema-graph\">{\"@context\":\"https:\\\/\\\/schema.org\",\"@graph\":[{\"@type\":\"WebPage\",\"@id\":\"https:\\\/\\\/generaldecontenedores.com\\\/shop\\\/contenedor-maritimo\\\/contenedor-dry-de-20-pies\\\/\",\"url\":\"https:\\\/\\\/generaldecontenedores.com\\\/shop\\\/contenedor-maritimo\\\/contenedor-dry-de-20-pies\\\/\",\"name\":\"Contenedor Mar\u00edtimo dry de 20 pies - Transitaria General De Contenedores\",\"isPartOf\":{\"@id\":\"https:\\\/\\\/generaldecontenedores.com\\\/#website\"},\"primaryImageOfPage\":{\"@id\":\"https:\\\/\\\/generaldecontenedores.com\\\/shop\\\/contenedor-maritimo\\\/contenedor-dry-de-20-pies\\\/#primaryimage\"},\"image\":{\"@id\":\"https:\\\/\\\/generaldecontenedores.com\\\/shop\\\/contenedor-maritimo\\\/contenedor-dry-de-20-pies\\\/#primaryimage\"},\"thumbnailUrl\":\"https:\\\/\\\/generaldecontenedores.com\\\/wp-content\\\/uploads\\\/2025\\\/07\\\/container-605m-20ft-hard-top-6455095.jpg\",\"datePublished\":\"2025-07-01T17:49:12+00:00\",\"dateModified\":\"2025-07-06T17:10:59+00:00\",\"breadcrumb\":{\"@id\":\"https:\\\/\\\/generaldecontenedores.com\\\/shop\\\/contenedor-maritimo\\\/contenedor-dry-de-20-pies\\\/#breadcrumb\"},\"inLanguage\":\"pt-PT\",\"potentialAction\":[{\"@type\":\"ReadAction\",\"target\":[\"https:\\\/\\\/generaldecontenedores.com\\\/shop\\\/contenedor-maritimo\\\/contenedor-dry-de-20-pies\\\/\"]}]},{\"@type\":\"ImageObject\",\"inLanguage\":\"pt-PT\",\"@id\":\"https:\\\/\\\/generaldecontenedores.com\\\/shop\\\/contenedor-maritimo\\\/contenedor-dry-de-20-pies\\\/#primaryimage\",\"url\":\"https:\\\/\\\/generaldecontenedores.com\\\/wp-content\\\/uploads\\\/2025\\\/07\\\/container-605m-20ft-hard-top-6455095.jpg\",\"contentUrl\":\"https:\\\/\\\/generaldecontenedores.com\\\/wp-content\\\/uploads\\\/2025\\\/07\\\/container-605m-20ft-hard-top-6455095.jpg\",\"width\":640,\"height\":480,\"caption\":\"Vista frontal de un contenedor seco de 20 pies\"},{\"@type\":\"BreadcrumbList\",\"@id\":\"https:\\\/\\\/generaldecontenedores.com\\\/shop\\\/contenedor-maritimo\\\/contenedor-dry-de-20-pies\\\/#breadcrumb\",\"itemListElement\":[{\"@type\":\"ListItem\",\"position\":1,\"name\":\"Accueil\",\"item\":\"https:\\\/\\\/generaldecontenedores.com\\\/\"},{\"@type\":\"ListItem\",\"position\":2,\"name\":\"Shop\",\"item\":\"https:\\\/\\\/generaldecontenedores.com\\\/shop\\\/\"},{\"@type\":\"ListItem\",\"position\":3,\"name\":\"Contenedor Mar\u00edtimo dry de 20 pies\"}]},{\"@type\":\"WebSite\",\"@id\":\"https:\\\/\\\/generaldecontenedores.com\\\/#website\",\"url\":\"https:\\\/\\\/generaldecontenedores.com\\\/\",\"name\":\"Transitaria General De Contenedores\",\"description\":\"My WordPress Blog\",\"potentialAction\":[{\"@type\":\"SearchAction\",\"target\":{\"@type\":\"EntryPoint\",\"urlTemplate\":\"https:\\\/\\\/generaldecontenedores.com\\\/?s={search_term_string}\"},\"query-input\":{\"@type\":\"PropertyValueSpecification\",\"valueRequired\":true,\"valueName\":\"search_term_string\"}}],\"inLanguage\":\"pt-PT\"}]}<\/script>\n<meta property=\"og:availability\" content=\"instock\" \/>\n<meta property=\"product:availability\" content=\"instock\" \/>\n<meta property=\"product:condition\" content=\"new\" \/>\n<!-- \/ Yoast SEO plugin. -->","yoast_head_json":{"title":"Contenedor Mar\u00edtimo dry de 20 pies - Transitaria General De Contenedores","robots":{"index":"index","follow":"follow","max-snippet":"max-snippet:-1","max-image-preview":"max-image-preview:large","max-video-preview":"max-video-preview:-1"},"canonical":"https:\/\/generaldecontenedores.com\/pt\/shop\/contenedor-maritimo\/contenedor-dry-de-20-pies\/","og_locale":"pt_PT","og_type":"article","og_title":"Contenedor Mar\u00edtimo dry de 20 pies - Transitaria General De Contenedores","og_description":"\ud83d\udea2 Contenedor Mar\u00edtimo Seco de 20 Pies \u2013 Est\u00e1ndar, Robusto y Vers\u00e1til El contenedor seco de 20 pies es el","og_url":"https:\/\/generaldecontenedores.com\/pt\/shop\/contenedor-maritimo\/contenedor-dry-de-20-pies\/","og_site_name":"Transitaria General De Contenedores","article_modified_time":"2025-07-06T17:10:59+00:00","og_image":[{"width":640,"height":480,"url":"https:\/\/generaldecontenedores.com\/wp-content\/uploads\/2025\/07\/container-605m-20ft-hard-top-6455095.jpg","type":"image\/jpeg"}],"twitter_card":"summary_large_image","twitter_misc":{"Disponibilidade":"Em stock"},"schema":{"@context":"https:\/\/schema.org","@graph":[{"@type":"WebPage","@id":"https:\/\/generaldecontenedores.com\/shop\/contenedor-maritimo\/contenedor-dry-de-20-pies\/","url":"https:\/\/generaldecontenedores.com\/shop\/contenedor-maritimo\/contenedor-dry-de-20-pies\/","name":"Contenedor Mar\u00edtimo dry de 20 pies - Transitaria General De Contenedores","isPartOf":{"@id":"https:\/\/generaldecontenedores.com\/#website"},"primaryImageOfPage":{"@id":"https:\/\/generaldecontenedores.com\/shop\/contenedor-maritimo\/contenedor-dry-de-20-pies\/#primaryimage"},"image":{"@id":"https:\/\/generaldecontenedores.com\/shop\/contenedor-maritimo\/contenedor-dry-de-20-pies\/#primaryimage"},"thumbnailUrl":"https:\/\/generaldecontenedores.com\/wp-content\/uploads\/2025\/07\/container-605m-20ft-hard-top-6455095.jpg","datePublished":"2025-07-01T17:49:12+00:00","dateModified":"2025-07-06T17:10:59+00:00","breadcrumb":{"@id":"https:\/\/generaldecontenedores.com\/shop\/contenedor-maritimo\/contenedor-dry-de-20-pies\/#breadcrumb"},"inLanguage":"pt-PT","potentialAction":[{"@type":"ReadAction","target":["https:\/\/generaldecontenedores.com\/shop\/contenedor-maritimo\/contenedor-dry-de-20-pies\/"]}]},{"@type":"ImageObject","inLanguage":"pt-PT","@id":"https:\/\/generaldecontenedores.com\/shop\/contenedor-maritimo\/contenedor-dry-de-20-pies\/#primaryimage","url":"https:\/\/generaldecontenedores.com\/wp-content\/uploads\/2025\/07\/container-605m-20ft-hard-top-6455095.jpg","contentUrl":"https:\/\/generaldecontenedores.com\/wp-content\/uploads\/2025\/07\/container-605m-20ft-hard-top-6455095.jpg","width":640,"height":480,"caption":"Vista frontal de un contenedor seco de 20 pies"},{"@type":"BreadcrumbList","@id":"https:\/\/generaldecontenedores.com\/shop\/contenedor-maritimo\/contenedor-dry-de-20-pies\/#breadcrumb","itemListElement":[{"@type":"ListItem","position":1,"name":"Accueil","item":"https:\/\/generaldecontenedores.com\/"},{"@type":"ListItem","position":2,"name":"Shop","item":"https:\/\/generaldecontenedores.com\/shop\/"},{"@type":"ListItem","position":3,"name":"Contenedor Mar\u00edtimo dry de 20 pies"}]},{"@type":"WebSite","@id":"https:\/\/generaldecontenedores.com\/#website","url":"https:\/\/generaldecontenedores.com\/","name":"Transitaria General De Contenedores","description":"O meu blogue WordPress","potentialAction":[{"@type":"SearchAction","target":{"@type":"EntryPoint","urlTemplate":"https:\/\/generaldecontenedores.com\/?s={search_term_string}"},"query-input":{"@type":"PropertyValueSpecification","valueRequired":true,"valueName":"search_term_string"}}],"inLanguage":"pt-PT"}]},"og_availability":"instock","product_availability":"instock","product_condition":"new"},"_links":{"self":[{"href":"https:\/\/generaldecontenedores.com\/pt\/wp-json\/wp\/v2\/product\/29036","targetHints":{"allow":["GET"]}}],"collection":[{"href":"https:\/\/generaldecontenedores.com\/pt\/wp-json\/wp\/v2\/product"}],"about":[{"href":"https:\/\/generaldecontenedores.com\/pt\/wp-json\/wp\/v2\/types\/product"}],"replies":[{"embeddable":true,"href":"https:\/\/generaldecontenedores.com\/pt\/wp-json\/wp\/v2\/comments?post=29036"}],"version-history":[{"count":2,"href":"https:\/\/generaldecontenedores.com\/pt\/wp-json\/wp\/v2\/product\/29036\/revisions"}],"predecessor-version":[{"id":29248,"href":"https:\/\/generaldecontenedores.com\/pt\/wp-json\/wp\/v2\/product\/29036\/revisions\/29248"}],"wp:featuredmedia":[{"embeddable":true,"href":"https:\/\/generaldecontenedores.com\/pt\/wp-json\/wp\/v2\/media\/29037"}],"wp:attachment":[{"href":"https:\/\/generaldecontenedores.com\/pt\/wp-json\/wp\/v2\/media?parent=29036"}],"wp:term":[{"taxonomy":"product_brand","embeddable":true,"href":"https:\/\/generaldecontenedores.com\/pt\/wp-json\/wp\/v2\/product_brand?post=29036"},{"taxonomy":"product_cat","embeddable":true,"href":"https:\/\/generaldecontenedores.com\/pt\/wp-json\/wp\/v2\/product_cat?post=29036"},{"taxonomy":"product_tag","embeddable":true,"href":"https:\/\/generaldecontenedores.com\/pt\/wp-json\/wp\/v2\/product_tag?post=29036"}],"curies":[{"name":"wp","href":"https:\/\/api.w.org\/{rel}","templated":true}]}}