{"id":29333,"date":"2025-07-07T15:46:02","date_gmt":"2025-07-07T15:46:02","guid":{"rendered":"https:\/\/generaldecontenedores.com\/?post_type=product&#038;p=29333"},"modified":"2025-07-07T15:46:02","modified_gmt":"2025-07-07T15:46:02","slug":"contenedor-maritimo-de-20-pies-con-puertas-laterales","status":"publish","type":"product","link":"https:\/\/generaldecontenedores.com\/pt\/shop\/contenedor-maritimo\/contenedor-maritimo-de-20-pies-con-puertas-laterales\/","title":{"rendered":"Contentor mar\u00edtimo de 20 p\u00e9s com portas laterais"},"content":{"rendered":"<div class=\"product-description\">\n<h2>Contentor mar\u00edtimo de 20'' com portas laterais - Acesso total e flexibilidade \ud83d\udea2 Contentor mar\u00edtimo de 20'' com portas laterais - Acesso total e flexibilidade \ud83d\udce6 Contentor mar\u00edtimo de 20'' com portas laterais<\/h2>\n<p>O <strong>Contentor de 20 p\u00e9s com portas laterais<\/strong> foi concebido para permitir o acesso total \u00e0 carga pelos lados e pela retaguarda. Esta configura\u00e7\u00e3o facilita a carga e a descarga de mercadorias volumosas, compridas ou dif\u00edceis de manusear pelos m\u00e9todos tradicionais. Ideal para log\u00edstica, armazenamento e projectos especiais. \ud83c\udfd7\ufe0f<\/p>\n<h3>\ud83d\udcd0 Carater\u00edsticas principais:<\/h3>\n<ul>\n<li>\ud83d\udccf <strong>Dimens\u00f5es exteriores<\/strong>: 6,06 m (comprimento) x 2,44 m (largura) x 2,59 m (altura)<\/li>\n<li>\ud83d\udcd0 <strong>Dimens\u00f5es interiores<\/strong>: aprox. 5,90 m x 2,35 m x 2,38 m<\/li>\n<li>\u2696\ufe0f <strong>Peso sem carga<\/strong>: aprox. 2,300 kg<\/li>\n<li>\ud83d\udce6 <strong>Capacidade \u00fatil<\/strong>: aprox. 33 m\u00b3<\/li>\n<li>\ud83d\udee0\ufe0f <strong>Estrutura<\/strong>A\u00e7o corten resistente \u00e0 corros\u00e3o<\/li>\n<li>\ud83d\udeaa <strong>Portas<\/strong>: folha dupla na traseira e portas laterais com sistema de fecho seguro<\/li>\n<li>\ud83e\udeb5 <strong>Plano<\/strong>: madeira tratada de alta resist\u00eancia<\/li>\n<\/ul>\n<h3>Utiliza\u00e7\u00f5es recomendadas:<\/h3>\n<ul>\n<li>Armazenamento de mercadorias longas ou volumosas<\/li>\n<li>\ud83d\ude9a Transporte de equipamentos industriais que requerem acesso lateral<\/li>\n<li>\ud83c\udfd7\ufe0f Projectos modulares e espa\u00e7os de trabalho m\u00f3veis<\/li>\n<\/ul>\n<h3>Vantagens:<\/h3>\n<ul>\n<li>Acesso lateral e traseiro para maior flexibilidade<\/li>\n<li>Facilita o carregamento de mercadorias longas ou em paletes<\/li>\n<li>\ud83d\udce6 Ideal para solu\u00e7\u00f5es log\u00edsticas e industriais especializadas<\/li>\n<\/ul>\n<\/div>","protected":false},"excerpt":{"rendered":"<p>\ud83d\udea2 Contenedor Mar\u00edtimo de 20 Pies con Puertas Laterales \u2013 Acceso Total y Flexibilidad \ud83d\udce6 El contenedor de 20 pies<\/p>","protected":false},"featured_media":29334,"comment_status":"open","ping_status":"closed","template":"","meta":[],"product_brand":[],"product_cat":[70],"product_tag":[],"class_list":{"0":"post-29333","1":"product","2":"type-product","3":"status-publish","4":"has-post-thumbnail","6":"product_cat-contenedor-maritimo","8":"first","9":"instock","10":"taxable","11":"shipping-taxable","12":"purchasable","13":"product-type-variable","14":"has-default-attributes"},"yoast_head":"<!-- This site is optimized with the Yoast SEO plugin v27.4 - https:\/\/yoast.com\/product\/yoast-seo-wordpress\/ -->\n<title>Contenedor Mar\u00edtimo de 20 Pies con Puertas Laterales - Transitaria General De Contenedores<\/title>\n<meta name=\"robots\" content=\"index, follow, max-snippet:-1, max-image-preview:large, max-video-preview:-1\" \/>\n<link rel=\"canonical\" href=\"https:\/\/generaldecontenedores.com\/pt\/shop\/contenedor-maritimo\/contenedor-maritimo-de-20-pies-con-puertas-laterales\/\" \/>\n<meta property=\"og:locale\" content=\"pt_PT\" \/>\n<meta property=\"og:type\" content=\"article\" \/>\n<meta property=\"og:title\" content=\"Contenedor Mar\u00edtimo de 20 Pies con Puertas Laterales - Transitaria General De Contenedores\" \/>\n<meta property=\"og:description\" content=\"\ud83d\udea2 Contenedor Mar\u00edtimo de 20 Pies con Puertas Laterales \u2013 Acceso Total y Flexibilidad \ud83d\udce6 El contenedor de 20 pies\" \/>\n<meta property=\"og:url\" content=\"https:\/\/generaldecontenedores.com\/pt\/shop\/contenedor-maritimo\/contenedor-maritimo-de-20-pies-con-puertas-laterales\/\" \/>\n<meta property=\"og:site_name\" content=\"Transitaria General De Contenedores\" \/>\n<meta property=\"og:image\" content=\"https:\/\/generaldecontenedores.com\/wp-content\/uploads\/2025\/07\/conteneur-maritime-20-pieds-open-side-occasion-9078118-3.jpg\" \/>\n\t<meta property=\"og:image:width\" content=\"640\" \/>\n\t<meta property=\"og:image:height\" content=\"480\" \/>\n\t<meta property=\"og:image:type\" content=\"image\/jpeg\" \/>\n<meta name=\"twitter:card\" content=\"summary_large_image\" \/>\n<meta name=\"twitter:label1\" content=\"Disponibilidade\" \/>\n\t<meta name=\"twitter:data1\" content=\"Em stock\" \/>\n<script type=\"application\/ld+json\" class=\"yoast-schema-graph\">{\"@context\":\"https:\\\/\\\/schema.org\",\"@graph\":[{\"@type\":\"WebPage\",\"@id\":\"https:\\\/\\\/generaldecontenedores.com\\\/shop\\\/contenedor-maritimo\\\/contenedor-maritimo-de-20-pies-con-puertas-laterales\\\/\",\"url\":\"https:\\\/\\\/generaldecontenedores.com\\\/shop\\\/contenedor-maritimo\\\/contenedor-maritimo-de-20-pies-con-puertas-laterales\\\/\",\"name\":\"Contenedor Mar\u00edtimo de 20 Pies con Puertas Laterales - Transitaria General De Contenedores\",\"isPartOf\":{\"@id\":\"https:\\\/\\\/generaldecontenedores.com\\\/#website\"},\"primaryImageOfPage\":{\"@id\":\"https:\\\/\\\/generaldecontenedores.com\\\/shop\\\/contenedor-maritimo\\\/contenedor-maritimo-de-20-pies-con-puertas-laterales\\\/#primaryimage\"},\"image\":{\"@id\":\"https:\\\/\\\/generaldecontenedores.com\\\/shop\\\/contenedor-maritimo\\\/contenedor-maritimo-de-20-pies-con-puertas-laterales\\\/#primaryimage\"},\"thumbnailUrl\":\"https:\\\/\\\/generaldecontenedores.com\\\/wp-content\\\/uploads\\\/2025\\\/07\\\/conteneur-maritime-20-pieds-open-side-occasion-9078118-3.jpg\",\"datePublished\":\"2025-07-07T15:46:02+00:00\",\"breadcrumb\":{\"@id\":\"https:\\\/\\\/generaldecontenedores.com\\\/shop\\\/contenedor-maritimo\\\/contenedor-maritimo-de-20-pies-con-puertas-laterales\\\/#breadcrumb\"},\"inLanguage\":\"pt-PT\",\"potentialAction\":[{\"@type\":\"ReadAction\",\"target\":[\"https:\\\/\\\/generaldecontenedores.com\\\/shop\\\/contenedor-maritimo\\\/contenedor-maritimo-de-20-pies-con-puertas-laterales\\\/\"]}]},{\"@type\":\"ImageObject\",\"inLanguage\":\"pt-PT\",\"@id\":\"https:\\\/\\\/generaldecontenedores.com\\\/shop\\\/contenedor-maritimo\\\/contenedor-maritimo-de-20-pies-con-puertas-laterales\\\/#primaryimage\",\"url\":\"https:\\\/\\\/generaldecontenedores.com\\\/wp-content\\\/uploads\\\/2025\\\/07\\\/conteneur-maritime-20-pieds-open-side-occasion-9078118-3.jpg\",\"contentUrl\":\"https:\\\/\\\/generaldecontenedores.com\\\/wp-content\\\/uploads\\\/2025\\\/07\\\/conteneur-maritime-20-pieds-open-side-occasion-9078118-3.jpg\",\"width\":640,\"height\":480,\"caption\":\"Contenedor de 20 pies con puertas laterales completamente abiertas para carga f\u00e1cil\"},{\"@type\":\"BreadcrumbList\",\"@id\":\"https:\\\/\\\/generaldecontenedores.com\\\/shop\\\/contenedor-maritimo\\\/contenedor-maritimo-de-20-pies-con-puertas-laterales\\\/#breadcrumb\",\"itemListElement\":[{\"@type\":\"ListItem\",\"position\":1,\"name\":\"Accueil\",\"item\":\"https:\\\/\\\/generaldecontenedores.com\\\/\"},{\"@type\":\"ListItem\",\"position\":2,\"name\":\"Shop\",\"item\":\"https:\\\/\\\/generaldecontenedores.com\\\/shop\\\/\"},{\"@type\":\"ListItem\",\"position\":3,\"name\":\"Contenedor Mar\u00edtimo de 20 Pies con Puertas Laterales\"}]},{\"@type\":\"WebSite\",\"@id\":\"https:\\\/\\\/generaldecontenedores.com\\\/#website\",\"url\":\"https:\\\/\\\/generaldecontenedores.com\\\/\",\"name\":\"Transitaria General De Contenedores\",\"description\":\"My WordPress Blog\",\"potentialAction\":[{\"@type\":\"SearchAction\",\"target\":{\"@type\":\"EntryPoint\",\"urlTemplate\":\"https:\\\/\\\/generaldecontenedores.com\\\/?s={search_term_string}\"},\"query-input\":{\"@type\":\"PropertyValueSpecification\",\"valueRequired\":true,\"valueName\":\"search_term_string\"}}],\"inLanguage\":\"pt-PT\"}]}<\/script>\n<meta property=\"og:availability\" content=\"instock\" \/>\n<meta property=\"product:availability\" content=\"instock\" \/>\n<meta property=\"product:condition\" content=\"new\" \/>\n<!-- \/ Yoast SEO plugin. -->","yoast_head_json":{"title":"Contenedor Mar\u00edtimo de 20 Pies con Puertas Laterales - Transitaria General De Contenedores","robots":{"index":"index","follow":"follow","max-snippet":"max-snippet:-1","max-image-preview":"max-image-preview:large","max-video-preview":"max-video-preview:-1"},"canonical":"https:\/\/generaldecontenedores.com\/pt\/shop\/contenedor-maritimo\/contenedor-maritimo-de-20-pies-con-puertas-laterales\/","og_locale":"pt_PT","og_type":"article","og_title":"Contenedor Mar\u00edtimo de 20 Pies con Puertas Laterales - Transitaria General De Contenedores","og_description":"\ud83d\udea2 Contenedor Mar\u00edtimo de 20 Pies con Puertas Laterales \u2013 Acceso Total y Flexibilidad \ud83d\udce6 El contenedor de 20 pies","og_url":"https:\/\/generaldecontenedores.com\/pt\/shop\/contenedor-maritimo\/contenedor-maritimo-de-20-pies-con-puertas-laterales\/","og_site_name":"Transitaria General De Contenedores","og_image":[{"width":640,"height":480,"url":"https:\/\/generaldecontenedores.com\/wp-content\/uploads\/2025\/07\/conteneur-maritime-20-pieds-open-side-occasion-9078118-3.jpg","type":"image\/jpeg"}],"twitter_card":"summary_large_image","twitter_misc":{"Disponibilidade":"Em stock"},"schema":{"@context":"https:\/\/schema.org","@graph":[{"@type":"WebPage","@id":"https:\/\/generaldecontenedores.com\/shop\/contenedor-maritimo\/contenedor-maritimo-de-20-pies-con-puertas-laterales\/","url":"https:\/\/generaldecontenedores.com\/shop\/contenedor-maritimo\/contenedor-maritimo-de-20-pies-con-puertas-laterales\/","name":"Contenedor Mar\u00edtimo de 20 Pies con Puertas Laterales - Transitaria General De Contenedores","isPartOf":{"@id":"https:\/\/generaldecontenedores.com\/#website"},"primaryImageOfPage":{"@id":"https:\/\/generaldecontenedores.com\/shop\/contenedor-maritimo\/contenedor-maritimo-de-20-pies-con-puertas-laterales\/#primaryimage"},"image":{"@id":"https:\/\/generaldecontenedores.com\/shop\/contenedor-maritimo\/contenedor-maritimo-de-20-pies-con-puertas-laterales\/#primaryimage"},"thumbnailUrl":"https:\/\/generaldecontenedores.com\/wp-content\/uploads\/2025\/07\/conteneur-maritime-20-pieds-open-side-occasion-9078118-3.jpg","datePublished":"2025-07-07T15:46:02+00:00","breadcrumb":{"@id":"https:\/\/generaldecontenedores.com\/shop\/contenedor-maritimo\/contenedor-maritimo-de-20-pies-con-puertas-laterales\/#breadcrumb"},"inLanguage":"pt-PT","potentialAction":[{"@type":"ReadAction","target":["https:\/\/generaldecontenedores.com\/shop\/contenedor-maritimo\/contenedor-maritimo-de-20-pies-con-puertas-laterales\/"]}]},{"@type":"ImageObject","inLanguage":"pt-PT","@id":"https:\/\/generaldecontenedores.com\/shop\/contenedor-maritimo\/contenedor-maritimo-de-20-pies-con-puertas-laterales\/#primaryimage","url":"https:\/\/generaldecontenedores.com\/wp-content\/uploads\/2025\/07\/conteneur-maritime-20-pieds-open-side-occasion-9078118-3.jpg","contentUrl":"https:\/\/generaldecontenedores.com\/wp-content\/uploads\/2025\/07\/conteneur-maritime-20-pieds-open-side-occasion-9078118-3.jpg","width":640,"height":480,"caption":"Contenedor de 20 pies con puertas laterales completamente abiertas para carga f\u00e1cil"},{"@type":"BreadcrumbList","@id":"https:\/\/generaldecontenedores.com\/shop\/contenedor-maritimo\/contenedor-maritimo-de-20-pies-con-puertas-laterales\/#breadcrumb","itemListElement":[{"@type":"ListItem","position":1,"name":"Accueil","item":"https:\/\/generaldecontenedores.com\/"},{"@type":"ListItem","position":2,"name":"Shop","item":"https:\/\/generaldecontenedores.com\/shop\/"},{"@type":"ListItem","position":3,"name":"Contenedor Mar\u00edtimo de 20 Pies con Puertas Laterales"}]},{"@type":"WebSite","@id":"https:\/\/generaldecontenedores.com\/#website","url":"https:\/\/generaldecontenedores.com\/","name":"Transitaria General De Contenedores","description":"O meu blogue WordPress","potentialAction":[{"@type":"SearchAction","target":{"@type":"EntryPoint","urlTemplate":"https:\/\/generaldecontenedores.com\/?s={search_term_string}"},"query-input":{"@type":"PropertyValueSpecification","valueRequired":true,"valueName":"search_term_string"}}],"inLanguage":"pt-PT"}]},"og_availability":"instock","product_availability":"instock","product_condition":"new"},"_links":{"self":[{"href":"https:\/\/generaldecontenedores.com\/pt\/wp-json\/wp\/v2\/product\/29333","targetHints":{"allow":["GET"]}}],"collection":[{"href":"https:\/\/generaldecontenedores.com\/pt\/wp-json\/wp\/v2\/product"}],"about":[{"href":"https:\/\/generaldecontenedores.com\/pt\/wp-json\/wp\/v2\/types\/product"}],"replies":[{"embeddable":true,"href":"https:\/\/generaldecontenedores.com\/pt\/wp-json\/wp\/v2\/comments?post=29333"}],"version-history":[{"count":2,"href":"https:\/\/generaldecontenedores.com\/pt\/wp-json\/wp\/v2\/product\/29333\/revisions"}],"predecessor-version":[{"id":29341,"href":"https:\/\/generaldecontenedores.com\/pt\/wp-json\/wp\/v2\/product\/29333\/revisions\/29341"}],"wp:featuredmedia":[{"embeddable":true,"href":"https:\/\/generaldecontenedores.com\/pt\/wp-json\/wp\/v2\/media\/29334"}],"wp:attachment":[{"href":"https:\/\/generaldecontenedores.com\/pt\/wp-json\/wp\/v2\/media?parent=29333"}],"wp:term":[{"taxonomy":"product_brand","embeddable":true,"href":"https:\/\/generaldecontenedores.com\/pt\/wp-json\/wp\/v2\/product_brand?post=29333"},{"taxonomy":"product_cat","embeddable":true,"href":"https:\/\/generaldecontenedores.com\/pt\/wp-json\/wp\/v2\/product_cat?post=29333"},{"taxonomy":"product_tag","embeddable":true,"href":"https:\/\/generaldecontenedores.com\/pt\/wp-json\/wp\/v2\/product_tag?post=29333"}],"curies":[{"name":"wp","href":"https:\/\/api.w.org\/{rel}","templated":true}]}}