{"id":29888,"date":"2025-09-13T11:18:41","date_gmt":"2025-09-13T11:18:41","guid":{"rendered":"https:\/\/generaldecontenedores.com\/?post_type=product&#038;p=29888"},"modified":"2025-10-22T04:11:36","modified_gmt":"2025-10-22T04:11:36","slug":"contenedor-maritimo-20-pies-usado-rojo-textainer","status":"publish","type":"product","link":"https:\/\/generaldecontenedores.com\/pt\/shop\/contenedor-maritimo\/contenedor-20-pies\/contenedor-maritimo-20-pies-usado-rojo-textainer\/","title":{"rendered":"Contentor mar\u00edtimo de 20' usado vermelho - Textainer - Classe A (CW)"},"content":{"rendered":"<h2>Contentor mar\u00edtimo de 20' usado vermelho - Textainer - Classe A (CW)<\/h2>\n<p>O <strong>contentor mar\u00edtimo usado 20 p\u00e9s vermelho Textainer<\/strong> \u00e9 uma unidade de excelente qualidade, pronta a ser reutilizada para armazenamento, exporta\u00e7\u00e3o ou projectos personalizados. Classificado como <strong>Classe A \/ CW (digno de carga)<\/strong>, Encontra-se em perfeitas condi\u00e7\u00f5es estruturais e cumpre as normas internacionais de transporte mar\u00edtimo. A sua conce\u00e7\u00e3o garante a estanquidade ao vento e \u00e0 \u00e1gua, oferecendo a m\u00e1xima seguran\u00e7a \u00e0s mercadorias.<\/p>\n<h3>Carater\u00edsticas t\u00e9cnicas do contentor<\/h3>\n<ul>\n<li>Dimens\u00f5es exteriores: 6,06 m x 2,44 m x 2,59 m<\/li>\n<li>Volume \u00fatil: ~33 m\u00b3<\/li>\n<li>Classifica\u00e7\u00e3o: Classe A \/ CW (Cargo Worthy)<\/li>\n<li>Marca: Textainer<\/li>\n<li>Cor: vermelho<\/li>\n<li>Estrutura anti-corros\u00e3o em a\u00e7o corten<\/li>\n<li>Soalho de madeira tratada e resistente<\/li>\n<li>Portas standard, seguras e funcionais<\/li>\n<li>Sem odores, perfura\u00e7\u00f5es ou deforma\u00e7\u00f5es importantes<\/li>\n<\/ul>\n<p>Este modelo Textainer combina durabilidade, seguran\u00e7a e um acabamento profissional, tornando-o uma excelente escolha para projectos empresariais e privados.<\/p>\n<h3>Utiliza\u00e7\u00f5es recomendadas do contentor mar\u00edtimo de 20 p\u00e9s<\/h3>\n<p>O <strong>contentor mar\u00edtimo usado 20 p\u00e9s vermelho Textainer<\/strong> adapta-se a uma variedade de aplica\u00e7\u00f5es gra\u00e7as \u00e0 sua resist\u00eancia e versatilidade:<\/p>\n<ul>\n<li><strong>Armazenamento seguro<\/strong> de equipamentos, materiais ou mercadorias<\/li>\n<li><strong>Projectos de transforma\u00e7\u00e3o<\/strong>oficinas, bares, escrit\u00f3rios m\u00f3veis ou casas modulares<\/li>\n<li><strong>Exporta\u00e7\u00f5es internacionais<\/strong> carga seca em perfeitas condi\u00e7\u00f5es<\/li>\n<\/ul>\n<h3>Vantagens de comprar um contentor mar\u00edtimo em Espanha<\/h3>\n<p>Investir num <strong>contentor mar\u00edtimo de 20' usado vermelho<\/strong> significa optar por uma solu\u00e7\u00e3o pr\u00e1tica, econ\u00f3mica e sustent\u00e1vel. A sua cor confere-lhe um aspeto elegante e profissional, enquanto a sua reutiliza\u00e7\u00e3o contribui para prolongar a vida de um recurso essencial na log\u00edstica moderna.<\/p>\n<h3>Porqu\u00ea escolher a General de Contenedores<\/h3>\n<ul>\n<li>Fotografias reais do contentor entregue<\/li>\n<li>Entrega calculada automaticamente no checkout<\/li>\n<li>Possibilidade de transporte por cami\u00e3o normal ou cami\u00e3o-grua<\/li>\n<li>Servi\u00e7o r\u00e1pido, transparente e profissional<\/li>\n<\/ul>\n<p>Com <strong>Contentor Geral<\/strong> n\u00e3o se trata apenas de um m\u00f3dulo met\u00e1lico: trata-se de um <strong>contentor <\/strong><strong>Textainer vermelho usado<\/strong> que proporciona fiabilidade, durabilidade e valor acrescentado aos seus projectos.<\/p>","protected":false},"excerpt":{"rendered":"<p>O <strong>contentor mar\u00edtimo<\/strong>mo 20 ft red Textainer usado em <strong>Classe A \/ CW (digno de carga)&lt;\/strong&gt; est&aacute; em excelente estado estrutural. Completamente estanque e robusto, &eacute; perfeito para projectos de armazenamento, exporta&ccedil;&atilde;o ou convers&atilde;o.<\/strong><\/p>","protected":false},"featured_media":29889,"comment_status":"open","ping_status":"closed","template":"","meta":[],"product_brand":[],"product_cat":[80],"product_tag":[],"class_list":{"0":"post-29888","1":"product","2":"type-product","3":"status-publish","4":"has-post-thumbnail","6":"product_cat-contenedor-20-pies","8":"first","9":"instock","10":"taxable","11":"shipping-taxable","12":"purchasable","13":"product-type-simple"},"yoast_head":"<!-- This site is optimized with the Yoast SEO plugin v27.4 - https:\/\/yoast.com\/product\/yoast-seo-wordpress\/ -->\n<title>Contenedor mar\u00edtimo 20 pies usado rojo Textainer Clase A<\/title>\n<meta name=\"description\" content=\"Contenedor mar\u00edtimo 20 pies usado rojo Textainer Clase A CW. Perfecto para exportaci\u00f3n, almacenamiento o proyectos. \u00a1Entrega r\u00e1pida en Espa\u00f1a!\" \/>\n<meta name=\"robots\" content=\"index, follow, max-snippet:-1, max-image-preview:large, max-video-preview:-1\" \/>\n<link rel=\"canonical\" href=\"https:\/\/generaldecontenedores.com\/pt\/shop\/contenedor-maritimo\/contenedor-20-pies\/contenedor-maritimo-20-pies-usado-rojo-textainer\/\" \/>\n<meta property=\"og:locale\" content=\"pt_PT\" \/>\n<meta property=\"og:type\" content=\"article\" \/>\n<meta property=\"og:title\" content=\"Contenedor mar\u00edtimo 20 pies usado rojo Textainer Clase A\" \/>\n<meta property=\"og:description\" content=\"Contenedor mar\u00edtimo 20 pies usado rojo Textainer Clase A CW. Perfecto para exportaci\u00f3n, almacenamiento o proyectos. \u00a1Entrega r\u00e1pida en Espa\u00f1a!\" \/>\n<meta property=\"og:url\" content=\"https:\/\/generaldecontenedores.com\/pt\/shop\/contenedor-maritimo\/contenedor-20-pies\/contenedor-maritimo-20-pies-usado-rojo-textainer\/\" \/>\n<meta property=\"og:site_name\" content=\"Transitaria General De Contenedores\" \/>\n<meta property=\"article:modified_time\" content=\"2025-10-22T04:11:36+00:00\" \/>\n<meta property=\"og:image\" content=\"http:\/\/generaldecontenedores.com\/wp-content\/uploads\/2025\/09\/LL2-min.jpg-1.jpeg\" \/>\n\t<meta property=\"og:image:width\" content=\"800\" \/>\n\t<meta property=\"og:image:height\" content=\"800\" \/>\n\t<meta property=\"og:image:type\" content=\"image\/jpeg\" \/>\n<meta name=\"twitter:card\" content=\"summary_large_image\" \/>\n<meta name=\"twitter:label1\" content=\"pre\u00e7o\" \/>\n\t<meta name=\"twitter:data1\" content=\"1.900,00&nbsp;&euro;\" \/>\n\t<meta name=\"twitter:label2\" content=\"Disponibilidade\" \/>\n\t<meta name=\"twitter:data2\" content=\"Em stock\" \/>\n<script type=\"application\/ld+json\" class=\"yoast-schema-graph\">{\"@context\":\"https:\\\/\\\/schema.org\",\"@graph\":[{\"@type\":\"WebPage\",\"@id\":\"https:\\\/\\\/generaldecontenedores.com\\\/shop\\\/contenedor-maritimo\\\/contenedor-20-pies\\\/contenedor-maritimo-20-pies-usado-rojo-textainer\\\/\",\"url\":\"https:\\\/\\\/generaldecontenedores.com\\\/shop\\\/contenedor-maritimo\\\/contenedor-20-pies\\\/contenedor-maritimo-20-pies-usado-rojo-textainer\\\/\",\"name\":\"Contenedor mar\u00edtimo 20 pies usado rojo Textainer Clase A\",\"isPartOf\":{\"@id\":\"https:\\\/\\\/generaldecontenedores.com\\\/#website\"},\"primaryImageOfPage\":{\"@id\":\"https:\\\/\\\/generaldecontenedores.com\\\/shop\\\/contenedor-maritimo\\\/contenedor-20-pies\\\/contenedor-maritimo-20-pies-usado-rojo-textainer\\\/#primaryimage\"},\"image\":{\"@id\":\"https:\\\/\\\/generaldecontenedores.com\\\/shop\\\/contenedor-maritimo\\\/contenedor-20-pies\\\/contenedor-maritimo-20-pies-usado-rojo-textainer\\\/#primaryimage\"},\"thumbnailUrl\":\"https:\\\/\\\/generaldecontenedores.com\\\/wp-content\\\/uploads\\\/2025\\\/09\\\/LL2-min.jpg-1.jpeg\",\"datePublished\":\"2025-09-13T11:18:41+00:00\",\"dateModified\":\"2025-10-22T04:11:36+00:00\",\"description\":\"Contenedor mar\u00edtimo 20 pies usado rojo Textainer Clase A CW. Perfecto para exportaci\u00f3n, almacenamiento o proyectos. \u00a1Entrega r\u00e1pida en Espa\u00f1a!\",\"breadcrumb\":{\"@id\":\"https:\\\/\\\/generaldecontenedores.com\\\/shop\\\/contenedor-maritimo\\\/contenedor-20-pies\\\/contenedor-maritimo-20-pies-usado-rojo-textainer\\\/#breadcrumb\"},\"inLanguage\":\"pt-PT\",\"potentialAction\":[{\"@type\":\"ReadAction\",\"target\":[\"https:\\\/\\\/generaldecontenedores.com\\\/shop\\\/contenedor-maritimo\\\/contenedor-20-pies\\\/contenedor-maritimo-20-pies-usado-rojo-textainer\\\/\"]}]},{\"@type\":\"ImageObject\",\"inLanguage\":\"pt-PT\",\"@id\":\"https:\\\/\\\/generaldecontenedores.com\\\/shop\\\/contenedor-maritimo\\\/contenedor-20-pies\\\/contenedor-maritimo-20-pies-usado-rojo-textainer\\\/#primaryimage\",\"url\":\"https:\\\/\\\/generaldecontenedores.com\\\/wp-content\\\/uploads\\\/2025\\\/09\\\/LL2-min.jpg-1.jpeg\",\"contentUrl\":\"https:\\\/\\\/generaldecontenedores.com\\\/wp-content\\\/uploads\\\/2025\\\/09\\\/LL2-min.jpg-1.jpeg\",\"width\":800,\"height\":800,\"caption\":\"Contenedor mar\u00edtimo 20 pies usado rojo Textainer Clase A CW en Espa\u00f1a\"},{\"@type\":\"BreadcrumbList\",\"@id\":\"https:\\\/\\\/generaldecontenedores.com\\\/shop\\\/contenedor-maritimo\\\/contenedor-20-pies\\\/contenedor-maritimo-20-pies-usado-rojo-textainer\\\/#breadcrumb\",\"itemListElement\":[{\"@type\":\"ListItem\",\"position\":1,\"name\":\"Accueil\",\"item\":\"https:\\\/\\\/generaldecontenedores.com\\\/\"},{\"@type\":\"ListItem\",\"position\":2,\"name\":\"Shop\",\"item\":\"https:\\\/\\\/generaldecontenedores.com\\\/shop\\\/\"},{\"@type\":\"ListItem\",\"position\":3,\"name\":\"Contenedor mar\u00edtimo 20 pies usado rojo \u2013 Textainer \u2013 Clase A (CW)\"}]},{\"@type\":\"WebSite\",\"@id\":\"https:\\\/\\\/generaldecontenedores.com\\\/#website\",\"url\":\"https:\\\/\\\/generaldecontenedores.com\\\/\",\"name\":\"Transitaria General De Contenedores\",\"description\":\"My WordPress Blog\",\"potentialAction\":[{\"@type\":\"SearchAction\",\"target\":{\"@type\":\"EntryPoint\",\"urlTemplate\":\"https:\\\/\\\/generaldecontenedores.com\\\/?s={search_term_string}\"},\"query-input\":{\"@type\":\"PropertyValueSpecification\",\"valueRequired\":true,\"valueName\":\"search_term_string\"}}],\"inLanguage\":\"pt-PT\"}]}<\/script>\n<meta property=\"product:price:amount\" content=\"1900.00\" \/>\n<meta property=\"product:price:currency\" content=\"EUR\" \/>\n<meta property=\"og:availability\" content=\"instock\" \/>\n<meta property=\"product:availability\" content=\"instock\" \/>\n<meta property=\"product:retailer_item_id\" content=\"GDC-20P-RED-TXT-A001\" \/>\n<meta property=\"product:condition\" content=\"new\" \/>\n<!-- \/ Yoast SEO plugin. -->","yoast_head_json":{"title":"Contenedor mar\u00edtimo 20 pies usado rojo Textainer Clase A","description":"Contenedor mar\u00edtimo 20 pies usado rojo Textainer Clase A CW. Perfecto para exportaci\u00f3n, almacenamiento o proyectos. \u00a1Entrega r\u00e1pida en Espa\u00f1a!","robots":{"index":"index","follow":"follow","max-snippet":"max-snippet:-1","max-image-preview":"max-image-preview:large","max-video-preview":"max-video-preview:-1"},"canonical":"https:\/\/generaldecontenedores.com\/pt\/shop\/contenedor-maritimo\/contenedor-20-pies\/contenedor-maritimo-20-pies-usado-rojo-textainer\/","og_locale":"pt_PT","og_type":"article","og_title":"Contenedor mar\u00edtimo 20 pies usado rojo Textainer Clase A","og_description":"Contenedor mar\u00edtimo 20 pies usado rojo Textainer Clase A CW. Perfecto para exportaci\u00f3n, almacenamiento o proyectos. \u00a1Entrega r\u00e1pida en Espa\u00f1a!","og_url":"https:\/\/generaldecontenedores.com\/pt\/shop\/contenedor-maritimo\/contenedor-20-pies\/contenedor-maritimo-20-pies-usado-rojo-textainer\/","og_site_name":"Transitaria General De Contenedores","article_modified_time":"2025-10-22T04:11:36+00:00","og_image":[{"width":800,"height":800,"url":"http:\/\/generaldecontenedores.com\/wp-content\/uploads\/2025\/09\/LL2-min.jpg-1.jpeg","type":"image\/jpeg"}],"twitter_card":"summary_large_image","twitter_misc":{"pre\u00e7o":"1.900,00&nbsp;&euro;","Disponibilidade":"Em stock"},"schema":{"@context":"https:\/\/schema.org","@graph":[{"@type":"WebPage","@id":"https:\/\/generaldecontenedores.com\/shop\/contenedor-maritimo\/contenedor-20-pies\/contenedor-maritimo-20-pies-usado-rojo-textainer\/","url":"https:\/\/generaldecontenedores.com\/shop\/contenedor-maritimo\/contenedor-20-pies\/contenedor-maritimo-20-pies-usado-rojo-textainer\/","name":"Contenedor mar\u00edtimo 20 pies usado rojo Textainer Clase A","isPartOf":{"@id":"https:\/\/generaldecontenedores.com\/#website"},"primaryImageOfPage":{"@id":"https:\/\/generaldecontenedores.com\/shop\/contenedor-maritimo\/contenedor-20-pies\/contenedor-maritimo-20-pies-usado-rojo-textainer\/#primaryimage"},"image":{"@id":"https:\/\/generaldecontenedores.com\/shop\/contenedor-maritimo\/contenedor-20-pies\/contenedor-maritimo-20-pies-usado-rojo-textainer\/#primaryimage"},"thumbnailUrl":"https:\/\/generaldecontenedores.com\/wp-content\/uploads\/2025\/09\/LL2-min.jpg-1.jpeg","datePublished":"2025-09-13T11:18:41+00:00","dateModified":"2025-10-22T04:11:36+00:00","description":"Contenedor mar\u00edtimo 20 pies usado rojo Textainer Clase A CW. Perfecto para exportaci\u00f3n, almacenamiento o proyectos. \u00a1Entrega r\u00e1pida en Espa\u00f1a!","breadcrumb":{"@id":"https:\/\/generaldecontenedores.com\/shop\/contenedor-maritimo\/contenedor-20-pies\/contenedor-maritimo-20-pies-usado-rojo-textainer\/#breadcrumb"},"inLanguage":"pt-PT","potentialAction":[{"@type":"ReadAction","target":["https:\/\/generaldecontenedores.com\/shop\/contenedor-maritimo\/contenedor-20-pies\/contenedor-maritimo-20-pies-usado-rojo-textainer\/"]}]},{"@type":"ImageObject","inLanguage":"pt-PT","@id":"https:\/\/generaldecontenedores.com\/shop\/contenedor-maritimo\/contenedor-20-pies\/contenedor-maritimo-20-pies-usado-rojo-textainer\/#primaryimage","url":"https:\/\/generaldecontenedores.com\/wp-content\/uploads\/2025\/09\/LL2-min.jpg-1.jpeg","contentUrl":"https:\/\/generaldecontenedores.com\/wp-content\/uploads\/2025\/09\/LL2-min.jpg-1.jpeg","width":800,"height":800,"caption":"Contenedor mar\u00edtimo 20 pies usado rojo Textainer Clase A CW en Espa\u00f1a"},{"@type":"BreadcrumbList","@id":"https:\/\/generaldecontenedores.com\/shop\/contenedor-maritimo\/contenedor-20-pies\/contenedor-maritimo-20-pies-usado-rojo-textainer\/#breadcrumb","itemListElement":[{"@type":"ListItem","position":1,"name":"Accueil","item":"https:\/\/generaldecontenedores.com\/"},{"@type":"ListItem","position":2,"name":"Shop","item":"https:\/\/generaldecontenedores.com\/shop\/"},{"@type":"ListItem","position":3,"name":"Contenedor mar\u00edtimo 20 pies usado rojo \u2013 Textainer \u2013 Clase A (CW)"}]},{"@type":"WebSite","@id":"https:\/\/generaldecontenedores.com\/#website","url":"https:\/\/generaldecontenedores.com\/","name":"Transitaria General De Contenedores","description":"O meu blogue WordPress","potentialAction":[{"@type":"SearchAction","target":{"@type":"EntryPoint","urlTemplate":"https:\/\/generaldecontenedores.com\/?s={search_term_string}"},"query-input":{"@type":"PropertyValueSpecification","valueRequired":true,"valueName":"search_term_string"}}],"inLanguage":"pt-PT"}]},"product_price_amount":"1900.00","product_price_currency":"EUR","og_availability":"instock","product_availability":"instock","product_retailer_item_id":"GDC-20P-RED-TXT-A001","product_condition":"new"},"_links":{"self":[{"href":"https:\/\/generaldecontenedores.com\/pt\/wp-json\/wp\/v2\/product\/29888","targetHints":{"allow":["GET"]}}],"collection":[{"href":"https:\/\/generaldecontenedores.com\/pt\/wp-json\/wp\/v2\/product"}],"about":[{"href":"https:\/\/generaldecontenedores.com\/pt\/wp-json\/wp\/v2\/types\/product"}],"replies":[{"embeddable":true,"href":"https:\/\/generaldecontenedores.com\/pt\/wp-json\/wp\/v2\/comments?post=29888"}],"version-history":[{"count":1,"href":"https:\/\/generaldecontenedores.com\/pt\/wp-json\/wp\/v2\/product\/29888\/revisions"}],"predecessor-version":[{"id":29893,"href":"https:\/\/generaldecontenedores.com\/pt\/wp-json\/wp\/v2\/product\/29888\/revisions\/29893"}],"wp:featuredmedia":[{"embeddable":true,"href":"https:\/\/generaldecontenedores.com\/pt\/wp-json\/wp\/v2\/media\/29889"}],"wp:attachment":[{"href":"https:\/\/generaldecontenedores.com\/pt\/wp-json\/wp\/v2\/media?parent=29888"}],"wp:term":[{"taxonomy":"product_brand","embeddable":true,"href":"https:\/\/generaldecontenedores.com\/pt\/wp-json\/wp\/v2\/product_brand?post=29888"},{"taxonomy":"product_cat","embeddable":true,"href":"https:\/\/generaldecontenedores.com\/pt\/wp-json\/wp\/v2\/product_cat?post=29888"},{"taxonomy":"product_tag","embeddable":true,"href":"https:\/\/generaldecontenedores.com\/pt\/wp-json\/wp\/v2\/product_tag?post=29888"}],"curies":[{"name":"wp","href":"https:\/\/api.w.org\/{rel}","templated":true}]}}