{"id":30158,"date":"2026-02-09T21:58:32","date_gmt":"2026-02-09T21:58:32","guid":{"rendered":"https:\/\/generaldecontenedores.com\/?post_type=product&#038;p=30158"},"modified":"2026-02-10T11:06:17","modified_gmt":"2026-02-10T11:06:17","slug":"edificio-modular-conforme-3-bays","status":"publish","type":"product","link":"https:\/\/generaldecontenedores.com\/pt\/shop\/contenedor-transformados\/edificio-modular-conforme-3-bays\/","title":{"rendered":"Edif\u00edcio modular de 3 compartimentos Conforme - Estrutura de a\u00e7o dur\u00e1vel e vers\u00e1til"},"content":{"rendered":"<h2>Apresenta\u00e7\u00e3o e conceito modular sustent\u00e1vel<\/h2>\n<p>O <strong>Edif\u00edcio modular de 3 compartimentos em conformidade<\/strong> \u00e9 uma solu\u00e7\u00e3o arquitet\u00f3nica moderna concebida para oferecer a for\u00e7a da constru\u00e7\u00e3o tradicional com as vantagens da modularidade. Fabricado com uma estrutura de a\u00e7o de alta qualidade, permite a cria\u00e7\u00e3o de espa\u00e7os profissionais funcionais e adapt\u00e1veis num curto espa\u00e7o de tempo.<\/p>\n<p>Gra\u00e7as \u00e0 sua abordagem industrial optimizada, este tipo de edif\u00edcio reduz os res\u00edduos e facilita a adapta\u00e7\u00e3o \u00e0s regulamenta\u00e7\u00f5es energ\u00e9ticas locais. \u00c9 a escolha ideal para as empresas ou institui\u00e7\u00f5es que procuram efic\u00e1cia, durabilidade e flexibilidade.<\/p>\n<h2>Carater\u00edsticas<\/h2>\n<h3>Estrutura e materiais<\/h3>\n<ul>\n<li>Estrutura de suporte em a\u00e7o laminado a quente com vigas galvanizadas<\/li>\n<li>Colunas de canto em a\u00e7o e vigas de cobertura em treli\u00e7a<\/li>\n<li>Paredes com estrutura de madeira e revestimento exterior de a\u00e7o plastisol<\/li>\n<li>Isolamento com pel\u00edcula t\u00e9rmica Ecobrite de 90 mm e fibra de vidro<\/li>\n<li>Acabamentos interiores em placas de gesso cartonado de 12,5-15 mm<\/li>\n<\/ul>\n<h3>Dimens\u00f5es e especifica\u00e7\u00f5es<\/h3>\n<ul>\n<li>Dimens\u00f5es exteriores: 9,62 m (C) x 9,02 m (L) x 3,4 m (A)<\/li>\n<li>Dimens\u00f5es interiores: 9,38 m x 8,78 m x 2,4 m<\/li>\n<li>Largura da porta: 0,81 m - Altura: 2 m<\/li>\n<li>Carga do pavimento: 5 kN\/m\u00b2 - Carga da plataforma: 0,75 kN\/m\u00b2 - Carga da plataforma: 0,75 kN\/m\u00b2 - Carga do pavimento: 5 kN\/m\u00b2 - Carga da cobertura: 0,75 kN\/m\u00b2<\/li>\n<li>Op\u00e7\u00f5es: alturas de teto, pisos, janelas e portas personaliz\u00e1veis<\/li>\n<\/ul>\n<h3>Acabamento e manuten\u00e7\u00e3o<\/h3>\n<p>Os materiais selecionados garantem resist\u00eancia e facilidade de manuten\u00e7\u00e3o. As superf\u00edcies met\u00e1licas exteriores s\u00e3o f\u00e1ceis de limpar e os acabamentos interiores permitem um n\u00edvel de manuten\u00e7\u00e3o semelhante ao de um edif\u00edcio convencional.<\/p>\n<h2>Utiliza\u00e7\u00f5es e ideias de integra\u00e7\u00e3o<\/h2>\n<p>A sua conce\u00e7\u00e3o aberta e modular permite m\u00faltiplas aplica\u00e7\u00f5es:<\/p>\n<ul>\n<li>Escrit\u00f3rios principais ou sat\u00e9lites<\/li>\n<li>Clubes desportivos ou espa\u00e7os associativos<\/li>\n<li>Salas de jantar, salas de reuni\u00f5es ou de eventos<\/li>\n<li>Salas de aula ou centros de forma\u00e7\u00e3o<\/li>\n<\/ul>\n<p>Adequado para instala\u00e7\u00e3o no exterior em terrenos preparados, \u00e9 uma solu\u00e7\u00e3o vers\u00e1til para empresas e organiza\u00e7\u00f5es.<\/p>\n<h2>Compromisso ecol\u00f3gico e durabilidade<\/h2>\n<p>A constru\u00e7\u00e3o modular reduz o impacto ambiental em compara\u00e7\u00e3o com a constru\u00e7\u00e3o tradicional: menos res\u00edduos, otimiza\u00e7\u00e3o dos materiais e possibilidade de reutiliza\u00e7\u00e3o ou reconfigura\u00e7\u00e3o futura. A longa vida \u00fatil e o isolamento eficiente promovem uma gest\u00e3o energ\u00e9tica respons\u00e1vel.<\/p>\n<h2>Entrega \/ instala\u00e7\u00e3o<\/h2>\n<p>O pre\u00e7o indicado inclui a entrega do m\u00f3dulo standard de plano aberto de 32 p\u00e9s x 30 p\u00e9s. A instala\u00e7\u00e3o no local, o posicionamento da grua e as personaliza\u00e7\u00f5es espec\u00edficas est\u00e3o dispon\u00edveis como op\u00e7\u00f5es adicionais. Tamanhos maiores e configura\u00e7\u00f5es personalizadas est\u00e3o dispon\u00edveis mediante pedido.<\/p>\n<h2>FAQ curto<\/h2>\n<h3>Necessita de manuten\u00e7\u00e3o especial?<\/h3>\n<p>N\u00e3o, a manuten\u00e7\u00e3o normal, semelhante \u00e0 de qualquer edif\u00edcio tradicional, \u00e9 suficiente.<\/p>\n<h3>\u00c9 suficientemente resistente para uma utiliza\u00e7\u00e3o intensiva?<\/h3>\n<p>Sim, a sua estrutura de a\u00e7o foi concebida para uma utiliza\u00e7\u00e3o profissional a longo prazo.<\/p>\n<h3>Pode ser instalado no exterior de forma permanente?<\/h3>\n<p>Sim, desde que o terreno esteja preparado e a regulamenta\u00e7\u00e3o local seja respeitada.<\/p>\n<p>Pontos fortes :<\/p>\n<p>Estrutura de a\u00e7o robusta e duradoura<\/p>\n<p>Isolamento eficiente para conforto t\u00e9rmico<\/p>\n<p>Configura\u00e7\u00e3o modular e personaliz\u00e1vel<\/p>\n<p>Alternativa r\u00e1pida \u00e0 constru\u00e7\u00e3o tradicional<\/p>\n<p>Redu\u00e7\u00e3o dos res\u00edduos do estaleiro de constru\u00e7\u00e3o<\/p>\n<p>Utiliza\u00e7\u00e3o profissional ou institucional vers\u00e1til<\/p>\n<p>Entrega inclu\u00edda para o m\u00f3dulo standard<\/p>","protected":false},"excerpt":{"rendered":"<p>Optimize os seus espa\u00e7os profissionais com este <strong>Edif\u00edcio modular de 3 compartimentos em conformidade<\/strong>, concebido para competir com a constru\u00e7\u00e3o tradicional, oferecendo flexibilidade e rapidez de instala\u00e7\u00e3o. A sua estrutura robusta em a\u00e7o e as suas paredes isoladas garantem conforto e durabilidade.<\/p>\n<ul>\n<li>Ideal para escrit\u00f3rios, salas de forma\u00e7\u00e3o ou \u00e1reas de rece\u00e7\u00e3o<\/li>\n<li>Constru\u00e7\u00e3o robusta com longa vida \u00fatil<\/li>\n<li>Configura\u00e7\u00e3o modular de acordo com as suas necessidades<\/li>\n<li>Solu\u00e7\u00e3o respons\u00e1vel que reduz os res\u00edduos de estaleiros de constru\u00e7\u00e3o<\/li>\n<\/ul>\n<p>Uma alternativa fi\u00e1vel e adapt\u00e1vel para criar rapidamente um espa\u00e7o funcional.<\/p>","protected":false},"featured_media":30160,"comment_status":"open","ping_status":"closed","template":"","meta":[],"product_brand":[],"product_cat":[76],"product_tag":[],"class_list":{"0":"post-30158","1":"product","2":"type-product","3":"status-publish","4":"has-post-thumbnail","6":"product_cat-contenedor-transformados","8":"first","9":"instock","10":"taxable","11":"shipping-taxable","12":"purchasable","13":"product-type-simple"},"yoast_head":"<!-- This site is optimized with the Yoast SEO plugin v27.4 - https:\/\/yoast.com\/product\/yoast-seo-wordpress\/ -->\n<title>Edificio modular conforme 3 bays duradero<\/title>\n<meta name=\"description\" content=\"Edificio modular 3 bays robusto y flexible. Ideal para oficinas o salas profesionales. Descubra esta soluci\u00f3n duradera y adaptable.\" \/>\n<meta name=\"robots\" content=\"index, follow, max-snippet:-1, max-image-preview:large, max-video-preview:-1\" \/>\n<link rel=\"canonical\" href=\"https:\/\/generaldecontenedores.com\/pt\/shop\/contenedor-transformados\/edificio-modular-conforme-3-bays\/\" \/>\n<meta property=\"og:locale\" content=\"pt_PT\" \/>\n<meta property=\"og:type\" content=\"article\" \/>\n<meta property=\"og:title\" content=\"Edificio modular conforme 3 bays duradero\" \/>\n<meta property=\"og:description\" content=\"Edificio modular 3 bays robusto y flexible. Ideal para oficinas o salas profesionales. Descubra esta soluci\u00f3n duradera y adaptable.\" \/>\n<meta property=\"og:url\" content=\"https:\/\/generaldecontenedores.com\/pt\/shop\/contenedor-transformados\/edificio-modular-conforme-3-bays\/\" \/>\n<meta property=\"og:site_name\" content=\"Transitaria General De Contenedores\" \/>\n<meta property=\"article:modified_time\" content=\"2026-02-10T11:06:17+00:00\" \/>\n<meta property=\"og:image\" content=\"http:\/\/generaldecontenedores.com\/wp-content\/uploads\/2026\/02\/1.jpg\" \/>\n\t<meta property=\"og:image:width\" content=\"960\" \/>\n\t<meta property=\"og:image:height\" content=\"640\" \/>\n\t<meta property=\"og:image:type\" content=\"image\/jpeg\" \/>\n<meta name=\"twitter:card\" content=\"summary_large_image\" \/>\n<meta name=\"twitter:label1\" content=\"pre\u00e7o\" \/>\n\t<meta name=\"twitter:data1\" content=\"30.000,00&nbsp;&euro;\" \/>\n\t<meta name=\"twitter:label2\" content=\"Disponibilidade\" \/>\n\t<meta name=\"twitter:data2\" content=\"Em stock\" \/>\n<script type=\"application\/ld+json\" class=\"yoast-schema-graph\">{\"@context\":\"https:\\\/\\\/schema.org\",\"@graph\":[{\"@type\":\"WebPage\",\"@id\":\"https:\\\/\\\/generaldecontenedores.com\\\/shop\\\/contenedor-transformados\\\/edificio-modular-conforme-3-bays\\\/\",\"url\":\"https:\\\/\\\/generaldecontenedores.com\\\/shop\\\/contenedor-transformados\\\/edificio-modular-conforme-3-bays\\\/\",\"name\":\"Edificio modular conforme 3 bays duradero\",\"isPartOf\":{\"@id\":\"https:\\\/\\\/generaldecontenedores.com\\\/#website\"},\"primaryImageOfPage\":{\"@id\":\"https:\\\/\\\/generaldecontenedores.com\\\/shop\\\/contenedor-transformados\\\/edificio-modular-conforme-3-bays\\\/#primaryimage\"},\"image\":{\"@id\":\"https:\\\/\\\/generaldecontenedores.com\\\/shop\\\/contenedor-transformados\\\/edificio-modular-conforme-3-bays\\\/#primaryimage\"},\"thumbnailUrl\":\"https:\\\/\\\/generaldecontenedores.com\\\/wp-content\\\/uploads\\\/2026\\\/02\\\/1.jpg\",\"datePublished\":\"2026-02-09T21:58:32+00:00\",\"dateModified\":\"2026-02-10T11:06:17+00:00\",\"description\":\"Edificio modular 3 bays robusto y flexible. Ideal para oficinas o salas profesionales. Descubra esta soluci\u00f3n duradera y adaptable.\",\"breadcrumb\":{\"@id\":\"https:\\\/\\\/generaldecontenedores.com\\\/shop\\\/contenedor-transformados\\\/edificio-modular-conforme-3-bays\\\/#breadcrumb\"},\"inLanguage\":\"pt-PT\",\"potentialAction\":[{\"@type\":\"ReadAction\",\"target\":[\"https:\\\/\\\/generaldecontenedores.com\\\/shop\\\/contenedor-transformados\\\/edificio-modular-conforme-3-bays\\\/\"]}]},{\"@type\":\"ImageObject\",\"inLanguage\":\"pt-PT\",\"@id\":\"https:\\\/\\\/generaldecontenedores.com\\\/shop\\\/contenedor-transformados\\\/edificio-modular-conforme-3-bays\\\/#primaryimage\",\"url\":\"https:\\\/\\\/generaldecontenedores.com\\\/wp-content\\\/uploads\\\/2026\\\/02\\\/1.jpg\",\"contentUrl\":\"https:\\\/\\\/generaldecontenedores.com\\\/wp-content\\\/uploads\\\/2026\\\/02\\\/1.jpg\",\"width\":960,\"height\":640,\"caption\":\"edificio modular conforme\"},{\"@type\":\"BreadcrumbList\",\"@id\":\"https:\\\/\\\/generaldecontenedores.com\\\/shop\\\/contenedor-transformados\\\/edificio-modular-conforme-3-bays\\\/#breadcrumb\",\"itemListElement\":[{\"@type\":\"ListItem\",\"position\":1,\"name\":\"Accueil\",\"item\":\"https:\\\/\\\/generaldecontenedores.com\\\/\"},{\"@type\":\"ListItem\",\"position\":2,\"name\":\"Shop\",\"item\":\"https:\\\/\\\/generaldecontenedores.com\\\/shop\\\/\"},{\"@type\":\"ListItem\",\"position\":3,\"name\":\"Edificio Modular Conforme 3 Bays \u2013 Estructura de Acero Duradera y Vers\u00e1til\"}]},{\"@type\":\"WebSite\",\"@id\":\"https:\\\/\\\/generaldecontenedores.com\\\/#website\",\"url\":\"https:\\\/\\\/generaldecontenedores.com\\\/\",\"name\":\"Transitaria General De Contenedores\",\"description\":\"My WordPress Blog\",\"potentialAction\":[{\"@type\":\"SearchAction\",\"target\":{\"@type\":\"EntryPoint\",\"urlTemplate\":\"https:\\\/\\\/generaldecontenedores.com\\\/?s={search_term_string}\"},\"query-input\":{\"@type\":\"PropertyValueSpecification\",\"valueRequired\":true,\"valueName\":\"search_term_string\"}}],\"inLanguage\":\"pt-PT\"}]}<\/script>\n<meta property=\"product:price:amount\" content=\"30000.00\" \/>\n<meta property=\"product:price:currency\" content=\"EUR\" \/>\n<meta property=\"og:availability\" content=\"instock\" \/>\n<meta property=\"product:availability\" content=\"instock\" \/>\n<meta property=\"product:retailer_item_id\" content=\"UPC-MODBUILD-3BAY-001\" \/>\n<meta property=\"product:condition\" content=\"new\" \/>\n<!-- \/ Yoast SEO plugin. -->","yoast_head_json":{"title":"Edificio modular conforme 3 bays duradero","description":"Edificio modular 3 bays robusto y flexible. Ideal para oficinas o salas profesionales. Descubra esta soluci\u00f3n duradera y adaptable.","robots":{"index":"index","follow":"follow","max-snippet":"max-snippet:-1","max-image-preview":"max-image-preview:large","max-video-preview":"max-video-preview:-1"},"canonical":"https:\/\/generaldecontenedores.com\/pt\/shop\/contenedor-transformados\/edificio-modular-conforme-3-bays\/","og_locale":"pt_PT","og_type":"article","og_title":"Edificio modular conforme 3 bays duradero","og_description":"Edificio modular 3 bays robusto y flexible. Ideal para oficinas o salas profesionales. Descubra esta soluci\u00f3n duradera y adaptable.","og_url":"https:\/\/generaldecontenedores.com\/pt\/shop\/contenedor-transformados\/edificio-modular-conforme-3-bays\/","og_site_name":"Transitaria General De Contenedores","article_modified_time":"2026-02-10T11:06:17+00:00","og_image":[{"width":960,"height":640,"url":"http:\/\/generaldecontenedores.com\/wp-content\/uploads\/2026\/02\/1.jpg","type":"image\/jpeg"}],"twitter_card":"summary_large_image","twitter_misc":{"pre\u00e7o":"30.000,00&nbsp;&euro;","Disponibilidade":"Em stock"},"schema":{"@context":"https:\/\/schema.org","@graph":[{"@type":"WebPage","@id":"https:\/\/generaldecontenedores.com\/shop\/contenedor-transformados\/edificio-modular-conforme-3-bays\/","url":"https:\/\/generaldecontenedores.com\/shop\/contenedor-transformados\/edificio-modular-conforme-3-bays\/","name":"Edificio modular conforme 3 bays duradero","isPartOf":{"@id":"https:\/\/generaldecontenedores.com\/#website"},"primaryImageOfPage":{"@id":"https:\/\/generaldecontenedores.com\/shop\/contenedor-transformados\/edificio-modular-conforme-3-bays\/#primaryimage"},"image":{"@id":"https:\/\/generaldecontenedores.com\/shop\/contenedor-transformados\/edificio-modular-conforme-3-bays\/#primaryimage"},"thumbnailUrl":"https:\/\/generaldecontenedores.com\/wp-content\/uploads\/2026\/02\/1.jpg","datePublished":"2026-02-09T21:58:32+00:00","dateModified":"2026-02-10T11:06:17+00:00","description":"Edificio modular 3 bays robusto y flexible. Ideal para oficinas o salas profesionales. Descubra esta soluci\u00f3n duradera y adaptable.","breadcrumb":{"@id":"https:\/\/generaldecontenedores.com\/shop\/contenedor-transformados\/edificio-modular-conforme-3-bays\/#breadcrumb"},"inLanguage":"pt-PT","potentialAction":[{"@type":"ReadAction","target":["https:\/\/generaldecontenedores.com\/shop\/contenedor-transformados\/edificio-modular-conforme-3-bays\/"]}]},{"@type":"ImageObject","inLanguage":"pt-PT","@id":"https:\/\/generaldecontenedores.com\/shop\/contenedor-transformados\/edificio-modular-conforme-3-bays\/#primaryimage","url":"https:\/\/generaldecontenedores.com\/wp-content\/uploads\/2026\/02\/1.jpg","contentUrl":"https:\/\/generaldecontenedores.com\/wp-content\/uploads\/2026\/02\/1.jpg","width":960,"height":640,"caption":"edificio modular conforme"},{"@type":"BreadcrumbList","@id":"https:\/\/generaldecontenedores.com\/shop\/contenedor-transformados\/edificio-modular-conforme-3-bays\/#breadcrumb","itemListElement":[{"@type":"ListItem","position":1,"name":"Accueil","item":"https:\/\/generaldecontenedores.com\/"},{"@type":"ListItem","position":2,"name":"Shop","item":"https:\/\/generaldecontenedores.com\/shop\/"},{"@type":"ListItem","position":3,"name":"Edificio Modular Conforme 3 Bays \u2013 Estructura de Acero Duradera y Vers\u00e1til"}]},{"@type":"WebSite","@id":"https:\/\/generaldecontenedores.com\/#website","url":"https:\/\/generaldecontenedores.com\/","name":"Transitaria General De Contenedores","description":"O meu blogue WordPress","potentialAction":[{"@type":"SearchAction","target":{"@type":"EntryPoint","urlTemplate":"https:\/\/generaldecontenedores.com\/?s={search_term_string}"},"query-input":{"@type":"PropertyValueSpecification","valueRequired":true,"valueName":"search_term_string"}}],"inLanguage":"pt-PT"}]},"product_price_amount":"30000.00","product_price_currency":"EUR","og_availability":"instock","product_availability":"instock","product_retailer_item_id":"UPC-MODBUILD-3BAY-001","product_condition":"new"},"_links":{"self":[{"href":"https:\/\/generaldecontenedores.com\/pt\/wp-json\/wp\/v2\/product\/30158","targetHints":{"allow":["GET"]}}],"collection":[{"href":"https:\/\/generaldecontenedores.com\/pt\/wp-json\/wp\/v2\/product"}],"about":[{"href":"https:\/\/generaldecontenedores.com\/pt\/wp-json\/wp\/v2\/types\/product"}],"replies":[{"embeddable":true,"href":"https:\/\/generaldecontenedores.com\/pt\/wp-json\/wp\/v2\/comments?post=30158"}],"version-history":[{"count":3,"href":"https:\/\/generaldecontenedores.com\/pt\/wp-json\/wp\/v2\/product\/30158\/revisions"}],"predecessor-version":[{"id":30230,"href":"https:\/\/generaldecontenedores.com\/pt\/wp-json\/wp\/v2\/product\/30158\/revisions\/30230"}],"wp:featuredmedia":[{"embeddable":true,"href":"https:\/\/generaldecontenedores.com\/pt\/wp-json\/wp\/v2\/media\/30160"}],"wp:attachment":[{"href":"https:\/\/generaldecontenedores.com\/pt\/wp-json\/wp\/v2\/media?parent=30158"}],"wp:term":[{"taxonomy":"product_brand","embeddable":true,"href":"https:\/\/generaldecontenedores.com\/pt\/wp-json\/wp\/v2\/product_brand?post=30158"},{"taxonomy":"product_cat","embeddable":true,"href":"https:\/\/generaldecontenedores.com\/pt\/wp-json\/wp\/v2\/product_cat?post=30158"},{"taxonomy":"product_tag","embeddable":true,"href":"https:\/\/generaldecontenedores.com\/pt\/wp-json\/wp\/v2\/product_tag?post=30158"}],"curies":[{"name":"wp","href":"https:\/\/api.w.org\/{rel}","templated":true}]}}