{"id":30280,"date":"2026-02-10T16:33:49","date_gmt":"2026-02-10T16:33:49","guid":{"rendered":"https:\/\/generaldecontenedores.com\/?post_type=product&#038;p=30280"},"modified":"2026-02-10T16:33:50","modified_gmt":"2026-02-10T16:33:50","slug":"cabina-oficina-modular-32ft-plastisol","status":"publish","type":"product","link":"https:\/\/generaldecontenedores.com\/pt\/shop\/contenedor-transformados\/cabina-oficina-modular-32ft-plastisol\/","title":{"rendered":"Cabina de escrit\u00f3rio modular de 32 p\u00e9s com revestimento em plastisol - espa\u00e7o profissional sustent\u00e1vel"},"content":{"rendered":"<h2>Apresenta\u00e7\u00e3o e conceito sustent\u00e1vel<\/h2>\n<p>A cabina de escrit\u00f3rio modular de 32 p\u00e9s \u00e9 uma solu\u00e7\u00e3o profissional vers\u00e1til que lhe permite criar um espa\u00e7o de trabalho funcional sem necessidade de obras complexas. Concebida com um enfoque na otimiza\u00e7\u00e3o de recursos e na modularidade, enquadra-se numa estrat\u00e9gia de utiliza\u00e7\u00e3o respons\u00e1vel de materiais e de planeamento sustent\u00e1vel do espa\u00e7o.<\/p>\n<p>O seu revestimento exterior em Plastisol - uma combina\u00e7\u00e3o de contraplacado laminado e a\u00e7o plastificado - proporciona uma longa vida \u00fatil e uma manuten\u00e7\u00e3o f\u00e1cil. Esta constru\u00e7\u00e3o d\u00e1 prioridade aos materiais resistentes e recicl\u00e1veis, favorecendo a reutiliza\u00e7\u00e3o das infra-estruturas m\u00f3veis e reduzindo o impacto ambiental em rela\u00e7\u00e3o aos edif\u00edcios tradicionais.<\/p>\n<h2>Carater\u00edsticas<\/h2>\n<h3>Estrutura e materiais<\/h3>\n<ul>\n<li>Revestimento dur\u00e1vel em Plastisol ou acabamento texturado opcional<\/li>\n<li>Paredes, teto e ch\u00e3o isolados<\/li>\n<li>Janelas em uPVC com vidros duplos<\/li>\n<li>Pavimento vin\u00edlico selado f\u00e1cil de limpar<\/li>\n<li>Paredes interiores lav\u00e1veis com revestimento de parede em vinil texturado<\/li>\n<\/ul>\n<h3>Equipamento integrado<\/h3>\n<ul>\n<li>Unidade el\u00e9ctrica instalada<\/li>\n<li>4 tomadas duplas<\/li>\n<li>3 lumin\u00e1rias<\/li>\n<li>2 aquecedores el\u00e9ctricos program\u00e1veis<\/li>\n<\/ul>\n<h3>Dimens\u00f5es principais<\/h3>\n<ul>\n<li>Comprimento exterior: 9,75 m<\/li>\n<li>Largura exterior: 3,05 m (3,25 m com suportes)<\/li>\n<li>Altura exterior: 2,75 m<\/li>\n<li>Altura interior: 2,3 m<\/li>\n<li>Porta: 0,8 m de largura \/ 1,99 m de altura<\/li>\n<\/ul>\n<h2>Utiliza\u00e7\u00f5es e ideias de integra\u00e7\u00e3o<\/h2>\n<p>Gra\u00e7as \u00e0 sua mobilidade e conforto interior, esta cabina \u00e9 adequada para muitas aplica\u00e7\u00f5es profissionais:<\/p>\n<ul>\n<li>Escrit\u00f3rio no local ou base operacional<\/li>\n<li>Espa\u00e7o administrativo tempor\u00e1rio<\/li>\n<li>Rece\u00e7\u00e3o ou ponto de atendimento ao cliente<\/li>\n<li>Extens\u00e3o modular para log\u00edstica ou ind\u00fastria<\/li>\n<li>Instala\u00e7\u00f5es tempor\u00e1rias para eventos<\/li>\n<\/ul>\n<p>A sua configura\u00e7\u00e3o adapt\u00e1vel e a sua vasta gama de cores facilitam a sua integra\u00e7\u00e3o em diferentes ambientes.<\/p>\n<h2>Compromisso ecol\u00f3gico e durabilidade<\/h2>\n<p>A cabina modular promove a sustentabilidade atrav\u00e9s da sua reutiliza\u00e7\u00e3o, resist\u00eancia e longa vida \u00fatil. A utiliza\u00e7\u00e3o de estruturas m\u00f3veis reduz a necessidade de materiais permanentes e promove uma gest\u00e3o eficiente dos recursos. Para al\u00e9m disso, o seu isolamento contribui para um consumo de energia mais eficiente durante a utiliza\u00e7\u00e3o.<\/p>\n<h2>Entrega e instala\u00e7\u00e3o<\/h2>\n<p>Concebida para um transporte f\u00e1cil, a cabina \u00e9 r\u00e1pida de instalar gra\u00e7as aos seus suportes fixos. Pode ser posicionada em diferentes locais de acordo com as necessidades operacionais. As op\u00e7\u00f5es de personaliza\u00e7\u00e3o e seguran\u00e7a podem ser incorporadas antes da entrega.<\/p>\n<h2>FAQ curto<\/h2>\n<h3>Necessita de muita manuten\u00e7\u00e3o?<\/h3>\n<p>N\u00e3o, as suas superf\u00edcies plastificadas e de vinil foram concebidas para serem facilmente limpas e resistirem a uma utiliza\u00e7\u00e3o intensiva.<\/p>\n<h3>\u00c9 adequado para uma utiliza\u00e7\u00e3o prolongada no exterior?<\/h3>\n<p>Sim, a sua estrutura isolada e o seu revestimento robusto tornam-no adequado para ambientes exteriores profissionais.<\/p>\n<h3>Pode ser personalizado?<\/h3>\n<p>Est\u00e3o normalmente dispon\u00edveis op\u00e7\u00f5es como a escolha de cores, portas refor\u00e7adas ou pacotes de seguran\u00e7a adicionais.<\/p>\n<p>Estrutura robusta com revestimento em Plastisol dur\u00e1vel<\/p>\n<p>Isolamento total para conforto t\u00e9rmico<\/p>\n<p>Instala\u00e7\u00e3o r\u00e1pida e mobilidade profissional<\/p>\n<p>Equipamento el\u00e9trico integrado pronto a usar<\/p>\n<p>F\u00e1cil manuten\u00e7\u00e3o e superf\u00edcies lav\u00e1veis<\/p>\n<p>Solu\u00e7\u00e3o vers\u00e1til para v\u00e1rios sectores<\/p>\n<p>Alternativa modular sustent\u00e1vel \u00e0 constru\u00e7\u00e3o fixa<\/p>","protected":false},"excerpt":{"rendered":"<p>Optimize os seus espa\u00e7os de trabalho com este cub\u00edculo de escrit\u00f3rio modular port\u00e1til de 32 p\u00e9s, concebido para uma utiliza\u00e7\u00e3o profissional duradoura. A sua estrutura robusta e o revestimento em Plastisol garantem durabilidade, f\u00e1cil manuten\u00e7\u00e3o e uma est\u00e9tica cuidada.<\/p>\n<ul>\n<li>Isolamento integrado e equipamento el\u00e9trico inclu\u00eddo<\/li>\n<li>Janelas com vidros duplos e aquecimento program\u00e1vel<\/li>\n<li>Solu\u00e7\u00e3o m\u00f3vel ideal para estaleiros de constru\u00e7\u00e3o, ind\u00fastria ou rece\u00e7\u00e3o<\/li>\n<li>Conce\u00e7\u00e3o sustent\u00e1vel baseada na reutiliza\u00e7\u00e3o e na modularidade<\/li>\n<\/ul>\n<p>Uma alternativa funcional e respons\u00e1vel para criar rapidamente um ambiente de trabalho confort\u00e1vel.<\/p>","protected":false},"featured_media":30281,"comment_status":"open","ping_status":"closed","template":"","meta":[],"product_brand":[],"product_cat":[76],"product_tag":[],"class_list":{"0":"post-30280","1":"product","2":"type-product","3":"status-publish","4":"has-post-thumbnail","6":"product_cat-contenedor-transformados","8":"first","9":"instock","10":"taxable","11":"shipping-taxable","12":"purchasable","13":"product-type-simple"},"yoast_head":"<!-- This site is optimized with the Yoast SEO plugin v27.4 - https:\/\/yoast.com\/product\/yoast-seo-wordpress\/ -->\n<title>Cabina oficina modular 32 ft equipada y sostenible<\/title>\n<meta name=\"description\" content=\"Cabina oficina modular 32 ft resistente y aislada. Soluci\u00f3n m\u00f3vil y sostenible para espacios profesionales. Desc\u00fabrela.\" \/>\n<meta name=\"robots\" content=\"index, follow, max-snippet:-1, max-image-preview:large, max-video-preview:-1\" \/>\n<link rel=\"canonical\" href=\"https:\/\/generaldecontenedores.com\/pt\/shop\/contenedor-transformados\/cabina-oficina-modular-32ft-plastisol\/\" \/>\n<meta property=\"og:locale\" content=\"pt_PT\" \/>\n<meta property=\"og:type\" content=\"article\" \/>\n<meta property=\"og:title\" content=\"Cabina oficina modular 32 ft equipada y sostenible\" \/>\n<meta property=\"og:description\" content=\"Cabina oficina modular 32 ft resistente y aislada. Soluci\u00f3n m\u00f3vil y sostenible para espacios profesionales. Desc\u00fabrela.\" \/>\n<meta property=\"og:url\" content=\"https:\/\/generaldecontenedores.com\/pt\/shop\/contenedor-transformados\/cabina-oficina-modular-32ft-plastisol\/\" \/>\n<meta property=\"og:site_name\" content=\"Transitaria General De Contenedores\" \/>\n<meta property=\"article:modified_time\" content=\"2026-02-10T16:33:50+00:00\" \/>\n<meta property=\"og:image\" content=\"http:\/\/generaldecontenedores.com\/wp-content\/uploads\/2026\/02\/52.jpg\" \/>\n\t<meta property=\"og:image:width\" content=\"960\" \/>\n\t<meta property=\"og:image:height\" content=\"640\" \/>\n\t<meta property=\"og:image:type\" content=\"image\/jpeg\" \/>\n<meta name=\"twitter:card\" content=\"summary_large_image\" \/>\n<meta name=\"twitter:label1\" content=\"pre\u00e7o\" \/>\n\t<meta name=\"twitter:data1\" content=\"6.245,00&nbsp;&euro;\" \/>\n\t<meta name=\"twitter:label2\" content=\"Disponibilidade\" \/>\n\t<meta name=\"twitter:data2\" content=\"Em stock\" \/>\n<script type=\"application\/ld+json\" class=\"yoast-schema-graph\">{\"@context\":\"https:\\\/\\\/schema.org\",\"@graph\":[{\"@type\":\"WebPage\",\"@id\":\"https:\\\/\\\/generaldecontenedores.com\\\/shop\\\/contenedor-transformados\\\/cabina-oficina-modular-32ft-plastisol\\\/\",\"url\":\"https:\\\/\\\/generaldecontenedores.com\\\/shop\\\/contenedor-transformados\\\/cabina-oficina-modular-32ft-plastisol\\\/\",\"name\":\"Cabina oficina modular 32 ft equipada y sostenible\",\"isPartOf\":{\"@id\":\"https:\\\/\\\/generaldecontenedores.com\\\/#website\"},\"primaryImageOfPage\":{\"@id\":\"https:\\\/\\\/generaldecontenedores.com\\\/shop\\\/contenedor-transformados\\\/cabina-oficina-modular-32ft-plastisol\\\/#primaryimage\"},\"image\":{\"@id\":\"https:\\\/\\\/generaldecontenedores.com\\\/shop\\\/contenedor-transformados\\\/cabina-oficina-modular-32ft-plastisol\\\/#primaryimage\"},\"thumbnailUrl\":\"https:\\\/\\\/generaldecontenedores.com\\\/wp-content\\\/uploads\\\/2026\\\/02\\\/52.jpg\",\"datePublished\":\"2026-02-10T16:33:49+00:00\",\"dateModified\":\"2026-02-10T16:33:50+00:00\",\"description\":\"Cabina oficina modular 32 ft resistente y aislada. Soluci\u00f3n m\u00f3vil y sostenible para espacios profesionales. Desc\u00fabrela.\",\"breadcrumb\":{\"@id\":\"https:\\\/\\\/generaldecontenedores.com\\\/shop\\\/contenedor-transformados\\\/cabina-oficina-modular-32ft-plastisol\\\/#breadcrumb\"},\"inLanguage\":\"pt-PT\",\"potentialAction\":[{\"@type\":\"ReadAction\",\"target\":[\"https:\\\/\\\/generaldecontenedores.com\\\/shop\\\/contenedor-transformados\\\/cabina-oficina-modular-32ft-plastisol\\\/\"]}]},{\"@type\":\"ImageObject\",\"inLanguage\":\"pt-PT\",\"@id\":\"https:\\\/\\\/generaldecontenedores.com\\\/shop\\\/contenedor-transformados\\\/cabina-oficina-modular-32ft-plastisol\\\/#primaryimage\",\"url\":\"https:\\\/\\\/generaldecontenedores.com\\\/wp-content\\\/uploads\\\/2026\\\/02\\\/52.jpg\",\"contentUrl\":\"https:\\\/\\\/generaldecontenedores.com\\\/wp-content\\\/uploads\\\/2026\\\/02\\\/52.jpg\",\"width\":960,\"height\":640,\"caption\":\"Cabina oficina modular exterior con revestimiento Plastisol\"},{\"@type\":\"BreadcrumbList\",\"@id\":\"https:\\\/\\\/generaldecontenedores.com\\\/shop\\\/contenedor-transformados\\\/cabina-oficina-modular-32ft-plastisol\\\/#breadcrumb\",\"itemListElement\":[{\"@type\":\"ListItem\",\"position\":1,\"name\":\"Accueil\",\"item\":\"https:\\\/\\\/generaldecontenedores.com\\\/\"},{\"@type\":\"ListItem\",\"position\":2,\"name\":\"Shop\",\"item\":\"https:\\\/\\\/generaldecontenedores.com\\\/shop\\\/\"},{\"@type\":\"ListItem\",\"position\":3,\"name\":\"Cabina oficina modular 32 ft con revestimiento Plastisol \u2013 espacio profesional sostenible\"}]},{\"@type\":\"WebSite\",\"@id\":\"https:\\\/\\\/generaldecontenedores.com\\\/#website\",\"url\":\"https:\\\/\\\/generaldecontenedores.com\\\/\",\"name\":\"Transitaria General De Contenedores\",\"description\":\"My WordPress Blog\",\"potentialAction\":[{\"@type\":\"SearchAction\",\"target\":{\"@type\":\"EntryPoint\",\"urlTemplate\":\"https:\\\/\\\/generaldecontenedores.com\\\/?s={search_term_string}\"},\"query-input\":{\"@type\":\"PropertyValueSpecification\",\"valueRequired\":true,\"valueName\":\"search_term_string\"}}],\"inLanguage\":\"pt-PT\"}]}<\/script>\n<meta property=\"product:price:amount\" content=\"6245.00\" \/>\n<meta property=\"product:price:currency\" content=\"EUR\" \/>\n<meta property=\"og:availability\" content=\"instock\" \/>\n<meta property=\"product:availability\" content=\"instock\" \/>\n<meta property=\"product:retailer_item_id\" content=\"UPC-CABIN-32FT-001\" \/>\n<meta property=\"product:condition\" content=\"new\" \/>\n<!-- \/ Yoast SEO plugin. -->","yoast_head_json":{"title":"Cabina oficina modular 32 ft equipada y sostenible","description":"Cabina oficina modular 32 ft resistente y aislada. Soluci\u00f3n m\u00f3vil y sostenible para espacios profesionales. Desc\u00fabrela.","robots":{"index":"index","follow":"follow","max-snippet":"max-snippet:-1","max-image-preview":"max-image-preview:large","max-video-preview":"max-video-preview:-1"},"canonical":"https:\/\/generaldecontenedores.com\/pt\/shop\/contenedor-transformados\/cabina-oficina-modular-32ft-plastisol\/","og_locale":"pt_PT","og_type":"article","og_title":"Cabina oficina modular 32 ft equipada y sostenible","og_description":"Cabina oficina modular 32 ft resistente y aislada. Soluci\u00f3n m\u00f3vil y sostenible para espacios profesionales. Desc\u00fabrela.","og_url":"https:\/\/generaldecontenedores.com\/pt\/shop\/contenedor-transformados\/cabina-oficina-modular-32ft-plastisol\/","og_site_name":"Transitaria General De Contenedores","article_modified_time":"2026-02-10T16:33:50+00:00","og_image":[{"width":960,"height":640,"url":"http:\/\/generaldecontenedores.com\/wp-content\/uploads\/2026\/02\/52.jpg","type":"image\/jpeg"}],"twitter_card":"summary_large_image","twitter_misc":{"pre\u00e7o":"6.245,00&nbsp;&euro;","Disponibilidade":"Em stock"},"schema":{"@context":"https:\/\/schema.org","@graph":[{"@type":"WebPage","@id":"https:\/\/generaldecontenedores.com\/shop\/contenedor-transformados\/cabina-oficina-modular-32ft-plastisol\/","url":"https:\/\/generaldecontenedores.com\/shop\/contenedor-transformados\/cabina-oficina-modular-32ft-plastisol\/","name":"Cabina oficina modular 32 ft equipada y sostenible","isPartOf":{"@id":"https:\/\/generaldecontenedores.com\/#website"},"primaryImageOfPage":{"@id":"https:\/\/generaldecontenedores.com\/shop\/contenedor-transformados\/cabina-oficina-modular-32ft-plastisol\/#primaryimage"},"image":{"@id":"https:\/\/generaldecontenedores.com\/shop\/contenedor-transformados\/cabina-oficina-modular-32ft-plastisol\/#primaryimage"},"thumbnailUrl":"https:\/\/generaldecontenedores.com\/wp-content\/uploads\/2026\/02\/52.jpg","datePublished":"2026-02-10T16:33:49+00:00","dateModified":"2026-02-10T16:33:50+00:00","description":"Cabina oficina modular 32 ft resistente y aislada. Soluci\u00f3n m\u00f3vil y sostenible para espacios profesionales. Desc\u00fabrela.","breadcrumb":{"@id":"https:\/\/generaldecontenedores.com\/shop\/contenedor-transformados\/cabina-oficina-modular-32ft-plastisol\/#breadcrumb"},"inLanguage":"pt-PT","potentialAction":[{"@type":"ReadAction","target":["https:\/\/generaldecontenedores.com\/shop\/contenedor-transformados\/cabina-oficina-modular-32ft-plastisol\/"]}]},{"@type":"ImageObject","inLanguage":"pt-PT","@id":"https:\/\/generaldecontenedores.com\/shop\/contenedor-transformados\/cabina-oficina-modular-32ft-plastisol\/#primaryimage","url":"https:\/\/generaldecontenedores.com\/wp-content\/uploads\/2026\/02\/52.jpg","contentUrl":"https:\/\/generaldecontenedores.com\/wp-content\/uploads\/2026\/02\/52.jpg","width":960,"height":640,"caption":"Cabina oficina modular exterior con revestimiento Plastisol"},{"@type":"BreadcrumbList","@id":"https:\/\/generaldecontenedores.com\/shop\/contenedor-transformados\/cabina-oficina-modular-32ft-plastisol\/#breadcrumb","itemListElement":[{"@type":"ListItem","position":1,"name":"Accueil","item":"https:\/\/generaldecontenedores.com\/"},{"@type":"ListItem","position":2,"name":"Shop","item":"https:\/\/generaldecontenedores.com\/shop\/"},{"@type":"ListItem","position":3,"name":"Cabina oficina modular 32 ft con revestimiento Plastisol \u2013 espacio profesional sostenible"}]},{"@type":"WebSite","@id":"https:\/\/generaldecontenedores.com\/#website","url":"https:\/\/generaldecontenedores.com\/","name":"Transitaria General De Contenedores","description":"O meu blogue WordPress","potentialAction":[{"@type":"SearchAction","target":{"@type":"EntryPoint","urlTemplate":"https:\/\/generaldecontenedores.com\/?s={search_term_string}"},"query-input":{"@type":"PropertyValueSpecification","valueRequired":true,"valueName":"search_term_string"}}],"inLanguage":"pt-PT"}]},"product_price_amount":"6245.00","product_price_currency":"EUR","og_availability":"instock","product_availability":"instock","product_retailer_item_id":"UPC-CABIN-32FT-001","product_condition":"new"},"_links":{"self":[{"href":"https:\/\/generaldecontenedores.com\/pt\/wp-json\/wp\/v2\/product\/30280","targetHints":{"allow":["GET"]}}],"collection":[{"href":"https:\/\/generaldecontenedores.com\/pt\/wp-json\/wp\/v2\/product"}],"about":[{"href":"https:\/\/generaldecontenedores.com\/pt\/wp-json\/wp\/v2\/types\/product"}],"replies":[{"embeddable":true,"href":"https:\/\/generaldecontenedores.com\/pt\/wp-json\/wp\/v2\/comments?post=30280"}],"version-history":[{"count":1,"href":"https:\/\/generaldecontenedores.com\/pt\/wp-json\/wp\/v2\/product\/30280\/revisions"}],"predecessor-version":[{"id":30282,"href":"https:\/\/generaldecontenedores.com\/pt\/wp-json\/wp\/v2\/product\/30280\/revisions\/30282"}],"wp:featuredmedia":[{"embeddable":true,"href":"https:\/\/generaldecontenedores.com\/pt\/wp-json\/wp\/v2\/media\/30281"}],"wp:attachment":[{"href":"https:\/\/generaldecontenedores.com\/pt\/wp-json\/wp\/v2\/media?parent=30280"}],"wp:term":[{"taxonomy":"product_brand","embeddable":true,"href":"https:\/\/generaldecontenedores.com\/pt\/wp-json\/wp\/v2\/product_brand?post=30280"},{"taxonomy":"product_cat","embeddable":true,"href":"https:\/\/generaldecontenedores.com\/pt\/wp-json\/wp\/v2\/product_cat?post=30280"},{"taxonomy":"product_tag","embeddable":true,"href":"https:\/\/generaldecontenedores.com\/pt\/wp-json\/wp\/v2\/product_tag?post=30280"}],"curies":[{"name":"wp","href":"https:\/\/api.w.org\/{rel}","templated":true}]}}